{"id":21029,"date":"2026-02-10T00:48:15","date_gmt":"2026-02-09T22:48:15","guid":{"rendered":"https:\/\/zbranebudai.sk\/?post_type=product&#038;p=21029"},"modified":"2026-02-21T16:53:24","modified_gmt":"2026-02-21T14:53:24","slug":"hikmicro-lynx-lh15-2-0-hokameras-monokular","status":"publish","type":"product","link":"https:\/\/zbranebudai.sk\/hu\/product\/hikmicro-lynx-lh15-2-0-termovizny-monokular\/","title":{"rendered":"Hikmicro LYNX LH15 2.0 h\u0151kamera keres\u0151"},"content":{"rendered":"<p><strong>Hikmicro LYNX LH15 2.0 h\u0151kamera keres\u0151<\/strong><\/p>\n<p><span style=\"font-weight: 400\">A HIKMICRO LYNX LH15 2.0 a vil\u00e1g legnagyobb biztons\u00e1gi kameragy\u00e1rt\u00f3ja, a HIKVISION Lynx sorozat\u00e1nak m\u00e1sodik gener\u00e1ci\u00f3s h\u0151kamera keres\u0151je. Az \u00faj kamera 12 mikronos \u00e9rz\u00e9kel\u0151vel \u00e9s 15 mm-es optik\u00e1val rendelkezik. Az \u00e9rz\u00e9kel\u00e9si t\u00e1vols\u00e1g 750 m\u00e9ter, a l\u00e1t\u00f3sz\u00f6g pedig 17,5 fok. A r\u00e9gi LH15 modellhez k\u00e9pest ez a sorozat a k\u00f6vetkez\u0151 fontos fejleszt\u00e9seket k\u00edn\u00e1lja:<\/span><\/p>\n<ul>\n<li style=\"font-weight: 400\"><span style=\"font-weight: 400\">A NETD&lt;20mK termopile nagyobb \u00e9rz\u00e9kenys\u00e9ge<\/span><\/li>\n<li style=\"font-weight: 400\"><span style=\"font-weight: 400\">Fejlettebb 0,39\u2033 OLED kijelz\u0151 1024\u00d7768 pixel felbont\u00e1ssal<\/span><\/li>\n<li style=\"font-weight: 400\"><span style=\"font-weight: 400\">Cser\u00e9lhet\u0151 \u00e9s \u00fajrat\u00f6lthet\u0151 akkumul\u00e1tor, amely a k\u00e9sz\u00fcl\u00e9kben felt\u00f6lthet\u0151<\/span><\/li>\n<li style=\"font-weight: 400\"><span style=\"font-weight: 400\">K\u00f6nnyebb s\u00faly, mind\u00f6ssze 272 gramm<\/span><\/li>\n<li style=\"font-weight: 400\"><span style=\"font-weight: 400\">Gyorsabb ind\u00edt\u00e1s<\/span><\/li>\n<li style=\"font-weight: 400\"><span style=\"font-weight: 400\">Automatikus kijelz\u0151 kikapcsol\u00e1s funkci\u00f3<\/span><\/li>\n<li style=\"font-weight: 400\"><span style=\"font-weight: 400\">\u00daj, k\u00f6nnyebben haszn\u00e1lhat\u00f3 gombok<\/span><\/li>\n<\/ul>\n<table>\n<tbody>\n<tr>\n<td colspan=\"2\"><b>F\u0151bb jellemz\u0151k<\/b><\/td>\n<\/tr>\n<tr>\n<td><span style=\"font-weight: 400\">Maxim\u00e1lis felbont\u00e1s<\/span><\/td>\n<td><span style=\"font-weight: 400\">384\u00d7288<\/span><\/td>\n<\/tr>\n<tr>\n<td><span style=\"font-weight: 400\">K\u00e9p vissza\u00e1ll\u00edt\u00e1sa<\/span><\/td>\n<td><span style=\"font-weight: 400\">50 Hz<\/span><\/td>\n<\/tr>\n<tr>\n<td><span style=\"font-weight: 400\">NETD<\/span><\/td>\n<td><span style=\"font-weight: 400\">Kevesebb mint 20 mK<\/span><\/td>\n<\/tr>\n<tr>\n<td><span style=\"font-weight: 400\">C\u00e9l<\/span><\/td>\n<td><span style=\"font-weight: 400\">15 mm, F1.0<\/span><\/td>\n<\/tr>\n<tr>\n<td><span style=\"font-weight: 400\">F\u00f3kusz m\u00f3d<\/span><\/td>\n<td><span style=\"font-weight: 400\">F\u00f3kusz\u00e1l\u00e1s n\u00e9lk\u00fcl<\/span><\/td>\n<\/tr>\n<tr>\n<td><span style=\"font-weight: 400\">L\u00e1t\u00f3sz\u00f6g<\/span><\/td>\n<td><span style=\"font-weight: 400\">17,5\u00b0\u00d713,1\u00b0<\/span><\/td>\n<\/tr>\n<tr>\n<td><span style=\"font-weight: 400\">Nagy\u00edt\u00e1s<\/span><\/td>\n<td><span style=\"font-weight: 400\">1,4x-11,2x (8x)<\/span><\/td>\n<\/tr>\n<tr>\n<td><span style=\"font-weight: 400\">Minim\u00e1lis f\u00f3kuszt\u00e1vols\u00e1g<\/span><\/td>\n<td><span style=\"font-weight: 400\">1,5 m<\/span><\/td>\n<\/tr>\n<tr>\n<td><span style=\"font-weight: 400\">\u00c9rz\u00e9kel\u00e9si t\u00e1vols\u00e1g<\/span><\/td>\n<td><span style=\"font-weight: 400\">750 m<\/span><\/td>\n<\/tr>\n<tr>\n<td colspan=\"2\"><b>Kijelz\u0151<\/b><\/td>\n<\/tr>\n<tr>\n<td><span style=\"font-weight: 400\">Maxim\u00e1lis felbont\u00e1s<\/span><\/td>\n<td><span style=\"font-weight: 400\">1024\u00d7768, 0,39 h\u00fcvelyk, OLED<\/span><\/td>\n<\/tr>\n<tr>\n<td><span style=\"font-weight: 400\">FFC \u00fczemm\u00f3d<\/span><\/td>\n<td><span style=\"font-weight: 400\">Automatikus, k\u00e9zi, k\u00fcls\u0151 korrekci\u00f3<\/span><\/td>\n<\/tr>\n<tr>\n<td><span style=\"font-weight: 400\">Kil\u00e9p\u0151 pupilla<\/span><\/td>\n<td><span style=\"font-weight: 400\">6 mm<\/span><\/td>\n<\/tr>\n<tr>\n<td><span style=\"font-weight: 400\">Szemek k\u00f6z\u00f6tti t\u00e1vols\u00e1g<\/span><\/td>\n<td><span style=\"font-weight: 400\">20 mm<\/span><\/td>\n<\/tr>\n<tr>\n<td><span style=\"font-weight: 400\">Dioptri\u00e1k be\u00e1ll\u00edt\u00e1sa<\/span><\/td>\n<td><span style=\"font-weight: 400\">-5D \u00e9s +3D k\u00f6z\u00f6tt<\/span><\/td>\n<\/tr>\n<tr>\n<td colspan=\"2\"><b>\u00c1ltal\u00e1nos<\/b><\/td>\n<\/tr>\n<tr>\n<td><span style=\"font-weight: 400\">Mechanikai v\u00e9delem<\/span><\/td>\n<td><span style=\"font-weight: 400\">IP67<\/span><\/td>\n<\/tr>\n<tr>\n<td><span style=\"font-weight: 400\">S\u00faly<\/span><\/td>\n<td><span style=\"font-weight: 400\">272 g<\/span><\/td>\n<\/tr>\n<tr>\n<td><span style=\"font-weight: 400\">M\u00e9retek<\/span><\/td>\n<td><span style=\"font-weight: 400\">164,0 mm \u00d7 56,0 mm \u00d7 60,8 mm<\/span><\/td>\n<\/tr>\n<tr>\n<td><span style=\"font-weight: 400\">\u00dczemi h\u0151m\u00e9rs\u00e9klet<\/span><\/td>\n<td><span style=\"font-weight: 400\">-30 \u00b0C \u00e9s +55 \u00b0C k\u00f6z\u00f6tt<\/span><\/td>\n<\/tr>\n<tr>\n<td><span style=\"font-weight: 400\">T\u00e1rol\u00e1s<\/span><\/td>\n<td><span style=\"font-weight: 400\">Be\u00e9p\u00edtett mem\u00f3riamodul (16 GB)<\/span><\/td>\n<\/tr>\n<tr>\n<td colspan=\"2\"><b>Teljes\u00edtm\u00e9ny<\/b><\/td>\n<\/tr>\n<tr>\n<td><span style=\"font-weight: 400\">Akkumul\u00e1tor<\/span><\/td>\n<td><span style=\"font-weight: 400\">Cser\u00e9lhet\u0151 \u00e9s \u00fajrat\u00f6lthet\u0151 l\u00edtium akkumul\u00e1tor<\/span><\/td>\n<\/tr>\n<tr>\n<td><span style=\"font-weight: 400\">M\u0171k\u00f6d\u00e9si id\u0151<\/span><\/td>\n<td><span style=\"font-weight: 400\">6,5 \u00f3ra (25 \u00b0C, Wi-Fi kikapcsolva)<\/span><\/td>\n<\/tr>\n<tr>\n<td><span style=\"font-weight: 400\">T\u00f6lt\u0151csatlakoz\u00f3<\/span><\/td>\n<td><span style=\"font-weight: 400\">5 V DC\/2 A, C t\u00edpus\u00a0<\/span><\/td>\n<\/tr>\n<\/tbody>\n<\/table>\n<p><a href=\"https:\/\/www.hikmicrotech.com\/en\/outdoor-products\/lynx-2-0-thermal-monocular\/\">https:\/\/www.hikmicrotech.com\/en\/outdoor-products\/lynx-2-0-thermal-monocular\/<\/a><\/p>","protected":false},"excerpt":{"rendered":"<ul>\n<li style=\"font-weight: 400\"><span style=\"font-weight: 400\">Nagy \u00e9rz\u00e9kenys\u00e9g\u0171 \u00e9rz\u00e9kel\u0151 384\u00d7288 pixeles felbont\u00e1ssal<\/span><\/li>\n<li style=\"font-weight: 400\"><span style=\"font-weight: 400\">A 15 mm-es objekt\u00edvnek \u00e9s az \u00faj 12 mikronos \u00e9rz\u00e9kel\u0151nek k\u00f6sz\u00f6nhet\u0151en ak\u00e1r 750 m\u00e9terr\u0151l is \u00e9rz\u00e9kelhet\u0151 az ember vagy a szarvas.<\/span><\/li>\n<li style=\"font-weight: 400\"><span style=\"font-weight: 400\">A l\u00e1t\u00f3mez\u0151 rendk\u00edv\u00fcl nagy, \u00e9s a 17,5 fokos l\u00e1t\u00f3sz\u00f6gnek k\u00f6sz\u00f6nhet\u0151en hatalmas ter\u00fcletet l\u00e1that egyszerre.<\/span><\/li>\n<li style=\"font-weight: 400\"><span style=\"font-weight: 400\">A kiv\u00e1l\u00f3 NETD-\u00e9rt\u00e9k (20 mk) biztos\u00edtja, hogy a k\u00e9p m\u00e9g k\u00f6dben \u00e9s es\u0151ben is tiszta \u00e9s kontrasztos legyen.<\/span><\/li>\n<li style=\"font-weight: 400\"><span style=\"font-weight: 400\">A 0,39 h\u00fcvelykes, 1024\u00d7768 pixeles felbont\u00e1s\u00fa OLED-kijelz\u0151 \u00e9les \u00e9s tiszta k\u00e9peket biztos\u00edt.<\/span><\/li>\n<li style=\"font-weight: 400\"><span style=\"font-weight: 400\">A be\u00e9p\u00edtett mem\u00f3ria kapacit\u00e1sa 16 GB.<\/span><\/li>\n<\/ul>","protected":false},"featured_media":21100,"template":"","meta":{"_gspb_post_css":""},"product_brand":[315],"product_cat":[21,144,327],"product_tag":[150,281,337],"class_list":{"0":"post-21029","1":"product","2":"type-product","3":"status-publish","4":"has-post-thumbnail","6":"product_brand-hikmicro","7":"product_cat-optika","8":"product_cat-termovizie","9":"product_cat-termovizne-monokulary","10":"product_tag-hikmicro","11":"product_tag-lynx","12":"product_tag-termovizny-monokular","14":"first","15":"instock","16":"sale","17":"taxable","18":"shipping-taxable","19":"purchasable","20":"product-type-simple"},"ct_brands":[{"id":315,"name":"Hikmicro","slug":"hikmicro"}],"_links":{"self":[{"href":"https:\/\/zbranebudai.sk\/hu\/wp-json\/wp\/v2\/product\/21029","targetHints":{"allow":["GET"]}}],"collection":[{"href":"https:\/\/zbranebudai.sk\/hu\/wp-json\/wp\/v2\/product"}],"about":[{"href":"https:\/\/zbranebudai.sk\/hu\/wp-json\/wp\/v2\/types\/product"}],"wp:featuredmedia":[{"embeddable":true,"href":"https:\/\/zbranebudai.sk\/hu\/wp-json\/wp\/v2\/media\/21100"}],"wp:attachment":[{"href":"https:\/\/zbranebudai.sk\/hu\/wp-json\/wp\/v2\/media?parent=21029"}],"wp:term":[{"taxonomy":"product_brand","embeddable":true,"href":"https:\/\/zbranebudai.sk\/hu\/wp-json\/wp\/v2\/product_brand?post=21029"},{"taxonomy":"product_cat","embeddable":true,"href":"https:\/\/zbranebudai.sk\/hu\/wp-json\/wp\/v2\/product_cat?post=21029"},{"taxonomy":"product_tag","embeddable":true,"href":"https:\/\/zbranebudai.sk\/hu\/wp-json\/wp\/v2\/product_tag?post=21029"}],"curies":[{"name":"wp","href":"https:\/\/api.w.org\/{rel}","templated":true}]}}