{"id":21028,"date":"2026-02-10T00:48:15","date_gmt":"2026-02-09T22:48:15","guid":{"rendered":"https:\/\/zbranebudai.sk\/?post_type=product&#038;p=21028"},"modified":"2026-02-21T16:45:55","modified_gmt":"2026-02-21T14:45:55","slug":"hikmicro-lynx-le15s-hokameras-monokular","status":"publish","type":"product","link":"https:\/\/zbranebudai.sk\/hu\/product\/hikmicro-lynx-le15s-termovizny-monokular\/","title":{"rendered":"Hikmicro LYNX LE15S h\u0151kamer\u00e1s monokul\u00e1r"},"content":{"rendered":"<p><strong>Hikmicro LYNX LE15S h\u0151kamer\u00e1s monokul\u00e1r<\/strong><\/p>\n<p><span style=\"font-weight: 400\">HIKMICRO LYNX Pro LE15S h\u0151kamer\u00e1s monokul\u00e1r a HIKVISION-t\u0151l, a vil\u00e1g legnagyobb biztons\u00e1gi kameragy\u00e1rt\u00f3j\u00e1t\u00f3l. Az \u00faj kamera 12 mikronos \u00e9rz\u00e9kel\u0151vel rendelkezik, 256\u00d7192 pixeles felbont\u00e1ssal \u00e9s 15 mm-es optik\u00e1val. Az \u00e9rz\u00e9kel\u00e9si t\u00e1vols\u00e1g 750 m\u00e9ter, a l\u00e1t\u00f3sz\u00f6g pedig 11,7 fok. Az \u00faj \u201eS\u201c modell v\u00e1ltoz\u00e1sai az el\u0151z\u0151, LE15-\u00f6s verzi\u00f3hoz k\u00e9pest:<\/span><\/p>\n<ul>\n<li style=\"font-weight: 400\"><span style=\"font-weight: 400\">Felfriss\u00edtett \u00e9s kib\u0151v\u00edtett felhaszn\u00e1l\u00f3i men\u00fc<\/span><\/li>\n<li style=\"font-weight: 400\"><span style=\"font-weight: 400\">\u00daj OLED kijelz\u0151 800\u00d7600 pixeles felbont\u00e1ssal<\/span><\/li>\n<li style=\"font-weight: 400\"><span style=\"font-weight: 400\">Rendk\u00edv\u00fcl hossz\u00fa \u00fczemid\u0151 (ak\u00e1r 8 \u00f3ra)<\/span><\/li>\n<\/ul>\n<table>\n<tbody>\n<tr>\n<td colspan=\"2\"><b>F\u0151bb jellemz\u0151k<\/b><\/td>\n<\/tr>\n<tr>\n<td><span style=\"font-weight: 400\">Maxim\u00e1lis felbont\u00e1s<\/span><\/td>\n<td><span style=\"font-weight: 400\">256 \u00d7 192<\/span><\/td>\n<\/tr>\n<tr>\n<td><span style=\"font-weight: 400\">K\u00e9p vissza\u00e1ll\u00edt\u00e1sa<\/span><\/td>\n<td><span style=\"font-weight: 400\">50 Hz<\/span><\/td>\n<\/tr>\n<tr>\n<td><span style=\"font-weight: 400\">NETD<\/span><\/td>\n<td><span style=\"font-weight: 400\">Kevesebb mint 35 mK<\/span><\/td>\n<\/tr>\n<tr>\n<td><span style=\"font-weight: 400\">C\u00e9l<\/span><\/td>\n<td><span style=\"font-weight: 400\">15 mm, f1.0<\/span><\/td>\n<\/tr>\n<tr>\n<td><span style=\"font-weight: 400\">F\u00f3kusz m\u00f3d<\/span><\/td>\n<td><span style=\"font-weight: 400\">F\u00f3kusz\u00e1l\u00e1s n\u00e9lk\u00fcl<\/span><\/td>\n<\/tr>\n<tr>\n<td><span style=\"font-weight: 400\">Minim\u00e1lis f\u00f3kuszt\u00e1vols\u00e1g<\/span><\/td>\n<td><span style=\"font-weight: 400\">10 m<\/span><\/td>\n<\/tr>\n<tr>\n<td><span style=\"font-weight: 400\">L\u00e1t\u00f3sz\u00f6g<\/span><\/td>\n<td><span style=\"font-weight: 400\">11,7\u00b0 \u00d7 8,8\u00b0 \/ 20,5 m \u00d7 15,4 m<\/span><\/td>\n<\/tr>\n<tr>\n<td><span style=\"font-weight: 400\">Nagy\u00edt\u00e1s<\/span><\/td>\n<td><span style=\"font-weight: 400\">2,2x-17,6x(8x)<\/span><\/td>\n<\/tr>\n<tr>\n<td><span style=\"font-weight: 400\">\u00c9rz\u00e9kel\u00e9si t\u00e1vols\u00e1g<\/span><\/td>\n<td><span style=\"font-weight: 400\">750 m<\/span><\/td>\n<\/tr>\n<tr>\n<td colspan=\"2\"><b>A  megtekint\u00e9se<\/b><\/td>\n<\/tr>\n<tr>\n<td><span style=\"font-weight: 400\">Maxim\u00e1lis felbont\u00e1s<\/span><\/td>\n<td><span style=\"font-weight: 400\">800 \u00d7 600, 0,32 h\u00fcvelyk, OLED<\/span><\/td>\n<\/tr>\n<tr>\n<td><span style=\"font-weight: 400\">FFC \u00fczemm\u00f3d<\/span><\/td>\n<td><span style=\"font-weight: 400\">Automatikus, k\u00e9zi, k\u00fcls\u0151 korrekci\u00f3<\/span><\/td>\n<\/tr>\n<tr>\n<td><span style=\"font-weight: 400\">Kil\u00e9p\u0151 pupilla<\/span><\/td>\n<td><span style=\"font-weight: 400\">20 mm<\/span><\/td>\n<\/tr>\n<tr>\n<td><span style=\"font-weight: 400\">Szemek k\u00f6z\u00f6tti t\u00e1vols\u00e1g<\/span><\/td>\n<td><span style=\"font-weight: 400\">6 mm<\/span><\/td>\n<\/tr>\n<tr>\n<td><span style=\"font-weight: 400\">Dioptri\u00e1k be\u00e1ll\u00edt\u00e1sa<\/span><\/td>\n<td><span style=\"font-weight: 400\">-5D \u00e9s +4D k\u00f6z\u00f6tt<\/span><\/td>\n<\/tr>\n<tr>\n<td colspan=\"2\"><b>\u00c1ltal\u00e1nos<\/b><\/td>\n<\/tr>\n<tr>\n<td><span style=\"font-weight: 400\">Mechanikai v\u00e9delem<\/span><\/td>\n<td><span style=\"font-weight: 400\">IP67<\/span><\/td>\n<\/tr>\n<tr>\n<td><span style=\"font-weight: 400\">S\u00faly<\/span><\/td>\n<td><span style=\"font-weight: 400\">280 g<\/span><\/td>\n<\/tr>\n<tr>\n<td><span style=\"font-weight: 400\">M\u00e9retek<\/span><\/td>\n<td><span style=\"font-weight: 400\">158,3 mm \u00d7 61 mm \u00d7 57 mm<\/span><\/td>\n<\/tr>\n<tr>\n<td><span style=\"font-weight: 400\">\u00dczemi h\u0151m\u00e9rs\u00e9klet<\/span><\/td>\n<td><span style=\"font-weight: 400\">-20 \u00b0C \u00e9s +55 \u00b0C k\u00f6z\u00f6tt<\/span><\/td>\n<\/tr>\n<tr>\n<td colspan=\"2\"><b>Rendszer<\/b><\/td>\n<\/tr>\n<tr>\n<td><span style=\"font-weight: 400\">K\u00e9pek r\u00f6gz\u00edt\u00e9se<\/span><\/td>\n<td><span style=\"font-weight: 400\">Igen<\/span><\/td>\n<\/tr>\n<tr>\n<td><span style=\"font-weight: 400\">Hotspot<\/span><\/td>\n<td><span style=\"font-weight: 400\">Igen<\/span><\/td>\n<\/tr>\n<tr>\n<td><span style=\"font-weight: 400\">T\u00e1vols\u00e1gm\u00e9r\u00e9s<\/span><\/td>\n<td><span style=\"font-weight: 400\">Igen<\/span><\/td>\n<\/tr>\n<tr>\n<td><span style=\"font-weight: 400\">K\u00e9szenl\u00e9ti \u00fczemm\u00f3d<\/span><\/td>\n<td><span style=\"font-weight: 400\">Igen<\/span><\/td>\n<\/tr>\n<tr>\n<td><span style=\"font-weight: 400\">T\u00e1rol\u00e1s<\/span><\/td>\n<td><span style=\"font-weight: 400\">Be\u00e9p\u00edtett mem\u00f3riamodul (8 GB)<\/span><\/td>\n<\/tr>\n<tr>\n<td><span style=\"font-weight: 400\">Hangfelv\u00e9tel<\/span><\/td>\n<td><span style=\"font-weight: 400\">Igen<\/span><\/td>\n<\/tr>\n<tr>\n<td colspan=\"2\"><b>Teljes\u00edtm\u00e9ny<\/b><\/td>\n<\/tr>\n<tr>\n<td><span style=\"font-weight: 400\">Akkumul\u00e1tor<\/span><\/td>\n<td><span style=\"font-weight: 400\">\u00dajrat\u00f6lthet\u0151 l\u00edtium akkumul\u00e1tor<\/span><\/td>\n<\/tr>\n<tr>\n<td><span style=\"font-weight: 400\">M\u0171k\u00f6d\u00e9si id\u0151<\/span><\/td>\n<td><span style=\"font-weight: 400\">8 \u00f3ra (25 \u00b0C, Wi-Fi kikapcsolva)<\/span><\/td>\n<\/tr>\n<tr>\n<td><span style=\"font-weight: 400\">T\u00f6lt\u0151csatlakoz\u00f3<\/span><\/td>\n<td><span style=\"font-weight: 400\">5 V DC\/2 A, C t\u00edpus\u00a0<\/span><\/td>\n<\/tr>\n<\/tbody>\n<\/table>\n<p><a href=\"https:\/\/www.hikmicrotech.com\/en\/outdoor-products\/lynx-s-thermal-monocular\/\">https:\/\/www.hikmicrotech.com\/en\/outdoor-products\/lynx-s-thermal-monocular\/<\/a><\/p>","protected":false},"excerpt":{"rendered":"<ul>\n<li style=\"font-weight: 400\"><span style=\"font-weight: 400\">A 15 mm-es objekt\u00edvnek \u00e9s az \u00faj, 12 mikronos \u00e9rz\u00e9kel\u0151nek k\u00f6sz\u00f6nhet\u0151en ak\u00e1r 750 m\u00e9terr\u0151l is k\u00e9pes felismerni egy emberi alakot vagy egy \u0151zet.<\/span><\/li>\n<li style=\"font-weight: 400\"><span style=\"font-weight: 400\">A 11,7\u00b0-os l\u00e1t\u00f3mez\u0151 lehet\u0151v\u00e9 teszi, hogy egyszerre nagy ter\u00fcletet l\u00e1sson.<\/span><\/li>\n<li style=\"font-weight: 400\"><span style=\"font-weight: 400\">A kiv\u00e1l\u00f3 NETD-\u00e9rt\u00e9k (35 mK) biztos\u00edtja, hogy a k\u00e9p m\u00e9g k\u00f6dben \u00e9s es\u0151ben is vil\u00e1gos \u00e9s kontrasztos legyen.<\/span><\/li>\n<li style=\"font-weight: 400\"><span style=\"font-weight: 400\">A be\u00e9p\u00edtett mem\u00f3ria kapacit\u00e1sa 8 GB, \u00edgy ak\u00e1r nagyon hossz\u00fa videofelv\u00e9telek is t\u00e1rolhat\u00f3k a k\u00e9sz\u00fcl\u00e9ken.<\/span><\/li>\n<li style=\"font-weight: 400\"><span style=\"font-weight: 400\">A k\u00e9pfriss\u00edt\u00e9si frekvencia 50 Hz, \u00edgy az \u00e9l\u00e9nk k\u00e9p val\u00f3ban \u00e9l\u00e9nk.<\/span><\/li>\n<\/ul>","protected":false},"featured_media":21096,"template":"","meta":{"_gspb_post_css":""},"product_brand":[315],"product_cat":[21,144,327],"product_tag":[150,281,337],"class_list":{"0":"post-21028","1":"product","2":"type-product","3":"status-publish","4":"has-post-thumbnail","6":"product_brand-hikmicro","7":"product_cat-optika","8":"product_cat-termovizie","9":"product_cat-termovizne-monokulary","10":"product_tag-hikmicro","11":"product_tag-lynx","12":"product_tag-termovizny-monokular","14":"first","15":"instock","16":"sale","17":"taxable","18":"shipping-taxable","19":"purchasable","20":"product-type-simple"},"ct_brands":[{"id":315,"name":"Hikmicro","slug":"hikmicro"}],"_links":{"self":[{"href":"https:\/\/zbranebudai.sk\/hu\/wp-json\/wp\/v2\/product\/21028","targetHints":{"allow":["GET"]}}],"collection":[{"href":"https:\/\/zbranebudai.sk\/hu\/wp-json\/wp\/v2\/product"}],"about":[{"href":"https:\/\/zbranebudai.sk\/hu\/wp-json\/wp\/v2\/types\/product"}],"wp:featuredmedia":[{"embeddable":true,"href":"https:\/\/zbranebudai.sk\/hu\/wp-json\/wp\/v2\/media\/21096"}],"wp:attachment":[{"href":"https:\/\/zbranebudai.sk\/hu\/wp-json\/wp\/v2\/media?parent=21028"}],"wp:term":[{"taxonomy":"product_brand","embeddable":true,"href":"https:\/\/zbranebudai.sk\/hu\/wp-json\/wp\/v2\/product_brand?post=21028"},{"taxonomy":"product_cat","embeddable":true,"href":"https:\/\/zbranebudai.sk\/hu\/wp-json\/wp\/v2\/product_cat?post=21028"},{"taxonomy":"product_tag","embeddable":true,"href":"https:\/\/zbranebudai.sk\/hu\/wp-json\/wp\/v2\/product_tag?post=21028"}],"curies":[{"name":"wp","href":"https:\/\/api.w.org\/{rel}","templated":true}]}}