{"id":21025,"date":"2026-02-10T00:48:15","date_gmt":"2026-02-09T22:48:15","guid":{"rendered":"https:\/\/zbranebudai.sk\/?post_type=product&#038;p=21025"},"modified":"2026-02-21T12:27:49","modified_gmt":"2026-02-21T10:27:49","slug":"hikmicro-falcon-fq50-hokameras-monokular","status":"publish","type":"product","link":"https:\/\/zbranebudai.sk\/hu\/product\/hikmicro-falcon-fq50-termovizny-monokular\/","title":{"rendered":"Hikmicro FALCON FQ50 h\u0151kamera keres\u0151"},"content":{"rendered":"<p><strong>Hikmicro FALCON FQ50 h\u0151kamera keres\u0151<\/strong><\/p>\n<p><b>Falcon FQ50<\/b><span style=\"font-weight: 400\"> a Hikmicro sorozat els\u0151 modellje <\/span><b>Falcon<\/b><span style=\"font-weight: 400\">, a berendez\u00e9sek \u00faj gener\u00e1ci\u00f3ja. <\/span><b>FQ50<\/b><span style=\"font-weight: 400\"> egy modell <\/span><b>nagy felbont\u00e1s<\/b> <span style=\"font-weight: 400\">\u00e9s egy felbont\u00e1s\u00fa \u00e9rz\u00e9kel\u0151<\/span> <b>640\u00d7512<\/b><span style=\"font-weight: 400\"> pixelek. Ezzel a sorozattal bel\u00e9pt\u00fcnk a <\/span><b>&lt;20 mK NETD<\/b><span style=\"font-weight: 400\">, a h\u0151\u00e9rz\u00e9kenys\u00e9g tekintet\u00e9ben, lehet\u0151v\u00e9 t\u00e9ve a legkisebb h\u0151m\u00e9rs\u00e9klet-k\u00fcl\u00f6nbs\u00e9gek \u00e9rz\u00e9kel\u00e9s\u00e9t is, m\u00e9g kedvez\u0151tlen id\u0151j\u00e1r\u00e1si k\u00f6r\u00fclm\u00e9nyek k\u00f6z\u00f6tt is. Az \u00e9rz\u00e9kel\u0151<\/span> <b>12 mikron<\/b><span style=\"font-weight: 400\"> verzi\u00f3<\/span> <b>VOx<\/b><span style=\"font-weight: 400\">. \u00dajonnan kifejlesztett k\u00e9poptimaliz\u00e1l\u00f3 szoftverrel kombin\u00e1lva<\/span><b> Image Pro<\/b> <span style=\"font-weight: 400\">A Hikmicro forradalmi Falcon sorozat\u00fa \u00e9rz\u00e9kel\u0151je teljes m\u00e9rt\u00e9kben kihaszn\u00e1lja er\u0151ss\u00e9geit, hogy a n\u00e9z\u0151 sz\u00e1m\u00e1ra nagy kontraszt\u00fa, \u00e9les k\u00e9pet ny\u00fajtson, p\u00e9ld\u00e1tlan r\u00e9szletess\u00e9ggel \u00e9s m\u00e9lys\u00e9ggel.<\/span><\/p>\n<table>\n<tbody>\n<tr>\n<td colspan=\"2\"><b>F\u0151bb jellemz\u0151k<\/b><\/td>\n<\/tr>\n<tr>\n<td><span style=\"font-weight: 400\">Maxim\u00e1lis felbont\u00e1s<\/span><\/td>\n<td><span style=\"font-weight: 400\">640\u00d7512<\/span><\/td>\n<\/tr>\n<tr>\n<td><span style=\"font-weight: 400\">K\u00e9p vissza\u00e1ll\u00edt\u00e1sa<\/span><\/td>\n<td><span style=\"font-weight: 400\">50 Hz<\/span><\/td>\n<\/tr>\n<tr>\n<td><span style=\"font-weight: 400\">C\u00e9l<\/span><\/td>\n<td><span style=\"font-weight: 400\">50 mm, F0.9<\/span><\/td>\n<\/tr>\n<tr>\n<td><span style=\"font-weight: 400\">Minim\u00e1lis f\u00f3kuszt\u00e1vols\u00e1g<\/span><\/td>\n<td><span style=\"font-weight: 400\">0,05 m<\/span><\/td>\n<\/tr>\n<tr>\n<td><span style=\"font-weight: 400\">L\u00e1t\u00f3sz\u00f6g<\/span><\/td>\n<td><span style=\"font-weight: 400\">8,8\u00b0 \u00d7 7,0\u00b0\/15,4 m \u00d7 12,2 m<\/span><\/td>\n<\/tr>\n<tr>\n<td><span style=\"font-weight: 400\">Nagy\u00edt\u00e1s<\/span><\/td>\n<td><span style=\"font-weight: 400\">2,6\u00d7-20,8x (8x)<\/span><\/td>\n<\/tr>\n<tr>\n<td><span style=\"font-weight: 400\">\u00c9rz\u00e9kel\u00e9si t\u00e1vols\u00e1g<\/span><\/td>\n<td><span style=\"font-weight: 400\">2600 m<\/span><\/td>\n<\/tr>\n<tr>\n<td colspan=\"2\"><b>Kijelz\u0151<\/b><\/td>\n<\/tr>\n<tr>\n<td><span style=\"font-weight: 400\">Felbont\u00e1s<\/span><\/td>\n<td><span style=\"font-weight: 400\">1024\u00d7768, 0,39 h\u00fcvelyk, OLED<\/span><\/td>\n<\/tr>\n<tr>\n<td><span style=\"font-weight: 400\">Kil\u00e9p\u0151 pupilla<\/span><\/td>\n<td><span style=\"font-weight: 400\">4 mm<\/span><\/td>\n<\/tr>\n<tr>\n<td><span style=\"font-weight: 400\">Szemek k\u00f6z\u00f6tti t\u00e1vols\u00e1g<\/span><\/td>\n<td><span style=\"font-weight: 400\">15 mm<\/span><\/td>\n<\/tr>\n<tr>\n<td><span style=\"font-weight: 400\">Dioptri\u00e1k be\u00e1ll\u00edt\u00e1sa<\/span><\/td>\n<td><span style=\"font-weight: 400\">-5D \u00e9s +3D k\u00f6z\u00f6tt<\/span><\/td>\n<\/tr>\n<tr>\n<td><span style=\"font-weight: 400\">Image Pro<\/span><\/td>\n<td><span style=\"font-weight: 400\">Igen<\/span><\/td>\n<\/tr>\n<tr>\n<td colspan=\"2\"><b>\u00c1ltal\u00e1nos<\/b><\/td>\n<\/tr>\n<tr>\n<td><span style=\"font-weight: 400\">Mechanikai v\u00e9delem<\/span><\/td>\n<td><span style=\"font-weight: 400\">IP67<\/span><\/td>\n<\/tr>\n<tr>\n<td><span style=\"font-weight: 400\">S\u00faly<\/span><\/td>\n<td><span style=\"font-weight: 400\">586 g elemek n\u00e9lk\u00fcl<\/span><\/td>\n<\/tr>\n<tr>\n<td><span style=\"font-weight: 400\">M\u00e9retek<\/span><\/td>\n<td><span style=\"font-weight: 400\">206,5 mm x 80,2 mm x 68,2 mm<\/span><\/td>\n<\/tr>\n<tr>\n<td><span style=\"font-weight: 400\">\u00dczemi h\u0151m\u00e9rs\u00e9klet<\/span><\/td>\n<td><span style=\"font-weight: 400\">-30 \u00b0C \u00e9s +55 \u00b0C k\u00f6z\u00f6tt<\/span><\/td>\n<\/tr>\n<tr>\n<td colspan=\"2\"><b>Rendszer<\/b><\/td>\n<\/tr>\n<tr>\n<td><span style=\"font-weight: 400\">K\u00e9pek r\u00f6gz\u00edt\u00e9se<\/span><\/td>\n<td><span style=\"font-weight: 400\">Igen<\/span><\/td>\n<\/tr>\n<tr>\n<td><span style=\"font-weight: 400\">K\u00e9szenl\u00e9ti \u00fczemm\u00f3d<\/span><\/td>\n<td><span style=\"font-weight: 400\">Igen<\/span><\/td>\n<\/tr>\n<tr>\n<td><span style=\"font-weight: 400\">T\u00e1rol\u00e1s<\/span><\/td>\n<td><span style=\"font-weight: 400\">64 GB<\/span><\/td>\n<\/tr>\n<tr>\n<td><span style=\"font-weight: 400\">Hangfelv\u00e9tel<\/span><\/td>\n<td><span style=\"font-weight: 400\">Igen<\/span><\/td>\n<\/tr>\n<tr>\n<td><span style=\"font-weight: 400\">Hotspot<\/span><\/td>\n<td><span style=\"font-weight: 400\">Igen<\/span><\/td>\n<\/tr>\n<tr>\n<td><span style=\"font-weight: 400\">T\u00e1vols\u00e1gm\u00e9r\u00e9s<\/span><\/td>\n<td><span style=\"font-weight: 400\">Igen<\/span><\/td>\n<\/tr>\n<tr>\n<td colspan=\"2\"><b>Teljes\u00edtm\u00e9ny<\/b><\/td>\n<\/tr>\n<tr>\n<td><span style=\"font-weight: 400\">Akkumul\u00e1tor<\/span><\/td>\n<td><span style=\"font-weight: 400\">Cser\u00e9lhet\u0151 \u00e9s \u00fajrat\u00f6lthet\u0151 akkumul\u00e1tor, l\u00edtium akkumul\u00e1tor<\/span><\/td>\n<\/tr>\n<tr>\n<td><span style=\"font-weight: 400\">M\u0171k\u00f6d\u00e9si id\u0151<\/span><\/td>\n<td><span style=\"font-weight: 400\">\u22655 \u00f3ra (25 \u00b0C, Wi-Fi kikapcsolva)<\/span><\/td>\n<\/tr>\n<tr>\n<td><span style=\"font-weight: 400\">T\u00f6lt\u0151csatlakoz\u00f3<\/span><\/td>\n<td><span style=\"font-weight: 400\">5 V DC, 2 A, C t\u00edpus\u00a0<\/span><\/td>\n<\/tr>\n<\/tbody>\n<\/table>\n<p><a href=\"https:\/\/www.hikmicrotech.com\/en\/outdoor-products\/falcon-series-monocular\/\">https:\/\/www.hikmicrotech.com\/en\/outdoor-products\/falcon-series-monocular\/<\/a><\/p>","protected":false},"excerpt":{"rendered":"<ul>\n<li style=\"font-weight: 400\"><span style=\"font-weight: 400\">50 mm-es objekt\u00edv, amely a Falcon csal\u00e1d legr\u00e9szletesebb, legnagyobb felbont\u00e1s\u00fa k\u00e9peit ny\u00fajtja.<\/span><\/li>\n<li style=\"font-weight: 400\"><span style=\"font-weight: 400\">\u00c9rz\u00e9kel\u00e9si t\u00e1vols\u00e1g 2600 m<\/span><\/li>\n<li style=\"font-weight: 400\"><span style=\"font-weight: 400\">640 x 512 felbont\u00e1s 12\u03bcm-es \u00e9rz\u00e9kel\u0151vel\u00a0<\/span><\/li>\n<li style=\"font-weight: 400\"><span style=\"font-weight: 400\">Magas h\u0151m\u00e9rs\u00e9klet-\u00e9rz\u00e9keny modul NETD &lt; 20 mK (@25 \u00b0C, F# = 1,0)\u00a0<\/span><\/li>\n<li style=\"font-weight: 400\"><span style=\"font-weight: 400\">Cser\u00e9lhet\u0151 \u00e9s \u00fajrat\u00f6lthet\u0151 Li-ion akkumul\u00e1tor\u00a0<\/span><\/li>\n<li style=\"font-weight: 400\"><span style=\"font-weight: 400\">Legkorszer\u0171bb h\u0151k\u00e9p-feldolgoz\u00e1si technol\u00f3gia: Image Pro\u00a0<\/span><\/li>\n<li style=\"font-weight: 400\"><span style=\"font-weight: 400\">1024 x 768 felbont\u00e1s, 0,39 h\u00fcvelykes OLED kijelz\u0151<\/span><\/li>\n<\/ul>","protected":false},"featured_media":21073,"template":"","meta":{"_gspb_post_css":""},"product_brand":[315],"product_cat":[21,144,327],"product_tag":[338,150,337],"class_list":{"0":"post-21025","1":"product","2":"type-product","3":"status-publish","4":"has-post-thumbnail","6":"product_brand-hikmicro","7":"product_cat-optika","8":"product_cat-termovizie","9":"product_cat-termovizne-monokulary","10":"product_tag-falcon","11":"product_tag-hikmicro","12":"product_tag-termovizny-monokular","14":"first","15":"outofstock","16":"sale","17":"taxable","18":"shipping-taxable","19":"purchasable","20":"product-type-simple"},"ct_brands":[{"id":315,"name":"Hikmicro","slug":"hikmicro"}],"_links":{"self":[{"href":"https:\/\/zbranebudai.sk\/hu\/wp-json\/wp\/v2\/product\/21025","targetHints":{"allow":["GET"]}}],"collection":[{"href":"https:\/\/zbranebudai.sk\/hu\/wp-json\/wp\/v2\/product"}],"about":[{"href":"https:\/\/zbranebudai.sk\/hu\/wp-json\/wp\/v2\/types\/product"}],"wp:featuredmedia":[{"embeddable":true,"href":"https:\/\/zbranebudai.sk\/hu\/wp-json\/wp\/v2\/media\/21073"}],"wp:attachment":[{"href":"https:\/\/zbranebudai.sk\/hu\/wp-json\/wp\/v2\/media?parent=21025"}],"wp:term":[{"taxonomy":"product_brand","embeddable":true,"href":"https:\/\/zbranebudai.sk\/hu\/wp-json\/wp\/v2\/product_brand?post=21025"},{"taxonomy":"product_cat","embeddable":true,"href":"https:\/\/zbranebudai.sk\/hu\/wp-json\/wp\/v2\/product_cat?post=21025"},{"taxonomy":"product_tag","embeddable":true,"href":"https:\/\/zbranebudai.sk\/hu\/wp-json\/wp\/v2\/product_tag?post=21025"}],"curies":[{"name":"wp","href":"https:\/\/api.w.org\/{rel}","templated":true}]}}