{"id":21022,"date":"2026-02-10T00:48:15","date_gmt":"2026-02-09T22:48:15","guid":{"rendered":"https:\/\/zbranebudai.sk\/?post_type=product&#038;p=21022"},"modified":"2026-02-26T16:41:58","modified_gmt":"2026-02-26T14:41:58","slug":"hikmicro-stellar-sq50-hokameras-tavcso","status":"publish","type":"product","link":"https:\/\/zbranebudai.sk\/hu\/product\/hikmicro-stellar-sq50-termovizny-puskohlad\/","title":{"rendered":"Hikmicro STELLAR SQ50 h\u0151kamera c\u00e9lt\u00e1vcs\u0151"},"content":{"rendered":"<p><strong>Hikmicro STELLAR SQ50 h\u0151kamera c\u00e9lt\u00e1vcs\u0151<\/strong><\/p>\n<p><span style=\"font-weight: 400\">H\u0151kamera c\u00e9lt\u00e1vcs\u00f6vek <\/span><b>Hikmicro Stellar SQ<\/b> <span style=\"font-weight: 400\">saj\u00e1t fejleszt\u00e9s\u0171, a Hikvision tulajdon\u00e1ban l\u00e9v\u0151,<\/span> <b>640\u00d7512<\/b><span style=\"font-weight: 400\"> pixeles felbont\u00e1s\u00fa szenzorral vannak felszerelve. A SQ50 modell objekt\u00edvvel-<\/span> <b>50 mm<\/b><span style=\"font-weight: 400\">l\u00e1t\u00f3mez\u0151vel <\/span><b>8,8\u00b0<\/b> <span style=\"font-weight: 400\">a<\/span> <b>\u00e9s 2,31\u00d7<\/b> <span style=\"font-weight: 400\">optikai nagy\u00edt\u00e1ssal rendelkezik. A maxim\u00e1lis nagy\u00edt\u00e1s 18\u00d7, 8\u00d7 digit\u00e1lis zoommal. Az \u00e9szlel\u00e9si t\u00e1vols\u00e1g ak\u00e1r <\/span><b>2600 m<\/b><span style=\"font-weight: 400\">.<\/span><\/p>\n<table>\n<tbody>\n<tr>\n<td colspan=\"2\"><b>F\u0151bb jellemz\u0151k<\/b><\/td>\n<\/tr>\n<tr>\n<td><span style=\"font-weight: 400\">Maxim\u00e1lis felbont\u00e1s<\/span><\/td>\n<td><span style=\"font-weight: 400\">640 \u00d7 512<\/span><\/td>\n<\/tr>\n<tr>\n<td><span style=\"font-weight: 400\">K\u00e9p vissza\u00e1ll\u00edt\u00e1sa<\/span><\/td>\n<td><span style=\"font-weight: 400\">50 Hz<\/span><\/td>\n<\/tr>\n<tr>\n<td>Objekt\u00edv<\/td>\n<td><span style=\"font-weight: 400\">50 mm, F1.0<\/span><\/td>\n<\/tr>\n<tr>\n<td><span style=\"font-weight: 400\">\u00c9rz\u00e9kel\u00e9si t\u00e1vols\u00e1g<\/span><\/td>\n<td><span style=\"font-weight: 400\">2600 m<\/span><\/td>\n<\/tr>\n<tr>\n<td><span style=\"font-weight: 400\">L\u00e1t\u00f3mez\u0151<\/span><\/td>\n<td><span style=\"font-weight: 400\">8,8\u00b0 x 7,0\u00b0\/15,4 m x 12,3 m<\/span><\/td>\n<\/tr>\n<tr>\n<td><span style=\"font-weight: 400\">F\u00f3kusz<\/span><\/td>\n<td><span style=\"font-weight: 400\">5 m<\/span><\/td>\n<\/tr>\n<tr>\n<td><span style=\"font-weight: 400\">Nagy\u00edt\u00e1s<\/span><\/td>\n<td><span style=\"font-weight: 400\">2,3\u00d7-18,4x (8x)<\/span><\/td>\n<\/tr>\n<tr>\n<td colspan=\"2\"><b>Kijelz\u0151<\/b><\/td>\n<\/tr>\n<tr>\n<td><span style=\"font-weight: 400\">Felbont\u00e1s<\/span><\/td>\n<td><span style=\"font-weight: 400\">1024\u00d7768, 0,39 h\u00fcvelyk, OLED<\/span><\/td>\n<\/tr>\n<tr>\n<td><span style=\"font-weight: 400\">Alap\u00e9rtelmezett sz\u00ednpalett\u00e1k<\/span><\/td>\n<td><span style=\"font-weight: 400\">Feh\u00e9r kiemel\u00e9s, fekete kiemel\u00e9s, piros kiemel\u00e9s, f\u00fazi\u00f3<\/span><\/td>\n<\/tr>\n<tr>\n<td><span style=\"font-weight: 400\">Kil\u00e9p\u0151 pupilla<\/span><\/td>\n<td><span style=\"font-weight: 400\">5 mm<\/span><\/td>\n<\/tr>\n<tr>\n<td><span style=\"font-weight: 400\">Szemek k\u00f6z\u00f6tti t\u00e1vols\u00e1g<\/span><\/td>\n<td><span style=\"font-weight: 400\">60 mm<\/span><\/td>\n<\/tr>\n<tr>\n<td><span style=\"font-weight: 400\">Dioptri\u00e1k be\u00e1ll\u00edt\u00e1sa<\/span><\/td>\n<td><span style=\"font-weight: 400\">-5D \u00e9s 5D k\u00f6z\u00f6tt<\/span><\/td>\n<\/tr>\n<tr>\n<td colspan=\"2\"><b>\u00c1ltal\u00e1nos<\/b><\/td>\n<\/tr>\n<tr>\n<td><span style=\"font-weight: 400\">Mechanikai v\u00e9delem<\/span><\/td>\n<td><span style=\"font-weight: 400\">IP67<\/span><\/td>\n<\/tr>\n<tr>\n<td><span style=\"font-weight: 400\">S\u00faly<\/span><\/td>\n<td><span style=\"font-weight: 400\">970 g okul\u00e1r \u00e9s CR123A elem n\u00e9lk\u00fcl<\/span><\/td>\n<\/tr>\n<tr>\n<td><span style=\"font-weight: 400\">M\u00e9retek<\/span><\/td>\n<td><span style=\"font-weight: 400\">420 mm \u00d7 78,1 mm \u00d7 82 mm<\/span><\/td>\n<\/tr>\n<tr>\n<td><span style=\"font-weight: 400\">\u00dczemi h\u0151m\u00e9rs\u00e9klet<\/span><\/td>\n<td><span style=\"font-weight: 400\">-30 \u00b0C \u00e9s +55 \u00b0C k\u00f6z\u00f6tt<\/span><\/td>\n<\/tr>\n<tr>\n<td><span style=\"font-weight: 400\">T\u00e1rol\u00e1s<\/span><\/td>\n<td><span style=\"font-weight: 400\">Be\u00e9p\u00edtett EMMC (64 GB)<\/span><\/td>\n<\/tr>\n<tr>\n<td colspan=\"2\"><b>Teljes\u00edtm\u00e9ny<\/b><\/td>\n<\/tr>\n<tr>\n<td><span style=\"font-weight: 400\">Akkumul\u00e1tor<\/span><\/td>\n<td><span style=\"font-weight: 400\">K\u00e9t \u00fajrat\u00f6lthet\u0151 l\u00edtium elem (be\u00e9p\u00edtett) \u00e9s egy cser\u00e9lhet\u0151 CR123A elem (k\u00fcls\u0151)<\/span><\/td>\n<\/tr>\n<tr>\n<td><span style=\"font-weight: 400\">M\u0171k\u00f6d\u00e9si id\u0151<\/span><\/td>\n<td><span style=\"font-weight: 400\">13 \u00f3ra folyamatos haszn\u00e1lat (25 \u00b0C-on, Wi-Fi kikapcsolva)<\/span><\/td>\n<\/tr>\n<tr>\n<td><span style=\"font-weight: 400\">Az akkumul\u00e1tor kapacit\u00e1s\u00e1nak kijelz\u00e9se<\/span><\/td>\n<td><span style=\"font-weight: 400\">Igen<\/span><\/td>\n<\/tr>\n<tr>\n<td><span style=\"font-weight: 400\">T\u00falterhel\u00e9s elleni v\u00e9delem<\/span><\/td>\n<td><span style=\"font-weight: 400\">Igen<\/span><\/td>\n<\/tr>\n<tr>\n<td><span style=\"font-weight: 400\">T\u00f6lt\u0151csatlakoz\u00f3<\/span><\/td>\n<td><span style=\"font-weight: 400\">5 V DC\/2 A, USB Type-C<\/span><\/td>\n<\/tr>\n<\/tbody>\n<\/table>\n<p><a href=\"https:\/\/www.hikmicrotech.com\/en\/outdoor-products\/stellar-series-thermal-scope\/\">https:\/\/www.hikmicrotech.com\/en\/outdoor-products\/stellar-series-thermal-scope\/<\/a><\/p>","protected":false},"excerpt":{"rendered":"<ul>\n<li style=\"font-weight: 400\"><span style=\"font-weight: 400\">Felbont\u00e1s: 640 \u00d7 512<\/span><\/li>\n<li style=\"font-weight: 400\"><span style=\"font-weight: 400\">Felbont\u00e1s: 1024 \u00d7 768, 0,39 h\u00fcvelykes OLED kijelz\u0151<\/span><\/li>\n<li style=\"font-weight: 400\"><span style=\"font-weight: 400\">\u00c9rz\u00e9kel\u00e9si t\u00e1vols\u00e1g 2600 m<\/span><\/li>\n<li style=\"font-weight: 400\"><span style=\"font-weight: 400\">K\u00e9t t\u00f6lthet\u0151 l\u00edtium akkumul\u00e1tor \u00e9s egy cser\u00e9lhet\u0151 akkumul\u00e1tor<\/span><\/li>\n<li style=\"font-weight: 400\">50 mm-es optika, 8,8\u00b0 l\u00e1t\u00f3mez\u0151<\/li>\n<\/ul>","protected":false},"featured_media":21057,"template":"","meta":{"_gspb_post_css":""},"product_brand":[315],"product_cat":[21,144,329],"product_tag":[150,267,362],"class_list":{"0":"post-21022","1":"product","2":"type-product","3":"status-publish","4":"has-post-thumbnail","6":"product_brand-hikmicro","7":"product_cat-optika","8":"product_cat-termovizie","9":"product_cat-termovizne-puskohlady","10":"product_tag-hikmicro","11":"product_tag-stellar","12":"product_tag-termovizny-puskohlad","14":"first","15":"outofstock","16":"sale","17":"taxable","18":"shipping-taxable","19":"purchasable","20":"product-type-simple"},"ct_brands":[{"id":315,"name":"Hikmicro","slug":"hikmicro"}],"_links":{"self":[{"href":"https:\/\/zbranebudai.sk\/hu\/wp-json\/wp\/v2\/product\/21022","targetHints":{"allow":["GET"]}}],"collection":[{"href":"https:\/\/zbranebudai.sk\/hu\/wp-json\/wp\/v2\/product"}],"about":[{"href":"https:\/\/zbranebudai.sk\/hu\/wp-json\/wp\/v2\/types\/product"}],"wp:featuredmedia":[{"embeddable":true,"href":"https:\/\/zbranebudai.sk\/hu\/wp-json\/wp\/v2\/media\/21057"}],"wp:attachment":[{"href":"https:\/\/zbranebudai.sk\/hu\/wp-json\/wp\/v2\/media?parent=21022"}],"wp:term":[{"taxonomy":"product_brand","embeddable":true,"href":"https:\/\/zbranebudai.sk\/hu\/wp-json\/wp\/v2\/product_brand?post=21022"},{"taxonomy":"product_cat","embeddable":true,"href":"https:\/\/zbranebudai.sk\/hu\/wp-json\/wp\/v2\/product_cat?post=21022"},{"taxonomy":"product_tag","embeddable":true,"href":"https:\/\/zbranebudai.sk\/hu\/wp-json\/wp\/v2\/product_tag?post=21022"}],"curies":[{"name":"wp","href":"https:\/\/api.w.org\/{rel}","templated":true}]}}