{"id":21020,"date":"2026-02-10T00:48:14","date_gmt":"2026-02-09T22:48:14","guid":{"rendered":"https:\/\/zbranebudai.sk\/?post_type=product&#038;p=21020"},"modified":"2026-02-21T10:09:18","modified_gmt":"2026-02-21T08:09:18","slug":"hikmicro-cheetah-c32f-s-felig-fokuszalt-ejszakai-latcso-850nm-es-es-megvilagitassal","status":"publish","type":"product","link":"https:\/\/zbranebudai.sk\/hu\/product\/hikmicro-cheetah-c32f-s-puskohlad-nocny-zameriavac-s-850nm-ir-prisvitom\/","title":{"rendered":"Hikmicro CHEETAH C32F-S \u00e9jjell\u00e1t\u00f3 c\u00e9lt\u00e1vcs\u0151 850nm IR vet\u0151vel"},"content":{"rendered":"<p><strong>Hikmicro CHEETAH C32F-S \u00e9jjell\u00e1t\u00f3 c\u00e9lt\u00e1vcs\u0151 850nm IR vet\u0151vel<\/strong><\/p>\n<p><span style=\"font-weight: 400\">A Hikmicro Cheetah c\u00e9lt\u00e1vcs\u00f6vek nagy teljes\u00edtm\u00e9ny\u0171 digit\u00e1lis c\u00e9lt\u00e1vcs\u00f6vek nappali \u00e9s \u00e9jszakai haszn\u00e1latra. Nappal nagy felbont\u00e1s\u00fa sz\u00ednes k\u00e9pet ny\u00fajtanak, \u00e9jszakai \u00fczemm\u00f3dba kapcsolva pedig r\u00e9szletes fekete-feh\u00e9r k\u00e9pet adnak, a be\u00e9p\u00edtett infrav\u00f6r\u00f6s megvil\u00e1g\u00edt\u00e1snak k\u00f6sz\u00f6nhet\u0151en ak\u00e1r 400 m\u00e9teres \u00e9szlel\u00e9si t\u00e1vols\u00e1ggal.<\/span><\/p>\n<table>\n<tbody>\n<tr>\n<td colspan=\"2\"><b>F\u0151bb jellemz\u0151k<\/b><\/td>\n<\/tr>\n<tr>\n<td><span style=\"font-weight: 400\">Maxim\u00e1lis felbont\u00e1s<\/span><\/td>\n<td><span style=\"font-weight: 400\">2560 x 1440<\/span><\/td>\n<\/tr>\n<tr>\n<td><span style=\"font-weight: 400\">K\u00e9prestaur\u00e1l\u00e1s<\/span><\/td>\n<td><span style=\"font-weight: 400\">25 Hz<\/span><\/td>\n<\/tr>\n<tr>\n<td><span style=\"font-weight: 400\">C\u00e9l<\/span><\/td>\n<td><span style=\"font-weight: 400\">32 mm, F1.2<\/span><\/td>\n<\/tr>\n<tr>\n<td><span style=\"font-weight: 400\">Minim\u00e1lis f\u00f3kuszt\u00e1vols\u00e1g<\/span><\/td>\n<td><span style=\"font-weight: 400\">3 m<\/span><\/td>\n<\/tr>\n<tr>\n<td><span style=\"font-weight: 400\">L\u00e1t\u00f3sz\u00f6g<\/span><\/td>\n<td><span style=\"font-weight: 400\">8,1\u00b0 x 6,1\u00b0\/ 14,2 m x 10,7 m @100 m<\/span><\/td>\n<\/tr>\n<tr>\n<td><span style=\"font-weight: 400\">Nagy\u00edt\u00e1s<\/span><\/td>\n<td><span style=\"font-weight: 400\">2,7x-21,6x (8x)<\/span><\/td>\n<\/tr>\n<tr>\n<td><span style=\"font-weight: 400\">\u00c9rz\u00e9kel\u00e9si t\u00e1vols\u00e1g<\/span><\/td>\n<td><span style=\"font-weight: 400\">400 m<\/span><\/td>\n<\/tr>\n<tr>\n<td><span style=\"font-weight: 400\">IR hull\u00e1mhossz<\/span><\/td>\n<td><span style=\"font-weight: 400\">850 nm<\/span><\/td>\n<\/tr>\n<tr>\n<td colspan=\"2\"><b>Kijelz\u0151<\/b><\/td>\n<\/tr>\n<tr>\n<td><span style=\"font-weight: 400\">Maxim\u00e1lis felbont\u00e1s<\/span><\/td>\n<td><span style=\"font-weight: 400\">1920 x 1080, 0,49 h\u00fcvelykes OLED kijelz\u0151<\/span><\/td>\n<\/tr>\n<tr>\n<td><span style=\"font-weight: 400\">Kil\u00e9p\u0151 pupilla<\/span><\/td>\n<td><span style=\"font-weight: 400\">6 mm<\/span><\/td>\n<\/tr>\n<tr>\n<td><span style=\"font-weight: 400\">Szemek k\u00f6z\u00f6tti t\u00e1vols\u00e1g<\/span><\/td>\n<td><span style=\"font-weight: 400\">45 mm<\/span><\/td>\n<\/tr>\n<tr>\n<td><span style=\"font-weight: 400\">Dioptri\u00e1k be\u00e1ll\u00edt\u00e1sa<\/span><\/td>\n<td><span style=\"font-weight: 400\">-5D \u00e9s 3D k\u00f6z\u00f6tt<\/span><\/td>\n<\/tr>\n<tr>\n<td colspan=\"2\"><b>\u00c1ltal\u00e1nos<\/b><\/td>\n<\/tr>\n<tr>\n<td><span style=\"font-weight: 400\">Mechanikai v\u00e9delem<\/span><\/td>\n<td><span style=\"font-weight: 400\">IP67<\/span><\/td>\n<\/tr>\n<tr>\n<td><span style=\"font-weight: 400\">S\u00faly<\/span><\/td>\n<td><span style=\"font-weight: 400\">465 g objekt\u00edv \u00e9s akkumul\u00e1tor n\u00e9lk\u00fcl<\/span><\/td>\n<\/tr>\n<tr>\n<td><span style=\"font-weight: 400\">M\u00e9retek<\/span><\/td>\n<td><span style=\"font-weight: 400\">217 mm x 70 mm x 87,2 mm (8,5 \u00d7 2,8 \u00d7 3,4 h\u00fcvelyk)<\/span><\/td>\n<\/tr>\n<tr>\n<td><span style=\"font-weight: 400\">\u00dczemi h\u0151m\u00e9rs\u00e9klet<\/span><\/td>\n<td><span style=\"font-weight: 400\">-30 \u00b0C \u00e9s +55 \u00b0C k\u00f6z\u00f6tt<\/span><\/td>\n<\/tr>\n<tr>\n<td colspan=\"2\"><b>Rendszer<\/b><\/td>\n<\/tr>\n<tr>\n<td><span style=\"font-weight: 400\">K\u00e9pek r\u00f6gz\u00edt\u00e9se<\/span><\/td>\n<td><span style=\"font-weight: 400\">Igen<\/span><\/td>\n<\/tr>\n<tr>\n<td><span style=\"font-weight: 400\">Hotspot<\/span><\/td>\n<td><span style=\"font-weight: 400\">Igen<\/span><\/td>\n<\/tr>\n<tr>\n<td><span style=\"font-weight: 400\">PIP<\/span><\/td>\n<td><span style=\"font-weight: 400\">Igen<\/span><\/td>\n<\/tr>\n<tr>\n<td><span style=\"font-weight: 400\">K\u00e9szenl\u00e9ti \u00fczemm\u00f3d<\/span><\/td>\n<td><span style=\"font-weight: 400\">Igen<\/span><\/td>\n<\/tr>\n<tr>\n<td><span style=\"font-weight: 400\">T\u00e1rol\u00e1s<\/span><\/td>\n<td><span style=\"font-weight: 400\">Be\u00e9p\u00edtett EMMC (64 GB)<\/span><\/td>\n<\/tr>\n<tr>\n<td><span style=\"font-weight: 400\">Hangfelv\u00e9tel<\/span><\/td>\n<td><span style=\"font-weight: 400\">Igen<\/span><\/td>\n<\/tr>\n<tr>\n<td colspan=\"2\"><b>Teljes\u00edtm\u00e9ny<\/b><\/td>\n<\/tr>\n<tr>\n<td><span style=\"font-weight: 400\">Akkumul\u00e1tor<\/span><\/td>\n<td><span style=\"font-weight: 400\">Cser\u00e9lhet\u0151 \u00e9s \u00fajrat\u00f6lthet\u0151 Li-ion akkumul\u00e1tor<\/span><\/td>\n<\/tr>\n<tr>\n<td><span style=\"font-weight: 400\">M\u0171k\u00f6d\u00e9si id\u0151<\/span><\/td>\n<td><span style=\"font-weight: 400\">\u22655,5 \u00f3ra (25 \u00b0C, Wi-Fi kikapcsolva)<\/span><\/td>\n<\/tr>\n<tr>\n<td><span style=\"font-weight: 400\">T\u00f6lt\u0151csatlakoz\u00f3<\/span><\/td>\n<td><span style=\"font-weight: 400\">5 V DC\/2 A, C t\u00edpus\u00a0<\/span><\/td>\n<\/tr>\n<\/tbody>\n<\/table>\n<p><a href=\"https:\/\/www.hikmicrotech.com\/en\/outdoor-products\/cheetah-night-vision-scope\/\"><span style=\"font-weight: 400\">https:\/\/www.hikmicrotech.com\/en\/outdoor-products\/cheetah-night-vision-scope\/<\/span><\/a><span style=\"font-weight: 400\">\u00a0<\/span><\/p>","protected":false},"excerpt":{"rendered":"<ul>\n<li style=\"font-weight: 400\"><span style=\"font-weight: 400\">Maxim\u00e1lis felbont\u00e1s 2560 x 1440<\/span><\/li>\n<li style=\"font-weight: 400\"><span style=\"font-weight: 400\">Betekint\u00e9si sz\u00f6g 8,1\u00b0 \u00d7 6,1\u00b0<\/span><\/li>\n<li style=\"font-weight: 400\"><span style=\"font-weight: 400\">Nagy\u00edt\u00e1s 2.7x-21.6x (8x)<\/span><\/li>\n<li style=\"font-weight: 400\"><span style=\"font-weight: 400\">Megfigyel\u00e9si t\u00e1vols\u00e1g 400 m<\/span><\/li>\n<li style=\"font-weight: 400\"><span style=\"font-weight: 400\">Hull\u00e1mhossz IR 850 nm<\/span><\/li>\n<\/ul>","protected":false},"featured_media":21053,"template":"","meta":{"_gspb_post_css":""},"product_brand":[315],"product_cat":[145,21,331],"product_tag":[150,324],"class_list":{"0":"post-21020","1":"product","2":"type-product","3":"status-publish","4":"has-post-thumbnail","6":"product_brand-hikmicro","7":"product_cat-nocne-videnie","8":"product_cat-optika","9":"product_cat-puskohlady-s-nocnym-videnim","10":"product_tag-hikmicro","11":"product_tag-puskohlad","13":"first","14":"instock","15":"taxable","16":"shipping-taxable","17":"purchasable","18":"product-type-simple"},"ct_brands":[{"id":315,"name":"Hikmicro","slug":"hikmicro"}],"_links":{"self":[{"href":"https:\/\/zbranebudai.sk\/hu\/wp-json\/wp\/v2\/product\/21020","targetHints":{"allow":["GET"]}}],"collection":[{"href":"https:\/\/zbranebudai.sk\/hu\/wp-json\/wp\/v2\/product"}],"about":[{"href":"https:\/\/zbranebudai.sk\/hu\/wp-json\/wp\/v2\/types\/product"}],"wp:featuredmedia":[{"embeddable":true,"href":"https:\/\/zbranebudai.sk\/hu\/wp-json\/wp\/v2\/media\/21053"}],"wp:attachment":[{"href":"https:\/\/zbranebudai.sk\/hu\/wp-json\/wp\/v2\/media?parent=21020"}],"wp:term":[{"taxonomy":"product_brand","embeddable":true,"href":"https:\/\/zbranebudai.sk\/hu\/wp-json\/wp\/v2\/product_brand?post=21020"},{"taxonomy":"product_cat","embeddable":true,"href":"https:\/\/zbranebudai.sk\/hu\/wp-json\/wp\/v2\/product_cat?post=21020"},{"taxonomy":"product_tag","embeddable":true,"href":"https:\/\/zbranebudai.sk\/hu\/wp-json\/wp\/v2\/product_tag?post=21020"}],"curies":[{"name":"wp","href":"https:\/\/api.w.org\/{rel}","templated":true}]}}