{"id":21019,"date":"2026-02-10T00:48:14","date_gmt":"2026-02-09T22:48:14","guid":{"rendered":"https:\/\/zbranebudai.sk\/?post_type=product&#038;p=21019"},"modified":"2026-02-18T17:11:36","modified_gmt":"2026-02-18T15:11:36","slug":"hikmicro-alpex-a50tn-940-nm-es-ejjeli-latoszog","status":"publish","type":"product","link":"https:\/\/zbranebudai.sk\/hu\/product\/hikmicro-alpex-a50tn-940-nm-puskohlad-nocny-zameriavac\/","title":{"rendered":"Hikmicro ALPEX A50TN 940 nm \u00e9jjell\u00e1t\u00f3 c\u00e9lt\u00e1vcs\u0151"},"content":{"rendered":"<p><strong>Hikmicro ALPEX A50TN 940nm-es \u00e9jjell\u00e1t\u00f3 c\u00e9lt\u00e1vcs\u0151<\/strong><\/p>\n<table style=\"height: 984px\" width=\"619\">\n<tbody>\n<tr style=\"height: 24px\">\n<td style=\"height: 24px;width: 610.6px\" colspan=\"2\"><strong>F\u0151bb jellemz\u0151k<\/strong><\/td>\n<\/tr>\n<tr style=\"height: 24px\">\n<td style=\"height: 24px;width: 229.212px\">Maxim\u00e1lis felbont\u00e1s<\/td>\n<td style=\"height: 24px;width: 376.188px\">1920\u00d71080<\/td>\n<\/tr>\n<tr style=\"height: 24px\">\n<td style=\"height: 24px;width: 229.212px\">A k\u00e9p vissza\u00e1ll\u00edt\u00e1sa<\/td>\n<td style=\"height: 24px;width: 376.188px\">50 Hz<\/td>\n<\/tr>\n<tr style=\"height: 24px\">\n<td style=\"height: 24px;width: 229.212px\">Gy\u00fajt\u00f3t\u00e1vols\u00e1g<\/td>\n<td style=\"height: 24px;width: 376.188px\">50 mm<\/td>\n<\/tr>\n<tr style=\"height: 24px\">\n<td style=\"height: 24px;width: 229.212px\">F\u00f3kusz<\/td>\n<td style=\"height: 24px;width: 376.188px\">3 m<\/td>\n<\/tr>\n<tr style=\"height: 24px\">\n<td style=\"height: 24px;width: 229.212px\">L\u00e1t\u00f3sz\u00f6g<\/td>\n<td style=\"height: 24px;width: 376.188px\">7,7\u00b0 x 5,8\u00b0<\/td>\n<\/tr>\n<tr style=\"height: 24px\">\n<td style=\"height: 24px;width: 229.212px\">Tengelyar\u00e1ny<\/td>\n<td style=\"height: 24px;width: 376.188px\">F1,2<\/td>\n<\/tr>\n<tr style=\"height: 24px\">\n<td style=\"height: 24px;width: 229.212px\">Nagy\u00edt\u00e1s<\/td>\n<td style=\"height: 24px;width: 376.188px\">3,5x - 14x (4x)<\/td>\n<\/tr>\n<tr style=\"height: 24px\">\n<td style=\"height: 24px;width: 229.212px\">IR magok hull\u00e1mhossza<\/td>\n<td style=\"height: 24px;width: 376.188px\">940 nm<\/td>\n<\/tr>\n<tr style=\"height: 24px\">\n<td style=\"height: 24px;width: 229.212px\">\u00c9rz\u00e9kel\u00e9si t\u00e1vols\u00e1g<\/td>\n<td style=\"height: 24px;width: 376.188px\">Nappal: 600 m, \u00e9jszaka: 550 m<\/td>\n<\/tr>\n<tr style=\"height: 24px\">\n<td style=\"height: 24px;width: 610.6px\" colspan=\"2\"><strong>Kijelz\u0151<\/strong><\/td>\n<\/tr>\n<tr style=\"height: 24px\">\n<td style=\"height: 24px;width: 229.212px\">Felbont\u00e1s<\/td>\n<td style=\"height: 24px;width: 376.188px\">1024\u00d7768, 0.39\u2033, OLED<\/td>\n<\/tr>\n<tr style=\"height: 24px\">\n<td style=\"height: 24px;width: 229.212px\">Megjelen\u00edt\u00e9si m\u00f3dok<\/td>\n<td style=\"height: 24px;width: 376.188px\">Nappal, \u00e9jszaka<\/td>\n<\/tr>\n<tr style=\"height: 24px\">\n<td style=\"height: 24px;width: 229.212px\">Kil\u00e9p\u0151 pupilla<\/td>\n<td style=\"height: 24px;width: 376.188px\">5 mm<\/td>\n<\/tr>\n<tr style=\"height: 24px\">\n<td style=\"height: 24px;width: 229.212px\">Szemek k\u00f6z\u00f6tti t\u00e1vols\u00e1g<\/td>\n<td style=\"height: 24px;width: 376.188px\">60 mm<\/td>\n<\/tr>\n<tr style=\"height: 24px\">\n<td style=\"height: 24px;width: 229.212px\">Dioptri\u00e1k be\u00e1ll\u00edt\u00e1sa<\/td>\n<td style=\"height: 24px;width: 376.188px\">-5D \u00e9s 5D k\u00f6z\u00f6tt<\/td>\n<\/tr>\n<tr style=\"height: 24px\">\n<td style=\"height: 24px;width: 610.6px\" colspan=\"2\"><strong>Rendszer<\/strong><\/td>\n<\/tr>\n<tr style=\"height: 24px\">\n<td style=\"height: 24px;width: 229.212px\">Digit\u00e1lis zoom<\/td>\n<td style=\"height: 24px;width: 376.188px\">1x, 2x, 4x<\/td>\n<\/tr>\n<tr style=\"height: 24px\">\n<td style=\"height: 24px;width: 229.212px\">Felv\u00e9teli felbont\u00e1s<\/td>\n<td style=\"height: 24px;width: 376.188px\">1440 x 1080<\/td>\n<\/tr>\n<tr style=\"height: 24px\">\n<td style=\"height: 24px;width: 229.212px\">K\u00e9szenl\u00e9ti \u00fczemm\u00f3d<\/td>\n<td style=\"height: 24px;width: 376.188px\">Igen<\/td>\n<\/tr>\n<tr style=\"height: 24px\">\n<td style=\"height: 24px;width: 229.212px\">K\u00e9pek r\u00f6gz\u00edt\u00e9se<\/td>\n<td style=\"height: 24px;width: 376.188px\">Igen<\/td>\n<\/tr>\n<tr style=\"height: 24px\">\n<td style=\"height: 24px;width: 229.212px\">FREEZE ZEROING<\/td>\n<td style=\"height: 24px;width: 376.188px\">Igen<\/td>\n<\/tr>\n<tr style=\"height: 48px\">\n<td style=\"height: 48px;width: 229.212px\">Az expon\u00e1l\u00f3 gomb megnyom\u00e1s\u00e1val aktiv\u00e1lt felv\u00e9tel<\/td>\n<td style=\"height: 48px;width: 376.188px\">Igen<\/td>\n<\/tr>\n<tr style=\"height: 24px\">\n<td style=\"height: 24px;width: 229.212px\">Wi-Fi hotspot<\/td>\n<td style=\"height: 24px;width: 376.188px\">Igen, HIKMICRO Sight alkalmaz\u00e1s<\/td>\n<\/tr>\n<tr style=\"height: 24px\">\n<td style=\"height: 24px;width: 229.212px\">\n<p data-start=\"57\" data-end=\"77\">C\u00e9lkereszt<\/p>\n<\/td>\n<td style=\"height: 24px;width: 376.188px\">Igen<\/td>\n<\/tr>\n<tr style=\"height: 24px\">\n<td style=\"height: 24px;width: 229.212px\">T\u0171z\u00e1ll\u00f3s\u00e1g<\/td>\n<td style=\"height: 24px;width: 376.188px\">1000G<\/td>\n<\/tr>\n<tr style=\"height: 24px\">\n<td style=\"height: 24px;width: 229.212px\">Hangfelv\u00e9tel<\/td>\n<td style=\"height: 24px;width: 376.188px\">Igen<\/td>\n<\/tr>\n<tr style=\"height: 24px\">\n<td style=\"height: 24px;width: 229.212px\">T\u00e1rol\u00e1s<\/td>\n<td style=\"height: 24px;width: 376.188px\">Be\u00e9p\u00edtett EMMC (64 GB)<\/td>\n<\/tr>\n<tr style=\"height: 24px\">\n<td style=\"height: 24px;width: 610.6px\" colspan=\"2\"><strong>Teljes\u00edtm\u00e9ny<\/strong><\/td>\n<\/tr>\n<tr style=\"height: 48px\">\n<td style=\"height: 48px;width: 229.212px\">Akkumul\u00e1tor<\/td>\n<td style=\"height: 48px;width: 376.188px\">K\u00e9t \u00fajrat\u00f6lthet\u0151 l\u00edtium-ion akkumul\u00e1tor (be\u00e9p\u00edtett) \u00e9s egy cser\u00e9lhet\u0151 CR123A elem (k\u00fcls\u0151)<\/td>\n<\/tr>\n<tr style=\"height: 24px\">\n<td style=\"height: 24px;width: 229.212px\">M\u0171k\u00f6d\u00e9si id\u0151<\/td>\n<td style=\"height: 24px;width: 376.188px\">12 \u00f3ra folyamatos (25 \u00b0C, Wi-Fi kikapcsolva)<\/td>\n<\/tr>\n<tr style=\"height: 24px\">\n<td style=\"height: 24px;width: 229.212px\">Az akkumul\u00e1tor kapacit\u00e1s\u00e1nak kijelz\u00e9se<\/td>\n<td style=\"height: 24px;width: 376.188px\">Igen<\/td>\n<\/tr>\n<tr style=\"height: 24px\">\n<td style=\"height: 24px;width: 229.212px\">T\u00falterhel\u00e9s elleni v\u00e9delem<\/td>\n<td style=\"height: 24px;width: 376.188px\">Igen<\/td>\n<\/tr>\n<tr style=\"height: 24px\">\n<td style=\"height: 24px;width: 229.212px\">T\u00f6lt\u0151csatlakoz\u00f3<\/td>\n<td style=\"height: 24px;width: 376.188px\">5 V DC\/2 A, USB Type-C<\/td>\n<\/tr>\n<tr style=\"height: 24px\">\n<td style=\"height: 24px;width: 610.6px\" colspan=\"2\"><strong>\u00c1ltal\u00e1nos<\/strong><\/td>\n<\/tr>\n<tr style=\"height: 24px\">\n<td style=\"height: 24px;width: 229.212px\">\u00dczemi h\u0151m\u00e9rs\u00e9klet<\/td>\n<td style=\"height: 24px;width: 376.188px\">-30 \u00b0C \u00e9s 55 \u00b0C k\u00f6z\u00f6tt<\/td>\n<\/tr>\n<tr style=\"height: 24px\">\n<td style=\"height: 24px;width: 229.212px\">M\u00e9retek<\/td>\n<td style=\"height: 24px;width: 376.188px\">442 mm x 78.1 mm x 83.5 mm<\/td>\n<\/tr>\n<tr style=\"height: 24px\">\n<td style=\"height: 24px;width: 229.212px\">S\u00faly<\/td>\n<td style=\"height: 24px;width: 376.188px\">1062 g okul\u00e1r \u00e9s CR123A elem n\u00e9lk\u00fcl<\/td>\n<\/tr>\n<tr style=\"height: 24px\">\n<td style=\"height: 24px;width: 229.212px\">Mechanikai v\u00e9delem<\/td>\n<td style=\"height: 24px;width: 376.188px\">IP67<\/td>\n<\/tr>\n<\/tbody>\n<\/table>\n<p><a href=\"https:\/\/www.hikmicrotech.com\/en\/outdoor-products\/alpex-series-night-vision-telescope\/\">https:\/\/www.hikmicrotech.com\/en\/outdoor-products\/alpex-series-night-vision-telescope\/\u00a0<\/a><\/p>","protected":false},"excerpt":{"rendered":"<ul>\n<li>1920 x 1080 nagy felbont\u00e1s\u00fa \u00e9rz\u00e9kel\u0151<\/li>\n<li>T\u00e1mogatja a nappali\/\u00e9jszakai \u00fczemm\u00f3dot<\/li>\n<li>T\u00e1mogatja a hangfelv\u00e9telt<\/li>\n<li>T\u00e1mogatja a visszar\u00fag\u00e1s-aktiv\u00e1lt felv\u00e9telt<\/li>\n<li>T\u00e1mogatja a vide\u00f3- \u00e9s k\u00e9pfelv\u00e9telt, be\u00e9p\u00edtett EMMC mem\u00f3ria (64 GB)<\/li>\n<li>1024 x 768 felbont\u00e1s, 0,39 h\u00fcvelykes OLED kijelz\u0151<\/li>\n<li>\u00c9rz\u00e9kel\u00e9si t\u00e1vols\u00e1g ak\u00e1r 550 m\u00e9ter<\/li>\n<li>940 nm-es IR sug\u00e1rz\u00f3<\/li>\n<\/ul>","protected":false},"featured_media":21049,"template":"","meta":{"_gspb_post_css":""},"product_brand":[315],"product_cat":[145,21,331],"product_tag":[150,324],"class_list":{"0":"post-21019","1":"product","2":"type-product","3":"status-publish","4":"has-post-thumbnail","6":"product_brand-hikmicro","7":"product_cat-nocne-videnie","8":"product_cat-optika","9":"product_cat-puskohlady-s-nocnym-videnim","10":"product_tag-hikmicro","11":"product_tag-puskohlad","13":"first","14":"instock","15":"taxable","16":"shipping-taxable","17":"purchasable","18":"product-type-simple"},"ct_brands":[{"id":315,"name":"Hikmicro","slug":"hikmicro"}],"_links":{"self":[{"href":"https:\/\/zbranebudai.sk\/hu\/wp-json\/wp\/v2\/product\/21019","targetHints":{"allow":["GET"]}}],"collection":[{"href":"https:\/\/zbranebudai.sk\/hu\/wp-json\/wp\/v2\/product"}],"about":[{"href":"https:\/\/zbranebudai.sk\/hu\/wp-json\/wp\/v2\/types\/product"}],"wp:featuredmedia":[{"embeddable":true,"href":"https:\/\/zbranebudai.sk\/hu\/wp-json\/wp\/v2\/media\/21049"}],"wp:attachment":[{"href":"https:\/\/zbranebudai.sk\/hu\/wp-json\/wp\/v2\/media?parent=21019"}],"wp:term":[{"taxonomy":"product_brand","embeddable":true,"href":"https:\/\/zbranebudai.sk\/hu\/wp-json\/wp\/v2\/product_brand?post=21019"},{"taxonomy":"product_cat","embeddable":true,"href":"https:\/\/zbranebudai.sk\/hu\/wp-json\/wp\/v2\/product_cat?post=21019"},{"taxonomy":"product_tag","embeddable":true,"href":"https:\/\/zbranebudai.sk\/hu\/wp-json\/wp\/v2\/product_tag?post=21019"}],"curies":[{"name":"wp","href":"https:\/\/api.w.org\/{rel}","templated":true}]}}