{"id":21018,"date":"2026-02-10T00:48:14","date_gmt":"2026-02-09T22:48:14","guid":{"rendered":"https:\/\/zbranebudai.sk\/?post_type=product&#038;p=21018"},"modified":"2026-02-18T17:16:35","modified_gmt":"2026-02-18T15:16:35","slug":"hikmicro-alpex-a50t-850nm-es-ejszakai-latcso","status":"publish","type":"product","link":"https:\/\/zbranebudai.sk\/hu\/product\/hikmicro-alpex-a50t-850nm-puskohlad-nocny-zameriavac\/","title":{"rendered":"Hikmicro ALPEX A50T 850nm \u00e9jjell\u00e1t\u00f3 c\u00e9lt\u00e1vcs\u0151"},"content":{"rendered":"<p><strong>Hikmicro ALPEX A50T 850nm \u00e9jjell\u00e1t\u00f3 c\u00e9lt\u00e1vcs\u0151<\/strong><\/p>\n<p><span style=\"font-weight: 400\">Alpex \u00e9jjell\u00e1t\u00f3 t\u00e1vcs\u0151 850 nm-es infrav\u00f6r\u00f6s megvil\u00e1g\u00edt\u00e1ssal. Fontos megjegyezni, hogy az \u00e9jjel-nappali k\u00e9palkot\u00e1shoz haszn\u00e1lt szenzortechnol\u00f3gi\u00e1t, amely a kamera egyik f\u0151 alkot\u00f3eleme, a Hikmicro anyav\u00e1llalata, a Hikvision sz\u00e1ll\u00edtja, amely \u00e9vek \u00f3ta a vil\u00e1g legnagyobb kameratechnol\u00f3giai gy\u00e1rt\u00f3ja.<\/span><\/p>\n<table>\n<tbody>\n<tr>\n<td colspan=\"2\"><b>F\u0151bb jellemz\u0151k<\/b><\/td>\n<\/tr>\n<tr>\n<td><span style=\"font-weight: 400\">Maxim\u00e1lis felbont\u00e1s<\/span><\/td>\n<td><span style=\"font-weight: 400\">1920 \u00d7 1080<\/span><\/td>\n<\/tr>\n<tr>\n<td><span style=\"font-weight: 400\">K\u00e9p vissza\u00e1ll\u00edt\u00e1sa<\/span><\/td>\n<td><span style=\"font-weight: 400\">50 Hz<\/span><\/td>\n<\/tr>\n<tr>\n<td><span style=\"font-weight: 400\">C\u00e9l<\/span><\/td>\n<td><span style=\"font-weight: 400\">50 mm, F1.2<\/span><\/td>\n<\/tr>\n<tr>\n<td><span style=\"font-weight: 400\">Minim\u00e1lis f\u00f3kuszt\u00e1vols\u00e1g<\/span><\/td>\n<td><span style=\"font-weight: 400\">3 m<\/span><\/td>\n<\/tr>\n<tr>\n<td><span style=\"font-weight: 400\">L\u00e1t\u00f3sz\u00f6g<\/span><\/td>\n<td><span style=\"font-weight: 400\">7,7\u00b0 x 5,8\u00b0\/13,5 m x 10,1 m @100 m<\/span><\/td>\n<\/tr>\n<tr>\n<td><span style=\"font-weight: 400\">Nagy\u00edt\u00e1s<\/span><\/td>\n<td><span style=\"font-weight: 400\">3.5\u00d7-14x (4x)<\/span><\/td>\n<\/tr>\n<tr>\n<td><span style=\"font-weight: 400\">\u00c9rz\u00e9kel\u00e9si t\u00e1vols\u00e1g<\/span><\/td>\n<td><span style=\"font-weight: 400\">600 m<\/span><\/td>\n<\/tr>\n<tr>\n<td colspan=\"2\"><b>Kijelz\u0151<\/b><\/td>\n<\/tr>\n<tr>\n<td><span style=\"font-weight: 400\">Felbont\u00e1s<\/span><\/td>\n<td><span style=\"font-weight: 400\">1024 \u00d7 768, 0,39 h\u00fcvelyk, OLED<\/span><\/td>\n<\/tr>\n<tr>\n<td><span style=\"font-weight: 400\">K\u00e9pm\u00f3dok<\/span><\/td>\n<td><span style=\"font-weight: 400\">Nappal, \u00e9jszaka<\/span><\/td>\n<\/tr>\n<tr>\n<td><span style=\"font-weight: 400\">Kil\u00e9p\u0151 pupilla<\/span><\/td>\n<td><span style=\"font-weight: 400\">5 mm<\/span><\/td>\n<\/tr>\n<tr>\n<td><span style=\"font-weight: 400\">Szemek k\u00f6z\u00f6tti t\u00e1vols\u00e1g<\/span><\/td>\n<td><span style=\"font-weight: 400\">60 mm<\/span><\/td>\n<\/tr>\n<tr>\n<td><span style=\"font-weight: 400\">Dioptri\u00e1k be\u00e1ll\u00edt\u00e1sa<\/span><\/td>\n<td><span style=\"font-weight: 400\">-5D \u00e9s 5D k\u00f6z\u00f6tt<\/span><\/td>\n<\/tr>\n<tr>\n<td colspan=\"2\"><b>\u00c1ltal\u00e1nos<\/b><\/td>\n<\/tr>\n<tr>\n<td><span style=\"font-weight: 400\">Mechanikai v\u00e9delem<\/span><\/td>\n<td><span style=\"font-weight: 400\">IP67<\/span><\/td>\n<\/tr>\n<tr>\n<td><span style=\"font-weight: 400\">S\u00faly<\/span><\/td>\n<td><span style=\"font-weight: 400\">1062 g elemek n\u00e9lk\u00fcl<\/span><\/td>\n<\/tr>\n<tr>\n<td><span style=\"font-weight: 400\">M\u00e9retek<\/span><\/td>\n<td><span style=\"font-weight: 400\">442 mm \u00d7 78,1 mm \u00d7 83,5 mm<\/span><\/td>\n<\/tr>\n<tr>\n<td><span style=\"font-weight: 400\">\u00dczemi h\u0151m\u00e9rs\u00e9klet<\/span><\/td>\n<td><span style=\"font-weight: 400\">-30 \u00b0C \u00e9s +55 \u00b0C k\u00f6z\u00f6tt<\/span><\/td>\n<\/tr>\n<tr>\n<td colspan=\"2\"><b>Rendszer<\/b><\/td>\n<\/tr>\n<tr>\n<td><span style=\"font-weight: 400\">K\u00e9pek r\u00f6gz\u00edt\u00e9se<\/span><\/td>\n<td><span style=\"font-weight: 400\">Igen<\/span><\/td>\n<\/tr>\n<tr>\n<td><span style=\"font-weight: 400\">K\u00e9szenl\u00e9ti \u00fczemm\u00f3d<\/span><\/td>\n<td><span style=\"font-weight: 400\">Igen<\/span><\/td>\n<\/tr>\n<tr>\n<td><span style=\"font-weight: 400\">T\u00e1rol\u00e1s<\/span><\/td>\n<td><span style=\"font-weight: 400\">Be\u00e9p\u00edtett EMMC (64 GB)<\/span><\/td>\n<\/tr>\n<tr>\n<td><span style=\"font-weight: 400\">Hangfelv\u00e9tel<\/span><\/td>\n<td><span style=\"font-weight: 400\">Igen<\/span><\/td>\n<\/tr>\n<tr>\n<td><span style=\"font-weight: 400\">Az expon\u00e1l\u00f3 gomb megnyom\u00e1s\u00e1val aktiv\u00e1lt felv\u00e9tel<\/span><\/td>\n<td><span style=\"font-weight: 400\">Igen<\/span><\/td>\n<\/tr>\n<tr>\n<td><span style=\"font-weight: 400\">Fagyaszt\u00e1s null\u00e1z\u00e1s<\/span><\/td>\n<td><span style=\"font-weight: 400\">Igen<\/span><\/td>\n<\/tr>\n<tr>\n<td><span style=\"font-weight: 400\">Vide\u00f3 felbont\u00e1s<\/span><\/td>\n<td><span style=\"font-weight: 400\">1440 \u00d7 1080<\/span><\/td>\n<\/tr>\n<tr>\n<td><span style=\"font-weight: 400\">T\u0171z\u00e1ll\u00f3s\u00e1g<\/span><\/td>\n<td><span style=\"font-weight: 400\">1000 g\/0,4 ms<\/span><\/td>\n<\/tr>\n<tr>\n<td colspan=\"2\"><b>Teljes\u00edtm\u00e9ny<\/b><\/td>\n<\/tr>\n<tr>\n<td><span style=\"font-weight: 400\">Akkumul\u00e1tor<\/span><\/td>\n<td><span style=\"font-weight: 400\">K\u00e9t \u00fajrat\u00f6lthet\u0151 l\u00edtium elem (be\u00e9p\u00edtett) \u00e9s egy cser\u00e9lhet\u0151 CR123A elem (k\u00fcls\u0151)<\/span><\/td>\n<\/tr>\n<tr>\n<td><span style=\"font-weight: 400\">M\u0171k\u00f6d\u00e9si id\u0151<\/span><\/td>\n<td><span style=\"font-weight: 400\">12 \u00f3ra folyamatos (25 \u00b0C, Wi-Fi kikapcsolva)<\/span><\/td>\n<\/tr>\n<tr>\n<td><span style=\"font-weight: 400\">T\u00f6lt\u0151csatlakoz\u00f3<\/span><\/td>\n<td><span style=\"font-weight: 400\">5 V DC\/2 A, USB Type-C\u00a0<\/span><\/td>\n<\/tr>\n<\/tbody>\n<\/table>\n<p><a href=\"https:\/\/www.hikmicrotech.com\/en\/outdoor-products\/alpex-series-night-vision-telescope\/\">https:\/\/www.hikmicrotech.com\/en\/outdoor-products\/alpex-series-night-vision-telescope\/<\/a><\/p>","protected":false},"excerpt":{"rendered":"<ul>\n<li><span style=\"font-weight: 400\">1920 x 1080 nagy felbont\u00e1s\u00fa \u00e9rz\u00e9kel\u0151<\/span><\/li>\n<li style=\"font-weight: 400\"><span style=\"font-weight: 400\">T\u00e1mogatja a nappali\/\u00e9jszakai \u00fczemm\u00f3dot\u00a0\u00a0<\/span><\/li>\n<li style=\"font-weight: 400\"><span style=\"font-weight: 400\">T\u00e1mogatja a hangfelv\u00e9telt<\/span><\/li>\n<li style=\"font-weight: 400\"><span style=\"font-weight: 400\">T\u00e1mogatja a visszar\u00fag\u00e1s-aktiv\u00e1lt felv\u00e9telt\u00a0\u00a0<\/span><\/li>\n<li style=\"font-weight: 400\"><span style=\"font-weight: 400\">T\u00e1mogatja a vide\u00f3- \u00e9s k\u00e9pfelv\u00e9telt, be\u00e9p\u00edtett EMMC mem\u00f3ria (64 GB)\u00a0\u00a0<\/span><\/li>\n<li style=\"font-weight: 400\"><span style=\"font-weight: 400\">1024 x 768 felbont\u00e1s, 0,39 h\u00fcvelykes OLED kijelz\u0151<\/span><\/li>\n<li style=\"font-weight: 400\"><span style=\"font-weight: 400\">\u00c9rz\u00e9kel\u00e9si t\u00e1vols\u00e1g ak\u00e1r 600 m\u00e9ter<\/span><\/li>\n<li style=\"font-weight: 400\"><span style=\"font-weight: 400\">850 nm IR<\/span><\/li>\n<\/ul>","protected":false},"featured_media":21048,"template":"","meta":{"_gspb_post_css":""},"product_brand":[315],"product_cat":[145,331],"product_tag":[150,324],"class_list":{"0":"post-21018","1":"product","2":"type-product","3":"status-publish","4":"has-post-thumbnail","6":"product_brand-hikmicro","7":"product_cat-nocne-videnie","8":"product_cat-puskohlady-s-nocnym-videnim","9":"product_tag-hikmicro","10":"product_tag-puskohlad","12":"first","13":"instock","14":"taxable","15":"shipping-taxable","16":"purchasable","17":"product-type-simple"},"ct_brands":[{"id":315,"name":"Hikmicro","slug":"hikmicro"}],"_links":{"self":[{"href":"https:\/\/zbranebudai.sk\/hu\/wp-json\/wp\/v2\/product\/21018","targetHints":{"allow":["GET"]}}],"collection":[{"href":"https:\/\/zbranebudai.sk\/hu\/wp-json\/wp\/v2\/product"}],"about":[{"href":"https:\/\/zbranebudai.sk\/hu\/wp-json\/wp\/v2\/types\/product"}],"wp:featuredmedia":[{"embeddable":true,"href":"https:\/\/zbranebudai.sk\/hu\/wp-json\/wp\/v2\/media\/21048"}],"wp:attachment":[{"href":"https:\/\/zbranebudai.sk\/hu\/wp-json\/wp\/v2\/media?parent=21018"}],"wp:term":[{"taxonomy":"product_brand","embeddable":true,"href":"https:\/\/zbranebudai.sk\/hu\/wp-json\/wp\/v2\/product_brand?post=21018"},{"taxonomy":"product_cat","embeddable":true,"href":"https:\/\/zbranebudai.sk\/hu\/wp-json\/wp\/v2\/product_cat?post=21018"},{"taxonomy":"product_tag","embeddable":true,"href":"https:\/\/zbranebudai.sk\/hu\/wp-json\/wp\/v2\/product_tag?post=21018"}],"curies":[{"name":"wp","href":"https:\/\/api.w.org\/{rel}","templated":true}]}}