{"id":20779,"date":"2026-02-09T19:28:29","date_gmt":"2026-02-09T17:28:29","guid":{"rendered":"https:\/\/zbranebudai.sk\/?post_type=product&#038;p=20779"},"modified":"2026-02-10T10:45:02","modified_gmt":"2026-02-10T08:45:02","slug":"deerhunter-lady-szigetelt-leggings-barna-melange-noi-leggings","status":"publish","type":"product","link":"https:\/\/zbranebudai.sk\/hu\/product\/deerhunter-lady-insulated-leggings-brown-melange-damske-leginy\/","title":{"rendered":"Deerhunter Lady Insulated Leggings Brown Melange n\u0151i leggings"},"content":{"rendered":"<p>A Deerhunter Lady Insulated Leggings Brown Melange kiv\u00e1l\u00f3 min\u0151s\u00e9g\u0171, puha \u00e9s rugalmas n\u0151i leggings a hideg h\u00f3napokra. A lapos varr\u00e1sok \u00e9s a rugalmas der\u00e9kp\u00e1nt k\u00e9nyelmet, meleget \u00e9s kellemes \u00e9rz\u00e9st biztos\u00edt eg\u00e9sz nap. Alkalmas ruh\u00e1zat vad\u00e1szathoz, t\u00far\u00e1z\u00e1shoz a hegyekben a csal\u00e1ddal vagy a bar\u00e1tokkal... Az alapr\u00e9teg szigetel\u00e9se maxim\u00e1lis v\u00e9delmet biztos\u00edt.<\/p>\n<div>\n<h2>Term\u00e9kle\u00edr\u00e1s<\/h2>\n<\/div>\n<ul>\n<li><strong>Sz\u00edn:<\/strong> barna highlighter<\/li>\n<li><strong>M\u00e9retek:<\/strong> 34 - 44<\/li>\n<li><strong>A k\u00fcls\u0151 r\u00e9teg \u00f6sszet\u00e9tele:<\/strong> 88 % poli\u00e9szter \/ 12 % elaszt\u00e1n, 275 g\/m2<\/li>\n<\/ul>\n<h2>Term\u00e9k param\u00e9terek<\/h2>\n<ul>\n<li>K\u00f6nnyen testreszabhat\u00f3 anyag<\/li>\n<li>Kontrasztos r\u00e9szletek<\/li>\n<li>Lapos varratok<\/li>\n<li>Rugalmass\u00e1g<\/li>\n<li>Elasztikus anyag log\u00f3val a der\u00e9kr\u00e9szen<\/li>\n<li>Kiv\u00e1l\u00f3 viselhet\u0151s\u00e9g<\/li>\n<li>K\u00e9nyelem \u00e9s k\u00f6nny\u0171 viselet<\/li>\n<\/ul>","protected":false},"excerpt":{"rendered":"<p>A Deerhunter Lady Insulated Leggings Brown Melange n\u0151i leggings puha, rugalmas \u00e9s 275 g\/m2 anyagb\u00f3l k\u00e9sz\u00fcl, lapos varratokkal \u00e9s elasztikus der\u00e9kkal, ez\u00e9rt k\u00e9nyelmes alap szigetel\u0151 r\u00e9teg vad\u00e1szathoz, t\u00far\u00e1z\u00e1shoz \u00e9s hideg id\u0151ben eg\u00e9sz napos viseletre.<\/p>","protected":false},"featured_media":20866,"template":"","meta":{"_gspb_post_css":""},"product_brand":[],"product_cat":[2369],"product_tag":[2322,2705],"class_list":{"0":"post-20779","1":"product","2":"type-product","3":"status-publish","4":"has-post-thumbnail","6":"product_cat-nohavice","7":"product_tag-deerhunter","8":"product_tag-lady-insulated-leggings","10":"first","11":"instock","12":"taxable","13":"shipping-taxable","14":"purchasable","15":"product-type-variable","16":"has-default-attributes"},"ct_brands":[],"_links":{"self":[{"href":"https:\/\/zbranebudai.sk\/hu\/wp-json\/wp\/v2\/product\/20779","targetHints":{"allow":["GET"]}}],"collection":[{"href":"https:\/\/zbranebudai.sk\/hu\/wp-json\/wp\/v2\/product"}],"about":[{"href":"https:\/\/zbranebudai.sk\/hu\/wp-json\/wp\/v2\/types\/product"}],"wp:featuredmedia":[{"embeddable":true,"href":"https:\/\/zbranebudai.sk\/hu\/wp-json\/wp\/v2\/media\/20866"}],"wp:attachment":[{"href":"https:\/\/zbranebudai.sk\/hu\/wp-json\/wp\/v2\/media?parent=20779"}],"wp:term":[{"taxonomy":"product_brand","embeddable":true,"href":"https:\/\/zbranebudai.sk\/hu\/wp-json\/wp\/v2\/product_brand?post=20779"},{"taxonomy":"product_cat","embeddable":true,"href":"https:\/\/zbranebudai.sk\/hu\/wp-json\/wp\/v2\/product_cat?post=20779"},{"taxonomy":"product_tag","embeddable":true,"href":"https:\/\/zbranebudai.sk\/hu\/wp-json\/wp\/v2\/product_tag?post=20779"}],"curies":[{"name":"wp","href":"https:\/\/api.w.org\/{rel}","templated":true}]}}