{"id":20773,"date":"2026-02-09T19:28:28","date_gmt":"2026-02-09T17:28:28","guid":{"rendered":"https:\/\/zbranebudai.sk\/?post_type=product&#038;p=20773"},"modified":"2026-02-10T10:41:46","modified_gmt":"2026-02-10T08:41:46","slug":"deerhunter-klimanadrag-37-5-technologiaval-forest-ember-ferfi-nadrag","status":"publish","type":"product","link":"https:\/\/zbranebudai.sk\/hu\/product\/deerhunter-climate-trousers-with-37-5-technology-forest-ember-panske-nohavice\/","title":{"rendered":"Deerhunter Climate Trousers with 37.5\u00ae Technology Forest Ember f\u00e9rfi nadr\u00e1g"},"content":{"rendered":"<p>A Deerhunter Climate Trousers 37.5\u00ae technol\u00f3gi\u00e1val Forest Ember f\u00e9rfi nadr\u00e1g kiv\u00e1l\u00f3 teljes\u00edtm\u00e9nyt, k\u00e9nyelmet \u00e9s tart\u00f3ss\u00e1got k\u00edn\u00e1l vad\u00e1szathoz \u00e9s akt\u00edv szabadt\u00e9ri tev\u00e9kenys\u00e9gekhez. Ez a nadr\u00e1g t\u00f6k\u00e9letes egyens\u00falyt teremt a technol\u00f3gia \u00e9s a funkcionalit\u00e1s k\u00f6z\u00f6tt. A 37.5\u00ae technol\u00f3gia akt\u00edvan szab\u00e1lyozza a testh\u0151m\u00e9rs\u00e9kletet a nedvess\u00e9g elvezet\u00e9s\u00e9vel \u00e9s az ide\u00e1lis mikrokl\u00edma fenntart\u00e1s\u00e1val - f\u00fcggetlen\u00fcl att\u00f3l, hogy milyen kem\u00e9nyen mozogsz. Az egyik legnagyobb el\u0151nye a n\u00e9gyir\u00e1ny\u00fa sztreccs anyag, amely kiv\u00e1l\u00f3 rugalmass\u00e1got biztos\u00edt, \u00e9s lehet\u0151v\u00e9 teszi, hogy szabadon mozoghass an\u00e9lk\u00fcl, hogy korl\u00e1tozva vagy korl\u00e1tozva \u00e9rezn\u00e9d magad. A nadr\u00e1g v\u00edz\u00e1ll\u00f3, sz\u00e9l\u00e1ll\u00f3 \u00e9s l\u00e9g\u00e1tereszt\u0151 membr\u00e1nnal rendelkezik, amely m\u00e9g kih\u00edv\u00e1st jelent\u0151 id\u0151j\u00e1r\u00e1si k\u00f6r\u00fclm\u00e9nyek k\u00f6z\u00f6tt is megb\u00edzhat\u00f3 v\u00e9delmet ny\u00fajt. Az el\u0151form\u00e1zott szab\u00e1s, a magas der\u00e9kr\u00e9sz \u00e9s az elasztikus panelek maxim\u00e1lis k\u00e9nyelmet \u00e9s mozg\u00e1sszabads\u00e1got garant\u00e1lnak. Az ergonomikus kialak\u00edt\u00e1s \u00e9s az \u00e1ll\u00edthat\u00f3 boka t\u00f6k\u00e9letes illeszked\u00e9st biztos\u00edt.<\/p>\n<p><strong>37.5\u00ae technol\u00f3gia<\/strong> - a testh\u0151m\u00e9rs\u00e9klet \u00e9s a p\u00e1ratartalom optim\u00e1lis szab\u00e1lyoz\u00e1sa<br \/>\n<strong>nOEKO-TEX\u00ae tan\u00fas\u00edtv\u00e1ny<\/strong> - b\u0151rbar\u00e1t, k\u00e1ros anyagokt\u00f3l mentes<\/p>\n<div>\n<h2>Term\u00e9kle\u00edr\u00e1s<\/h2>\n<\/div>\n<ul>\n<li><strong>Sz\u00edn:<\/strong> Forest Man<\/li>\n<li><strong>Anyag:<\/strong> 100 % poli\u00e9szter<\/li>\n<li><strong>Tan\u00fas\u00edtv\u00e1nyok:<\/strong> OEKO-TEX\u00ae, Bionic Finish Eco<\/li>\n<li><strong>Technol\u00f3gia:<\/strong> 37.5\u00ae<\/li>\n<li><strong>Aj\u00e1nlott mos\u00e1s:<\/strong> 40 \u00b0C-on bel\u00fclr\u0151l kifel\u00e9 ford\u00edtva mossa, ne haszn\u00e1ljon l\u00e1gy\u00edt\u00f3t, ne feh\u00e9r\u00edtse, ne sz\u00e1r\u00edtsa sz\u00e1r\u00edt\u00f3g\u00e9pben, ne vasalja.<\/li>\n<li><strong>Tiszt\u00edt\u00e1s:<\/strong> mos\u00e1s hasonl\u00f3 sz\u00ednekkel, sz\u00e1r\u00edtsuk, a vegytiszt\u00edt\u00e1s nem aj\u00e1nlott.<\/li>\n<\/ul>\n<h2>Term\u00e9k param\u00e9terek<\/h2>\n<ul>\n<li>Csendes \u00e9s tart\u00f3s anyag<\/li>\n<li>Sz\u00e9l\u00e1ll\u00f3 \u00e9s v\u00edz\u00e1ll\u00f3 membr\u00e1n<\/li>\n<li>Ergonomikus illeszked\u00e9s<\/li>\n<li>Praktikus zsebek \u00e9s \u00e1ll\u00edthat\u00f3 elemek<\/li>\n<\/ul>","protected":false},"excerpt":{"rendered":"<p>A Deerhunter Climate Trousers 37.5 Technology Forest Ember f\u00e9rfi nadr\u00e1g 37.5 technol\u00f3gi\u00e1val szab\u00e1lyozza a h\u0151m\u00e9rs\u00e9kletet \u00e9s elvezeti a nedvess\u00e9get, 4 ir\u00e1nyban rugalmas, csendes \u00e9s tart\u00f3s anyagb\u00f3l k\u00e9sz\u00fcl, sz\u00e9l- \u00e9s v\u00edz\u00e1ll\u00f3, m\u00e9gis l\u00e9g\u00e1tereszt\u0151 membr\u00e1nnal, ergonomikus szab\u00e1ssal, \u00e1ll\u00edthat\u00f3 bokar\u00e9sszel \u00e9s praktikus zsebekkel, OEKO-TEX \u00e9s Bionic Finish Eco tan\u00fas\u00edtv\u00e1nnyal.<\/p>","protected":false},"featured_media":20847,"template":"","meta":{"_gspb_post_css":""},"product_brand":[],"product_cat":[2369],"product_tag":[2701,2322],"class_list":{"0":"post-20773","1":"product","2":"type-product","3":"status-publish","4":"has-post-thumbnail","6":"product_cat-nohavice","7":"product_tag-climate-trousers","8":"product_tag-deerhunter","10":"first","11":"instock","12":"taxable","13":"shipping-taxable","14":"purchasable","15":"product-type-variable","16":"has-default-attributes"},"ct_brands":[],"_links":{"self":[{"href":"https:\/\/zbranebudai.sk\/hu\/wp-json\/wp\/v2\/product\/20773","targetHints":{"allow":["GET"]}}],"collection":[{"href":"https:\/\/zbranebudai.sk\/hu\/wp-json\/wp\/v2\/product"}],"about":[{"href":"https:\/\/zbranebudai.sk\/hu\/wp-json\/wp\/v2\/types\/product"}],"wp:featuredmedia":[{"embeddable":true,"href":"https:\/\/zbranebudai.sk\/hu\/wp-json\/wp\/v2\/media\/20847"}],"wp:attachment":[{"href":"https:\/\/zbranebudai.sk\/hu\/wp-json\/wp\/v2\/media?parent=20773"}],"wp:term":[{"taxonomy":"product_brand","embeddable":true,"href":"https:\/\/zbranebudai.sk\/hu\/wp-json\/wp\/v2\/product_brand?post=20773"},{"taxonomy":"product_cat","embeddable":true,"href":"https:\/\/zbranebudai.sk\/hu\/wp-json\/wp\/v2\/product_cat?post=20773"},{"taxonomy":"product_tag","embeddable":true,"href":"https:\/\/zbranebudai.sk\/hu\/wp-json\/wp\/v2\/product_tag?post=20773"}],"curies":[{"name":"wp","href":"https:\/\/api.w.org\/{rel}","templated":true}]}}