{"id":20772,"date":"2026-02-09T19:28:28","date_gmt":"2026-02-09T17:28:28","guid":{"rendered":"https:\/\/zbranebudai.sk\/?post_type=product&#038;p=20772"},"modified":"2026-02-10T10:51:32","modified_gmt":"2026-02-10T08:51:32","slug":"deerhunter-noi-klimanadrag-37-5-technologiaval-erdei-ember-noi-nadrag","status":"publish","type":"product","link":"https:\/\/zbranebudai.sk\/hu\/product\/deerhunter-lady-climate-trousers-with-37-5-technology-forest-ember-damske-nohavice\/","title":{"rendered":"Deerhunter Lady Climate Trousers with 37.5\u00ae Technology Forest Ember n\u0151i nadr\u00e1g"},"content":{"rendered":"<p>A Deerhunter Lady Climate 37.5\u00ae n\u0151i Forest Ember nadr\u00e1got kifejezetten c\u00e9ll\u00f6v\u00e9szetre tervezt\u00e9k, \u00e9s a vad\u00e1szok \u00e9s sportl\u00f6v\u0151k ig\u00e9nyeinek megfelel\u0151en alak\u00edtott\u00e1k ki. A combzsebek t\u00e1gasak \u00e9s strat\u00e9giailag elhelyezettek, hogy gyorsan hozz\u00e1f\u00e9rhessen az alapvet\u0151 felszerel\u00e9sekhez, \u00edgy \u00d6n a pontoss\u00e1gra \u00f6sszpontos\u00edthat. H\u00e1tul elasztikus der\u00e9kp\u00e1nt biztos\u00edtja a k\u00e9nyelmes, szoros illeszked\u00e9st, m\u00edg az elasztikus bet\u00e9tek maxim\u00e1lis mozg\u00e1sszabads\u00e1got biztos\u00edtanak, ak\u00e1r gyakorolsz, ak\u00e1r c\u00e9lba l\u0151sz. Az anyag l\u00e9legz\u0151, gyorsan sz\u00e1rad\u00f3 \u00e9s sz\u00e9l\u00e1ll\u00f3, \u00edgy intenz\u00edvebb haszn\u00e1lat sor\u00e1n is k\u00e9nyelmet biztos\u00edt. A meger\u0151s\u00edtett t\u00e9rd- \u00e9s \u00fcl\u00e9sr\u00e9szek tov\u00e1bbi tart\u00f3ss\u00e1got biztos\u00edtanak, m\u00edg a praktikus cipz\u00e1ras zsebek biztons\u00e1gos t\u00e1rol\u00e1st ny\u00fajtanak a legfontosabb dolgoknak. Ez a nadr\u00e1g t\u00f6k\u00e9letes v\u00e1laszt\u00e1s minden olyan vad\u00e1sz sz\u00e1m\u00e1ra, aki funkcionalit\u00e1st \u00e9s k\u00e9nyelmet keres az edz\u00e9snapokon.<\/p>\n<div>\n<h2>Term\u00e9kle\u00edr\u00e1s<\/h2>\n<\/div>\n<ul>\n<li><strong>Sz\u00edn:<\/strong> 3142-393 - Fa<\/li>\n<li><strong>Anyag:<\/strong> 65 % poli\u00e9szter, 35 % pamut<\/li>\n<li><strong>Aj\u00e1nlott mos\u00e1s:<\/strong> 40 \u00b0C, ne haszn\u00e1ljon l\u00e1gy\u00edt\u00f3szert, ne feh\u00e9r\u00edtse, ne sz\u00e1r\u00edtsa sz\u00e1r\u00edt\u00f3g\u00e9pben, legfeljebb 150 \u00b0C-on vasalja.<\/li>\n<li><strong>Gondoskod\u00e1s:<\/strong> mos\u00e1s hasonl\u00f3 sz\u00ednekkel, l\u00f3g\u00f3sz\u00e1r\u00edt\u00e1s, sz\u00e1razon tiszt\u00edt\u00e1s lehets\u00e9ges<\/li>\n<\/ul>\n<h2>Term\u00e9k param\u00e9terek<\/h2>\n<ul>\n<li>L\u00e9g\u00e1tereszt\u0151, gyorsan sz\u00e1rad\u00f3 sz\u00f6vet<\/li>\n<li>Sz\u00e9l\u00e1ll\u00f3s\u00e1g<\/li>\n<li>Rugalmas panelek a mozg\u00e1sszabads\u00e1g\u00e9rt<\/li>\n<li>Meger\u0151s\u00edtett t\u00e9rdek \u00e9s \u00fcl\u0151fel\u00fcletek<\/li>\n<li>Praktikus cipz\u00e1ras zsebek<\/li>\n<\/ul>","protected":false},"excerpt":{"rendered":"<p>A Deerhunter Climate 37.5 Forest Ember n\u0151i nadr\u00e1g l\u00e9legz\u0151, gyorsan sz\u00e1rad\u00f3 \u00e9s sz\u00e9l\u00e1ll\u00f3 anyagb\u00f3l k\u00e9sz\u00fcl, rugalmas bet\u00e9tekkel \u00e9s h\u00e1tul gum\u00edrozott der\u00e9kkal a biztos illeszked\u00e9s\u00e9rt, meger\u0151s\u00edtett t\u00e9rd- \u00e9s \u00fcl\u0151r\u00e9sszel, valamint t\u00e1gas combzsebekkel \u00e9s cipz\u00e1ras t\u00e1rol\u00f3kkal, ez\u00e9rt ide\u00e1lis l\u0151t\u00e9ri gyakorl\u00e1shoz \u00e9s edz\u00e9snapokra.<\/p>","protected":false},"featured_media":20844,"template":"","meta":{"_gspb_post_css":""},"product_brand":[],"product_cat":[2369],"product_tag":[2322,2700],"class_list":{"0":"post-20772","1":"product","2":"type-product","3":"status-publish","4":"has-post-thumbnail","6":"product_cat-nohavice","7":"product_tag-deerhunter","8":"product_tag-lady-climate","10":"first","11":"instock","12":"taxable","13":"shipping-taxable","14":"purchasable","15":"product-type-variable","16":"has-default-attributes"},"ct_brands":[],"_links":{"self":[{"href":"https:\/\/zbranebudai.sk\/hu\/wp-json\/wp\/v2\/product\/20772","targetHints":{"allow":["GET"]}}],"collection":[{"href":"https:\/\/zbranebudai.sk\/hu\/wp-json\/wp\/v2\/product"}],"about":[{"href":"https:\/\/zbranebudai.sk\/hu\/wp-json\/wp\/v2\/types\/product"}],"wp:featuredmedia":[{"embeddable":true,"href":"https:\/\/zbranebudai.sk\/hu\/wp-json\/wp\/v2\/media\/20844"}],"wp:attachment":[{"href":"https:\/\/zbranebudai.sk\/hu\/wp-json\/wp\/v2\/media?parent=20772"}],"wp:term":[{"taxonomy":"product_brand","embeddable":true,"href":"https:\/\/zbranebudai.sk\/hu\/wp-json\/wp\/v2\/product_brand?post=20772"},{"taxonomy":"product_cat","embeddable":true,"href":"https:\/\/zbranebudai.sk\/hu\/wp-json\/wp\/v2\/product_cat?post=20772"},{"taxonomy":"product_tag","embeddable":true,"href":"https:\/\/zbranebudai.sk\/hu\/wp-json\/wp\/v2\/product_tag?post=20772"}],"curies":[{"name":"wp","href":"https:\/\/api.w.org\/{rel}","templated":true}]}}