{"id":20770,"date":"2026-02-09T19:28:28","date_gmt":"2026-02-09T17:28:28","guid":{"rendered":"https:\/\/zbranebudai.sk\/?post_type=product&#038;p=20770"},"modified":"2026-02-10T10:55:39","modified_gmt":"2026-02-10T08:55:39","slug":"deerhunter-gamer-pro-light-wood-ferfi-teli-nadrag","status":"publish","type":"product","link":"https:\/\/zbranebudai.sk\/hu\/product\/deerhunter-gamer-pro-light-wood-panske-zimne-nohavice\/","title":{"rendered":"Deerhunter Gamer Pro Light Wood f\u00e9rfi t\u00e9li nadr\u00e1g"},"content":{"rendered":"<p>A Deerhunter f\u00e9rfi Gamer Pro Light Wood t\u00e9li nadr\u00e1g egy nagyszer\u0171 k\u00fclt\u00e9ri darab, amelyet a maxim\u00e1lis k\u00e9nyelem \u00e9s funkcionalit\u00e1s \u00e9rdek\u00e9ben terveztek a k\u00fcl\u00f6nb\u00f6z\u0151 id\u0151j\u00e1r\u00e1si k\u00f6r\u00fclm\u00e9nyek k\u00f6z\u00f6tt. Az 100% poli\u00e9szterb\u0151l k\u00e9sz\u00fclt nadr\u00e1g k\u00f6nny\u0171s\u00e9get, l\u00e9g\u00e1tereszt\u0151 k\u00e9pess\u00e9get, valamint v\u00edz- \u00e9s sz\u00e9l\u00e1ll\u00f3s\u00e1got biztos\u00edt, 3000 mm-es v\u00edz\u00e1ll\u00f3s\u00e1gi besorol\u00e1ssal. Speci\u00e1lisan kialak\u00edtott, a mobilit\u00e1st jav\u00edt\u00f3 elasztikus panelekkel ide\u00e1lisak az olyan szabadt\u00e9ri tev\u00e9kenys\u00e9gekhez, mint a vad\u00e1szat vagy a t\u00far\u00e1z\u00e1s. Ez a nadr\u00e1g t\u00f6k\u00e9letes v\u00e1laszt\u00e1s mindazoknak, akik megb\u00edzhat\u00f3s\u00e1got \u00e9s magas min\u0151s\u00e9get keresnek a szabadt\u00e9ri kalandok sor\u00e1n.<\/p>\n<p><strong>Membr\u00e1n garancia<\/strong> - 5 \u00e9v garancia a Deer-Tex\u00ae membr\u00e1n gy\u00e1rt\u00e1si hib\u00e1ira.<\/p>\n<p><strong>Deer-Tex\u00ae Performance Shell<\/strong> - lamin\u00e1lt a k\u00fcls\u0151 anyag m\u00f6g\u00e9, minden varr\u00e1sn\u00e1l ragaszt\u00f3szalaggal, 100 % v\u00edz\u00e1ll\u00f3, rendk\u00edv\u00fcl k\u00f6nny\u0171.<br \/>\n<strong>OEKO-TEX\u00ae tan\u00fas\u00edtv\u00e1ny<\/strong> - vil\u00e1gels\u0151 min\u0151s\u00edt\u00e9s, amely garant\u00e1lja, hogy a term\u00e9k mentes a k\u00e1ros anyagokt\u00f3l.<\/p>\n<h2>Term\u00e9kle\u00edr\u00e1s<\/h2>\n<ul>\n<li><strong>Sz\u00edn:<\/strong> 585 - Fa<\/li>\n<li><strong>Anyag:<\/strong> 100 % poli\u00e9szter<\/li>\n<li><strong>B\u00e9l\u00e9s:<\/strong> 100 % poli\u00e9szter<\/li>\n<li><strong>V\u00edz\u00e1ll\u00f3s\u00e1g:<\/strong> 3000 mm<\/li>\n<li><strong>Sz\u00e9l\u00e1ll\u00f3s\u00e1g:<\/strong> Igen<\/li>\n<li><strong>L\u00e9g\u00e1tereszt\u0151 k\u00e9pess\u00e9g:<\/strong> Igen<\/li>\n<li><strong>Zsebek sz\u00e1ma:<\/strong> t\u00f6bb cipz\u00e1ras zseb<\/li>\n<li><strong>Tan\u00fas\u00edt\u00e1s:<\/strong> OEKO-TEX\u00ae<\/li>\n<li><strong>Membr\u00e1n:<\/strong> Deer-Tex\u00ae Performance Shell<\/li>\n<li><strong>Garancia:<\/strong> 5 \u00e9v garancia a gy\u00e1rt\u00e1si hib\u00e1kra<\/li>\n<\/ul>\n<h2>Term\u00e9k param\u00e9terek<\/h2>\n<ul>\n<li>Rugalmass\u00e1g \u00e9s k\u00e9nyelem<\/li>\n<li>V\u00edz\u00e1ll\u00f3 \u00e9s l\u00e9g\u00e1tereszt\u0151<\/li>\n<li>Funkcion\u00e1lis t\u00e1rol\u00e1si lehet\u0151s\u00e9gek<\/li>\n<li>Maxim\u00e1lisan csendes anyag<\/li>\n<li>Ak\u00e1r 5 \u00e9v membr\u00e1ngarancia<\/li>\n<li>Deer-Tex\u00ae Performance Shell<\/li>\n<li>OEKO-TEX\u00ae tan\u00fas\u00edtv\u00e1ny<\/li>\n<\/ul>","protected":false},"excerpt":{"rendered":"<p>A Deerhunter Gamer Pro Light Wood f\u00e9rfi t\u00e9li nadr\u00e1g Deer-Tex Performance Shell membr\u00e1nnal 100% v\u00edz\u00e1ll\u00f3 \u00e9s sz\u00e9l\u00e1ll\u00f3, 3000 mm v\u00edz\u00e1ll\u00f3s\u00e1got ad, csendes, l\u00e9g\u00e1tereszt\u0151 100% poli\u00e9szter anyagb\u00f3l k\u00e9sz\u00fcl rugalmas panelekkel \u00e9s t\u00f6bb cipz\u00e1ras zsebbel, OEKO-TEX tan\u00fas\u00edtv\u00e1nnyal \u00e9s 5 \u00e9v membr\u00e1ngaranci\u00e1val.<\/p>","protected":false},"featured_media":20838,"template":"","meta":{"_gspb_post_css":""},"product_brand":[],"product_cat":[2369],"product_tag":[2322,2699],"class_list":{"0":"post-20770","1":"product","2":"type-product","3":"status-publish","4":"has-post-thumbnail","6":"product_cat-nohavice","7":"product_tag-deerhunter","8":"product_tag-gamer-pro-light","10":"first","11":"instock","12":"taxable","13":"shipping-taxable","14":"purchasable","15":"product-type-variable","16":"has-default-attributes"},"ct_brands":[],"_links":{"self":[{"href":"https:\/\/zbranebudai.sk\/hu\/wp-json\/wp\/v2\/product\/20770","targetHints":{"allow":["GET"]}}],"collection":[{"href":"https:\/\/zbranebudai.sk\/hu\/wp-json\/wp\/v2\/product"}],"about":[{"href":"https:\/\/zbranebudai.sk\/hu\/wp-json\/wp\/v2\/types\/product"}],"wp:featuredmedia":[{"embeddable":true,"href":"https:\/\/zbranebudai.sk\/hu\/wp-json\/wp\/v2\/media\/20838"}],"wp:attachment":[{"href":"https:\/\/zbranebudai.sk\/hu\/wp-json\/wp\/v2\/media?parent=20770"}],"wp:term":[{"taxonomy":"product_brand","embeddable":true,"href":"https:\/\/zbranebudai.sk\/hu\/wp-json\/wp\/v2\/product_brand?post=20770"},{"taxonomy":"product_cat","embeddable":true,"href":"https:\/\/zbranebudai.sk\/hu\/wp-json\/wp\/v2\/product_cat?post=20770"},{"taxonomy":"product_tag","embeddable":true,"href":"https:\/\/zbranebudai.sk\/hu\/wp-json\/wp\/v2\/product_tag?post=20770"}],"curies":[{"name":"wp","href":"https:\/\/api.w.org\/{rel}","templated":true}]}}