{"id":20769,"date":"2026-02-09T19:28:28","date_gmt":"2026-02-09T17:28:28","guid":{"rendered":"https:\/\/zbranebudai.sk\/?post_type=product&#038;p=20769"},"modified":"2026-02-10T10:54:21","modified_gmt":"2026-02-10T08:54:21","slug":"deerhunter-lady-atlas-timber-noi-nadrag","status":"publish","type":"product","link":"https:\/\/zbranebudai.sk\/hu\/product\/deerhunter-lady-atlas-timber-damske-nohavice\/","title":{"rendered":"Deerhunter Lady Atlas Timber n\u0151i nadr\u00e1g"},"content":{"rendered":"<p>A Deerhunter Lady Atlas Timber nadr\u00e1got kifejezetten edz\u00e9snapokra \u00e9s l\u0151gyakorlatokra tervezt\u00e9k. A t\u00e1gas combzsebek megk\u00f6nny\u00edtik a legfontosabb dolgok t\u00e1rol\u00e1s\u00e1t, \u00edgy minden k\u00e9zn\u00e9l lesz, mik\u00f6zben a l\u00f6v\u00e9si pontoss\u00e1got csiszolja. A h\u00e1tul tal\u00e1lhat\u00f3 rugalmas der\u00e9kp\u00e1nt k\u00e9nyelmes \u00e9s biztos illeszked\u00e9st biztos\u00edt. Ez a nadr\u00e1g ide\u00e1lis vad\u00e1szok \u00e9s sportl\u00f6v\u0151k sz\u00e1m\u00e1ra, akiknek edz\u00e9s k\u00f6zben fontos a k\u00e9nyelem \u00e9s a funkcionalit\u00e1s.<\/p>\n<div>\n<h2>Term\u00e9kle\u00edr\u00e1s<\/h2>\n<\/div>\n<ul>\n<li><strong>Sz\u00edn:<\/strong> 3142-393 - Fa<\/li>\n<li><strong>Anyag:<\/strong> 65 % poli\u00e9szter, 35 % pamut<\/li>\n<li><strong>Aj\u00e1nlott mos\u00e1s:<\/strong> 40 \u00b0C, ne haszn\u00e1ljon l\u00e1gy\u00edt\u00f3szert, ne feh\u00e9r\u00edtse, ne sz\u00e1r\u00edtsa sz\u00e1r\u00edt\u00f3g\u00e9pben, legfeljebb 150 \u00b0C-on vasalja.<\/li>\n<li><strong>Gondoskod\u00e1s:<\/strong> mos\u00e1s hasonl\u00f3 sz\u00ednekkel, sz\u00e1raz l\u00f3gat\u00e1s, vegytiszt\u00edt\u00e1s<\/li>\n<\/ul>\n<h2>Term\u00e9k param\u00e9terek<\/h2>\n<ul>\n<li>L\u00e9g\u00e1tereszt\u0151, gyorsan sz\u00e1rad\u00f3 sz\u00f6vet<\/li>\n<li>Sz\u00e9l\u00e1ll\u00f3 kialak\u00edt\u00e1s<\/li>\n<li>Rugalmas bet\u00e9tek a mozg\u00e1sszabads\u00e1g\u00e9rt<\/li>\n<li>Meger\u0151s\u00edtett t\u00e9rd- \u00e9s fen\u00e9kr\u00e9szek<\/li>\n<li>Praktikus cipz\u00e1ras zsebek<\/li>\n<\/ul>","protected":false},"excerpt":{"rendered":"<p>A Deerhunter Lady Atlas Timber n\u0151i nadr\u00e1g l\u00e9gz\u0151 \u00e9s gyorsan sz\u00e1rad\u00f3 anyagb\u00f3l k\u00e9sz\u00fcl, sz\u00e9l\u00e1ll\u00f3 kivitel\u0171, rugalmas der\u00e9kr\u00e9sszel \u00e9s bet\u00e9tekkel, meger\u0151s\u00edtett t\u00e9rd- \u00e9s \u00fcl\u0151fel\u00fclettel, valamint praktikus cipz\u00e1ras combzsebekkel, ez\u00e9rt ide\u00e1lis edz\u00e9snapokra \u00e9s l\u0151t\u00e9ri gyakorl\u00e1shoz.<\/p>","protected":false},"featured_media":20834,"template":"","meta":{"_gspb_post_css":""},"product_brand":[],"product_cat":[2369],"product_tag":[2322,2698],"class_list":{"0":"post-20769","1":"product","2":"type-product","3":"status-publish","4":"has-post-thumbnail","6":"product_cat-nohavice","7":"product_tag-deerhunter","8":"product_tag-lady-atlas","10":"first","11":"instock","12":"taxable","13":"shipping-taxable","14":"purchasable","15":"product-type-variable","16":"has-default-attributes"},"ct_brands":[],"_links":{"self":[{"href":"https:\/\/zbranebudai.sk\/hu\/wp-json\/wp\/v2\/product\/20769","targetHints":{"allow":["GET"]}}],"collection":[{"href":"https:\/\/zbranebudai.sk\/hu\/wp-json\/wp\/v2\/product"}],"about":[{"href":"https:\/\/zbranebudai.sk\/hu\/wp-json\/wp\/v2\/types\/product"}],"wp:featuredmedia":[{"embeddable":true,"href":"https:\/\/zbranebudai.sk\/hu\/wp-json\/wp\/v2\/media\/20834"}],"wp:attachment":[{"href":"https:\/\/zbranebudai.sk\/hu\/wp-json\/wp\/v2\/media?parent=20769"}],"wp:term":[{"taxonomy":"product_brand","embeddable":true,"href":"https:\/\/zbranebudai.sk\/hu\/wp-json\/wp\/v2\/product_brand?post=20769"},{"taxonomy":"product_cat","embeddable":true,"href":"https:\/\/zbranebudai.sk\/hu\/wp-json\/wp\/v2\/product_cat?post=20769"},{"taxonomy":"product_tag","embeddable":true,"href":"https:\/\/zbranebudai.sk\/hu\/wp-json\/wp\/v2\/product_tag?post=20769"}],"curies":[{"name":"wp","href":"https:\/\/api.w.org\/{rel}","templated":true}]}}