{"id":20767,"date":"2026-02-09T19:28:28","date_gmt":"2026-02-09T17:28:28","guid":{"rendered":"https:\/\/zbranebudai.sk\/?post_type=product&#038;p=20767"},"modified":"2026-02-10T10:59:13","modified_gmt":"2026-02-10T08:59:13","slug":"deerhunter-lady-canopy-stone-szurke-noi-nadrag","status":"publish","type":"product","link":"https:\/\/zbranebudai.sk\/hu\/product\/deerhunter-lady-canopy-stone-grey-damske-nohavice\/","title":{"rendered":"Deerhunter Lady Canopy Stone Grey n\u0151i nadr\u00e1g"},"content":{"rendered":"<p>A Deerhunter Lady Canopy Stone Grey nadr\u00e1g k\u00f6nny\u0171 k\u00e9nyelmet \u00e9s kiv\u00e9teles szell\u0151z\u00e9st k\u00edn\u00e1l, t\u00f6k\u00e9letes a melegebb h\u00f3napokban. A rugalmas ripstop anyag szabad mozg\u00e1st \u00e9s gyors sz\u00e1rad\u00e1st biztos\u00edt, m\u00edg az el\u0151form\u00e1zott t\u00e9rdek, az \u00e1ll\u00edthat\u00f3 boka \u00e9s a rugalmas der\u00e9kp\u00e1nt t\u00f6k\u00e9letes illeszked\u00e9st biztos\u00edt. A t\u00f6bbfunkci\u00f3s zsebek fokozz\u00e1k a praktikumot, \u00edgy a nadr\u00e1g t\u00f6k\u00e9letes v\u00e1laszt\u00e1s vad\u00e1szathoz, t\u00far\u00e1z\u00e1shoz vagy b\u00e1rmilyen szabadt\u00e9ri tev\u00e9kenys\u00e9ghez. A funkcionalit\u00e1s \u00e9s a k\u00e9nyelem t\u00f6k\u00e9letes kombin\u00e1ci\u00f3ja a ny\u00e1ri szabadt\u00e9ri ruhat\u00e1r elengedhetetlen r\u00e9sz\u00e9v\u00e9 teszi.<\/p>\n<div>\n<h2>Term\u00e9kle\u00edr\u00e1s<\/h2>\n<\/div>\n<ul>\n<li><strong>Sz\u00edn:<\/strong> 3307-983 - k\u0151sz\u00fcrke<\/li>\n<li><strong>Anyag:<\/strong> 88 % poli\u00e9szter, 12 % elaszt\u00e1n<\/li>\n<li><strong>Aj\u00e1nlott mos\u00e1s:<\/strong> 30 \u00b0C, ne haszn\u00e1ljon l\u00e1gy\u00edt\u00f3t, ne feh\u00e9r\u00edtse, ne sz\u00e1r\u00edtsa sz\u00e1r\u00edt\u00f3g\u00e9pben, vasalja max. 110 \u00b0C-on.<\/li>\n<li><strong>Gondoskod\u00e1s:<\/strong> hasonl\u00f3 sz\u00ednekkel mossuk, \u00e1rny\u00e9kban sz\u00e1r\u00edtsuk, ne tiszt\u00edtsuk sz\u00e1razon.<\/li>\n<\/ul>\n<h2>Term\u00e9k param\u00e9terek<\/h2>\n<ul>\n<li>L\u00e9legz\u0151 kialak\u00edt\u00e1s<\/li>\n<li>Rugalmas anyag<\/li>\n<li>Sz\u00e9l\u00e1ll\u00f3 \u00e9s v\u00edz\u00e1ll\u00f3 kialak\u00edt\u00e1s<\/li>\n<li>Rugalmas bet\u00e9tek a mozg\u00e1sszabads\u00e1g\u00e9rt<\/li>\n<li>Meger\u0151s\u00edtett alkatr\u00e9szek a nagyobb tart\u00f3ss\u00e1g \u00e9rdek\u00e9ben<\/li>\n<\/ul>","protected":false},"excerpt":{"rendered":"<p>A Deerhunter Lady Canopy Stone Grey n\u0151i nadr\u00e1g k\u00f6nny\u0171, rugalmas ripstop anyagb\u00f3l k\u00e9sz\u00fcl, gyorsan sz\u00e1rad \u00e9s kiv\u00e1l\u00f3an szell\u0151zik, rugalmas der\u00e9kkal, el\u0151re form\u00e1lt t\u00e9rddel, \u00e1ll\u00edthat\u00f3 bokar\u00e9sszel, meger\u0151s\u00edtett r\u00e9szekkel \u00e9s praktikus zsebekkel, ez\u00e9rt ide\u00e1lis meleg id\u0151ben vad\u00e1szathoz, t\u00far\u00e1z\u00e1shoz \u00e9s outdoor programokhoz.<\/p>","protected":false},"featured_media":20828,"template":"","meta":{"_gspb_post_css":""},"product_brand":[],"product_cat":[2369],"product_tag":[2322,2694],"class_list":{"0":"post-20767","1":"product","2":"type-product","3":"status-publish","4":"has-post-thumbnail","6":"product_cat-nohavice","7":"product_tag-deerhunter","8":"product_tag-lady-canopy","10":"first","11":"instock","12":"taxable","13":"shipping-taxable","14":"purchasable","15":"product-type-variable","16":"has-default-attributes"},"ct_brands":[],"_links":{"self":[{"href":"https:\/\/zbranebudai.sk\/hu\/wp-json\/wp\/v2\/product\/20767","targetHints":{"allow":["GET"]}}],"collection":[{"href":"https:\/\/zbranebudai.sk\/hu\/wp-json\/wp\/v2\/product"}],"about":[{"href":"https:\/\/zbranebudai.sk\/hu\/wp-json\/wp\/v2\/types\/product"}],"wp:featuredmedia":[{"embeddable":true,"href":"https:\/\/zbranebudai.sk\/hu\/wp-json\/wp\/v2\/media\/20828"}],"wp:attachment":[{"href":"https:\/\/zbranebudai.sk\/hu\/wp-json\/wp\/v2\/media?parent=20767"}],"wp:term":[{"taxonomy":"product_brand","embeddable":true,"href":"https:\/\/zbranebudai.sk\/hu\/wp-json\/wp\/v2\/product_brand?post=20767"},{"taxonomy":"product_cat","embeddable":true,"href":"https:\/\/zbranebudai.sk\/hu\/wp-json\/wp\/v2\/product_cat?post=20767"},{"taxonomy":"product_tag","embeddable":true,"href":"https:\/\/zbranebudai.sk\/hu\/wp-json\/wp\/v2\/product_tag?post=20767"}],"curies":[{"name":"wp","href":"https:\/\/api.w.org\/{rel}","templated":true}]}}