{"id":20765,"date":"2026-02-09T19:28:28","date_gmt":"2026-02-09T17:28:28","guid":{"rendered":"https:\/\/zbranebudai.sk\/?post_type=product&#038;p=20765"},"modified":"2026-02-10T11:00:20","modified_gmt":"2026-02-10T09:00:20","slug":"deerhunter-lady-eagle-tarmac-zold-noi-nadrag","status":"publish","type":"product","link":"https:\/\/zbranebudai.sk\/hu\/product\/deerhunter-lady-eagle-tarmac-green-damske-nohavice\/","title":{"rendered":"Deerhunter Lady Eagle Tarmac Green n\u0151i nadr\u00e1g"},"content":{"rendered":"<p>A Deerhunter Lady Eagle Tarmac Green nadr\u00e1g t\u00f6k\u00e9letes v\u00e1laszt\u00e1s minden id\u0151j\u00e1r\u00e1si k\u00f6r\u00fclm\u00e9nyhez. A sz\u00e9l\u00e1ll\u00f3 \u00e9s v\u00edz\u00e1ll\u00f3, ugyanakkor l\u00e9g\u00e1tereszt\u0151 Deer-Tex\u00ae Performance Shell membr\u00e1n kiv\u00e1l\u00f3 szigetel\u00e9st biztos\u00edt, mik\u00f6zben megv\u00e9di a vad\u00e1szt a zord id\u0151j\u00e1r\u00e1st\u00f3l. A klasszikus vad\u00e1sznadr\u00e1g modern v\u00e1ltozata, kifinomult r\u00e9szletekkel a st\u00edlus\u00e9rt. A praktikus funkci\u00f3kkal teli nadr\u00e1g t\u00f6k\u00e9letes v\u00e1laszt\u00e1s a szabadban t\u00f6lt\u00f6tt akt\u00edv napokra.<\/p>\n<p>A rugalmas panelek szabad mozg\u00e1st tesznek lehet\u0151v\u00e9 a kulcsfontoss\u00e1g\u00fa ter\u00fcleteken, ami k\u00fcl\u00f6n\u00f6sen fontos a fizikai megterhel\u00e9s sor\u00e1n. Az \u00e1ll\u00edthat\u00f3 der\u00e9kp\u00e1nt \u00e9s a mandzsetta az egy\u00e9ni ig\u00e9nyekhez igaz\u00edthat\u00f3, \u00edgy m\u00e9g jobb v\u00e9delmet ny\u00fajt a hideg ellen. A t\u00e9rd \u00e9s az \u00fcl\u00e9s meger\u0151s\u00edtett r\u00e9szei intenz\u00edv haszn\u00e1lat mellett is hossz\u00fa \u00e9lettartamot biztos\u00edtanak. A praktikus cipz\u00e1ras zsebek rengeteg t\u00e1rol\u00f3helyet biztos\u00edtanak a n\u00e9lk\u00fcl\u00f6zhetetlen felszerel\u00e9sek sz\u00e1m\u00e1ra. A nadr\u00e1g k\u00e9t el\u00fcls\u0151 zsebbel, egy p\u00e1ntos combzsebbel \u00e9s egy be\u00e9p\u00edtett v\u00e9szzsebbel rendelkezik - minden k\u00e9zn\u00e9l van, amire az ig\u00e9nyes vad\u00e1sznak sz\u00fcks\u00e9ge van. Maximaliz\u00e1lja a teljes\u00edtm\u00e9ny\u00e9t ezzel a megb\u00edzhat\u00f3 vad\u00e1sznadr\u00e1ggal, amely k\u00e9nyelmes \u00e9s ide\u00e1lis a hideg id\u0151j\u00e1r\u00e1s\u00fa vad\u00e1szathoz.<\/p>\n<div>\n<h2>Term\u00e9kle\u00edr\u00e1s<\/h2>\n<\/div>\n<ul>\n<li><strong>Sz\u00edn:<\/strong> 3957-379 - Aszfalt z\u00f6ld<\/li>\n<li><strong>Anyag\u00f6sszet\u00e9tel:<\/strong> 85 % poli\u00e9szter, 15 % poliamid<\/li>\n<li><strong>B\u00e9l\u00e9s:<\/strong> 100 % poli\u00e9szter, Deer-Tex\u00ae Temp 40 g\/m\u00b2<\/li>\n<li><strong>Aj\u00e1nlott mos\u00e1s:<\/strong> 30 \u00b0C-on, kiford\u00edtva, l\u00e1gy\u00edt\u00f3szer vagy feh\u00e9r\u00edt\u0151 n\u00e9lk\u00fcl, ne sz\u00e1r\u00edtsa sz\u00e1r\u00edt\u00f3g\u00e9pben, ne vasalja.<\/li>\n<li><strong>Gondoskod\u00e1s:<\/strong> hasonl\u00f3 sz\u00ednekkel moshat\u00f3, l\u00f3g\u00f3sz\u00e1r\u00edt\u00e1ssal, nem tiszt\u00edthat\u00f3 sz\u00e1razon.<\/li>\n<\/ul>\n<h2>Term\u00e9k param\u00e9terek<\/h2>\n<ul>\n<li>Sz\u00e9l- \u00e9s v\u00edzv\u00e9delmi anyag<\/li>\n<li>Kiv\u00e1l\u00f3 h\u0151szigetel\u00e9s<\/li>\n<li>Rugalmas panelek a mozg\u00e1sszabads\u00e1g\u00e9rt<\/li>\n<li>\u00c1ll\u00edthat\u00f3 der\u00e9k \u00e9s ujjbegy<\/li>\n<li>Meger\u0151s\u00edtett alkatr\u00e9szek a nagy ig\u00e9nybev\u00e9telnek kitett ter\u00fcleteken<\/li>\n<\/ul>","protected":false},"excerpt":{"rendered":"<p>A Deerhunter Lady Eagle Tarmac Green n\u0151i nadr\u00e1g Deer-Tex Performance Shell membr\u00e1nnal sz\u00e9l- \u00e9s v\u00edz\u00e1ll\u00f3, m\u00e9gis l\u00e9g\u00e1tereszt\u0151, Deer-Tex Temp 40 g\/m2 b\u00e9l\u00e9ssel h\u0151szigetelt, rugalmas panelekkel, \u00e1ll\u00edthat\u00f3 der\u00e9kkal \u00e9s mandzsett\u00e1kkal, meger\u0151s\u00edtett t\u00e9rd- \u00e9s \u00fclepr\u00e9sszel, valamint praktikus zsebekkel ide\u00e1lis hideg, v\u00e1ltoz\u00e9kony id\u0151ben is akt\u00edv vad\u00e1szathoz.<\/p>","protected":false},"featured_media":20822,"template":"","meta":{"_gspb_post_css":""},"product_brand":[],"product_cat":[2369],"product_tag":[2322,2650],"class_list":{"0":"post-20765","1":"product","2":"type-product","3":"status-publish","4":"has-post-thumbnail","6":"product_cat-nohavice","7":"product_tag-deerhunter","8":"product_tag-lady-eagle","10":"first","11":"instock","12":"taxable","13":"shipping-taxable","14":"purchasable","15":"product-type-variable","16":"has-default-attributes"},"ct_brands":[],"_links":{"self":[{"href":"https:\/\/zbranebudai.sk\/hu\/wp-json\/wp\/v2\/product\/20765","targetHints":{"allow":["GET"]}}],"collection":[{"href":"https:\/\/zbranebudai.sk\/hu\/wp-json\/wp\/v2\/product"}],"about":[{"href":"https:\/\/zbranebudai.sk\/hu\/wp-json\/wp\/v2\/types\/product"}],"wp:featuredmedia":[{"embeddable":true,"href":"https:\/\/zbranebudai.sk\/hu\/wp-json\/wp\/v2\/media\/20822"}],"wp:attachment":[{"href":"https:\/\/zbranebudai.sk\/hu\/wp-json\/wp\/v2\/media?parent=20765"}],"wp:term":[{"taxonomy":"product_brand","embeddable":true,"href":"https:\/\/zbranebudai.sk\/hu\/wp-json\/wp\/v2\/product_brand?post=20765"},{"taxonomy":"product_cat","embeddable":true,"href":"https:\/\/zbranebudai.sk\/hu\/wp-json\/wp\/v2\/product_cat?post=20765"},{"taxonomy":"product_tag","embeddable":true,"href":"https:\/\/zbranebudai.sk\/hu\/wp-json\/wp\/v2\/product_tag?post=20765"}],"curies":[{"name":"wp","href":"https:\/\/api.w.org\/{rel}","templated":true}]}}