{"id":20764,"date":"2026-02-09T19:28:28","date_gmt":"2026-02-09T17:28:28","guid":{"rendered":"https:\/\/zbranebudai.sk\/?post_type=product&#038;p=20764"},"modified":"2026-02-10T11:02:40","modified_gmt":"2026-02-10T09:02:40","slug":"deerhunter-eagle-tarmac-zold-ferfi-nadrag","status":"publish","type":"product","link":"https:\/\/zbranebudai.sk\/hu\/product\/deerhunter-eagle-tarmac-green-panske-nohavice\/","title":{"rendered":"Deerhunter Eagle Tarmac Green f\u00e9rfi nadr\u00e1g"},"content":{"rendered":"<p>A Deerhunter f\u00e9rfi Eagle Tarmac Green nadr\u00e1g t\u00f6k\u00e9letes v\u00e1laszt\u00e1s b\u00e1rmilyen id\u0151j\u00e1r\u00e1shoz. A sz\u00e9l\u00e1ll\u00f3, v\u00edz\u00e1ll\u00f3 \u00e9s l\u00e9legz\u0151 Deer-Tex\u00ae Performance Shell membr\u00e1n kiv\u00e1l\u00f3 szigetel\u00e9st, valamint megb\u00edzhat\u00f3 v\u00e9delmet ny\u00fajt az id\u0151j\u00e1r\u00e1s ellen. Ez a modell a klasszikus vad\u00e1sznadr\u00e1g modern \u00e9rtelmez\u00e9se, kifinomult r\u00e9szletekkel kieg\u00e9sz\u00edtve, amelyek a funkcionalit\u00e1st st\u00edlusoss\u00e1 teszik. Praktikus kialak\u00edt\u00e1s\u00e1nak k\u00f6sz\u00f6nhet\u0151en kiv\u00e1l\u00f3an alkalmas a szabadban - m\u00e9g kih\u00edv\u00e1st jelent\u0151 k\u00f6r\u00fclm\u00e9nyek k\u00f6z\u00f6tt is v\u00e9delmet \u00e9s k\u00e9nyelmes viseletet biztos\u00edt.<\/p>\n<p>A rugalmas panelek szabad mozg\u00e1st tesznek lehet\u0151v\u00e9 a kulcsfontoss\u00e1g\u00fa pontokon, ami fontos az akt\u00edv tev\u00e9kenys\u00e9gekn\u00e9l. A nadr\u00e1g dereka \u00e9s mandzsett\u00e1i \u00e1ll\u00edthat\u00f3ak, hogy egy\u00e9ni szab\u00e1st \u00e9s fokozott v\u00e9delmet ny\u00fajtsanak a hideg ellen. A meger\u0151s\u00edtett t\u00e9rd- \u00e9s \u00fcl\u00e9sr\u00e9szek intenz\u00edv haszn\u00e1lat sor\u00e1n is biztos\u00edtj\u00e1k a tart\u00f3ss\u00e1got. A cipz\u00e1ras zsebek biztons\u00e1gos \u00e9s k\u00f6nnyen hozz\u00e1f\u00e9rhet\u0151 t\u00e1rol\u00e1st biztos\u00edtanak - k\u00e9t el\u00fcls\u0151 zseb, egy p\u00e1ntos combzseb \u00e9s egy be\u00e9p\u00edtett k\u00e9s\/szersz\u00e1m zseb biztos\u00edtja, hogy minden sz\u00fcks\u00e9ges felszerel\u00e9s k\u00e9zn\u00e9l legyen. Maxim\u00e1lis teljes\u00edtm\u00e9ny hideg id\u0151ben - ez a vad\u00e1sznadr\u00e1g a k\u00e9nyelem \u00e9s a megb\u00edzhat\u00f3s\u00e1g jegy\u00e9ben k\u00e9sz\u00fclt.<\/p>\n<div>\n<h2>Term\u00e9kle\u00edr\u00e1s<\/h2>\n<\/div>\n<ul>\n<li><strong>Sz\u00edn:<\/strong> 3786-379 - Aszfalt z\u00f6ld<\/li>\n<li><strong>Anyag:<\/strong> 85 % poli\u00e9szter, 15 % poliamid<\/li>\n<li><strong>B\u00e9l\u00e9s:<\/strong> 100 % poli\u00e9szter, Deer-Tex\u00ae Temp 40 g\/m\u00b2<\/li>\n<li><strong>Aj\u00e1nlott mos\u00e1s:<\/strong> 30 \u00b0C-on, kiford\u00edtva, ne haszn\u00e1ljon l\u00e1gy\u00edt\u00f3t, ne feh\u00e9r\u00edtse, ne sz\u00e1r\u00edtsa sz\u00e1r\u00edt\u00f3g\u00e9pben, ne vasalja.<\/li>\n<li><strong>Gondoskod\u00e1s:<\/strong> hasonl\u00f3 sz\u00ednekkel moshat\u00f3, l\u00f3g\u00f3sz\u00e1r\u00edt\u00e1ssal, nem tiszt\u00edthat\u00f3 sz\u00e1razon.<\/li>\n<\/ul>\n<h2>Term\u00e9k param\u00e9terek<\/h2>\n<ul>\n<li>Sz\u00e9l\u00e1ll\u00f3 \u00e9s v\u00edz\u00e1ll\u00f3 anyag<\/li>\n<li>Magas szint\u0171 h\u0151szigetel\u00e9s<\/li>\n<li>Rugalmas panelek a mozg\u00e1sszabads\u00e1g\u00e9rt<\/li>\n<li>\u00c1ll\u00edthat\u00f3 der\u00e9kp\u00e1nt \u00e9s mandzsetta<\/li>\n<li>Meger\u0151s\u00edtett alkatr\u00e9szek a nagy kop\u00e1svesz\u00e9ly\u0171 ter\u00fcleteken<\/li>\n<\/ul>","protected":false},"excerpt":{"rendered":"<p>A Deerhunter Eagle Tarmac Green f\u00e9rfi nadr\u00e1g Deer-Tex Performance Shell membr\u00e1nnal sz\u00e9l- \u00e9s v\u00edz\u00e1ll\u00f3, m\u00e9gis l\u00e9g\u00e1tereszt\u0151, Deer-Tex Temp 40 g\/m2 b\u00e9l\u00e9ssel h\u0151szigetelt, rugalmas panelekkel, \u00e1ll\u00edthat\u00f3 der\u00e9kkal \u00e9s mandzsett\u00e1kkal, meger\u0151s\u00edtett t\u00e9rd- \u00e9s \u00fclepr\u00e9sszel, valamint cipz\u00e1ras zsebekkel a hideg, v\u00e1ltoz\u00e9kony id\u0151re.<\/p>","protected":false},"featured_media":20820,"template":"","meta":{"_gspb_post_css":""},"product_brand":[],"product_cat":[2369],"product_tag":[2322,2696],"class_list":{"0":"post-20764","1":"product","2":"type-product","3":"status-publish","4":"has-post-thumbnail","6":"product_cat-nohavice","7":"product_tag-deerhunter","8":"product_tag-eagle","10":"first","11":"instock","12":"taxable","13":"shipping-taxable","14":"purchasable","15":"product-type-variable","16":"has-default-attributes"},"ct_brands":[],"_links":{"self":[{"href":"https:\/\/zbranebudai.sk\/hu\/wp-json\/wp\/v2\/product\/20764","targetHints":{"allow":["GET"]}}],"collection":[{"href":"https:\/\/zbranebudai.sk\/hu\/wp-json\/wp\/v2\/product"}],"about":[{"href":"https:\/\/zbranebudai.sk\/hu\/wp-json\/wp\/v2\/types\/product"}],"wp:featuredmedia":[{"embeddable":true,"href":"https:\/\/zbranebudai.sk\/hu\/wp-json\/wp\/v2\/media\/20820"}],"wp:attachment":[{"href":"https:\/\/zbranebudai.sk\/hu\/wp-json\/wp\/v2\/media?parent=20764"}],"wp:term":[{"taxonomy":"product_brand","embeddable":true,"href":"https:\/\/zbranebudai.sk\/hu\/wp-json\/wp\/v2\/product_brand?post=20764"},{"taxonomy":"product_cat","embeddable":true,"href":"https:\/\/zbranebudai.sk\/hu\/wp-json\/wp\/v2\/product_cat?post=20764"},{"taxonomy":"product_tag","embeddable":true,"href":"https:\/\/zbranebudai.sk\/hu\/wp-json\/wp\/v2\/product_tag?post=20764"}],"curies":[{"name":"wp","href":"https:\/\/api.w.org\/{rel}","templated":true}]}}