{"id":20763,"date":"2026-02-09T19:28:27","date_gmt":"2026-02-09T17:28:27","guid":{"rendered":"https:\/\/zbranebudai.sk\/?post_type=product&#038;p=20763"},"modified":"2026-02-10T11:04:03","modified_gmt":"2026-02-10T09:04:03","slug":"deerhunter-lady-ann-pacific-kek-noi-vadaszcsizma","status":"publish","type":"product","link":"https:\/\/zbranebudai.sk\/hu\/product\/deerhunter-lady-ann-pacific-blue-damske-lovecke-sortky\/","title":{"rendered":"Deerhunter Lady Ann Pacific Blue n\u0151i r\u00f6vid vad\u00e1sznadr\u00e1g"},"content":{"rendered":"<p>Deerhunter Lady Ann Pacific Blue n\u0151i vad\u00e1sznadr\u00e1g r\u00f6vidnadr\u00e1g A l\u00e9g\u00e1tereszt\u0151 k\u00e9pess\u00e9g \u00e9s a rugalmass\u00e1g adott. A teflon bevonat v\u00edz\u00e1ll\u00f3s\u00e1got \u00e9s l\u00e9g\u00e1tereszt\u0151 k\u00e9pess\u00e9get biztos\u00edt, ami elengedhetetlen a ny\u00e1ri szabadt\u00e9ri kalandokhoz. Az elasztikus der\u00e9kp\u00e1nt \u00e9s a strat\u00e9giailag elhelyezett zsebek a megfelel\u0151 v\u00e1laszt\u00e1s a sokoldal\u00fas\u00e1g, a tart\u00f3ss\u00e1g \u00e9s a teljes\u00edtm\u00e9ny \u00e9rdek\u00e9ben.<\/p>\n<h2>Term\u00e9kle\u00edr\u00e1s<\/h2>\n<ul>\n<li><strong>Sz\u00edn:<\/strong> 772 - Csendes-\u00f3ce\u00e1ni k\u00e9k<\/li>\n<li><strong>K\u00fcls\u0151 anyag:<\/strong> 65 % poli\u00e9szter \/ 35 % pamut<\/li>\n<li><strong>Kontrasztos anyag:<\/strong> 57 % poliamid \/ 33 % poli\u00e9szter \/ 10 % elaszt\u00e1n<\/li>\n<\/ul>\n<h2>Term\u00e9k param\u00e9terek<\/h2>\n<ul>\n<li>Rugalmass\u00e1g a der\u00e9kn\u00e1l<\/li>\n<li>K\u00e9t el\u00fcls\u0151 zseb<\/li>\n<li>K\u00e9t zseb a combon<\/li>\n<li>Zseb a bal comb bels\u0151 zseb\u00e9ben<\/li>\n<li>H\u00e1ts\u00f3 zseb rejtett cipz\u00e1rral<\/li>\n<li>Elasztikus anyag a nagyobb mobilit\u00e1s \u00e9s k\u00e9nyelem \u00e9rdek\u00e9ben<\/li>\n<\/ul>","protected":false},"excerpt":{"rendered":"<p>A Deerhunter Lady Ann Pacific Blue n\u0151i r\u00f6vidnadr\u00e1g teflonbevonat\u00fa, l\u00e9g\u00e1tereszt\u0151 \u00e9s rugalmas, rugalmas der\u00e9kkal, t\u00f6bb praktikus zsebbel \u00e9s ny\u00fajthat\u00f3 bet\u00e9tekkel, ez\u00e9rt ide\u00e1lis ny\u00e1ri vad\u00e1szathoz, t\u00far\u00e1z\u00e1shoz \u00e9s szabadt\u00e9ri programokhoz.<\/p>","protected":false},"featured_media":20817,"template":"","meta":{"_gspb_post_css":""},"product_brand":[],"product_cat":[2369],"product_tag":[2322,2374],"class_list":{"0":"post-20763","1":"product","2":"type-product","3":"status-publish","4":"has-post-thumbnail","6":"product_cat-nohavice","7":"product_tag-deerhunter","8":"product_tag-lady-ann","10":"first","11":"instock","12":"taxable","13":"shipping-taxable","14":"purchasable","15":"product-type-variable","16":"has-default-attributes"},"ct_brands":[],"_links":{"self":[{"href":"https:\/\/zbranebudai.sk\/hu\/wp-json\/wp\/v2\/product\/20763","targetHints":{"allow":["GET"]}}],"collection":[{"href":"https:\/\/zbranebudai.sk\/hu\/wp-json\/wp\/v2\/product"}],"about":[{"href":"https:\/\/zbranebudai.sk\/hu\/wp-json\/wp\/v2\/types\/product"}],"wp:featuredmedia":[{"embeddable":true,"href":"https:\/\/zbranebudai.sk\/hu\/wp-json\/wp\/v2\/media\/20817"}],"wp:attachment":[{"href":"https:\/\/zbranebudai.sk\/hu\/wp-json\/wp\/v2\/media?parent=20763"}],"wp:term":[{"taxonomy":"product_brand","embeddable":true,"href":"https:\/\/zbranebudai.sk\/hu\/wp-json\/wp\/v2\/product_brand?post=20763"},{"taxonomy":"product_cat","embeddable":true,"href":"https:\/\/zbranebudai.sk\/hu\/wp-json\/wp\/v2\/product_cat?post=20763"},{"taxonomy":"product_tag","embeddable":true,"href":"https:\/\/zbranebudai.sk\/hu\/wp-json\/wp\/v2\/product_tag?post=20763"}],"curies":[{"name":"wp","href":"https:\/\/api.w.org\/{rel}","templated":true}]}}