{"id":20756,"date":"2026-02-09T19:27:27","date_gmt":"2026-02-09T17:27:27","guid":{"rendered":"https:\/\/zbranebudai.sk\/?post_type=product&#038;p=20756"},"modified":"2026-02-10T11:32:11","modified_gmt":"2026-02-10T09:32:11","slug":"deerhunter-ifjusagi-chasse-nadrag-olive-night-melange-gyerek-nadrag","status":"publish","type":"product","link":"https:\/\/zbranebudai.sk\/hu\/product\/deerhunter-youth-chasse-trousers-olive-night-melange-detske-nohavice\/","title":{"rendered":"Deerhunter Youth Chasse Trousers Olive Night melange gyermek nadr\u00e1g"},"content":{"rendered":"<p>A Deerhunter Youth Chasse Trousers Olive Night melange min\u0151s\u00e9gi ruh\u00e1zat, amely ide\u00e1lis a szabadban. A nadr\u00e1g el\u0151form\u00e1zott t\u00e9rdekkel rendelkezik, ami mozg\u00e1sszabads\u00e1got \u00e9s k\u00e9nyelmet biztos\u00edt a kisebb m\u00e9ret\u0171 term\u00e9szetj\u00e1r\u00f3k sz\u00e1m\u00e1ra. A rugalmas der\u00e9ksz\u00edj keresztir\u00e1ny\u00fa v\u00e9delmet ny\u00fajt hideg id\u0151ben. A nadr\u00e1g megfelel\u0151 sz\u00e1m\u00fa zsebbel rendelkezik. A nadr\u00e1g eleganci\u00e1j\u00e1t t\u00f6k\u00e9letesen kieg\u00e9sz\u00edti a bokaszab\u00e1lyoz\u00e1s lehet\u0151s\u00e9ge.<\/p>\n<p><strong>DEER-TEX membr\u00e1n<\/strong> - ez egy lamin\u00e1lt k\u00fcls\u0151 anyag, amely minden varr\u00e1sn\u00e1l ragaszt\u00e1ssal van ell\u00e1tva. 100 % v\u00edz\u00e1ll\u00f3. Ez egy rendk\u00edv\u00fcl k\u00f6nny\u0171 membr\u00e1n, amelyet a technikaiasabb Deerhunter term\u00e9kekben, p\u00e9ld\u00e1ul a Chasse term\u00e9kcsal\u00e1dban haszn\u00e1lnak.<\/p>\n<h2>Term\u00e9kle\u00edr\u00e1s<\/h2>\n<ul>\n<li><strong>Sz\u00edn:<\/strong> 365 - Olive Night Melange<\/li>\n<li><strong>M\u00e9retek:<\/strong> 116\/128\/140\/152\/164<\/li>\n<li><strong>K\u00fcls\u0151 anyag:<\/strong> 100 % poli\u00e9szter<\/li>\n<li><strong>Kontrasztos anyag:<\/strong> 100 % poli\u00e9szter<\/li>\n<li><strong>B\u00e9l\u00e9s:<\/strong> 100 % poli\u00e9szter<\/li>\n<li><strong>Aj\u00e1nlott mos\u00e1s:<\/strong> ne haszn\u00e1ljon l\u00e1gy\u00edt\u00f3t, bel\u00fclr\u0151l kiford\u00edtva mossa, hasonl\u00f3 sz\u00ednekkel mossa.<\/li>\n<li><strong>V\u00edz\u00e1ll\u00f3s\u00e1g:<\/strong> 100 %<\/li>\n<li><strong>Ragasztott varratok:<\/strong> Igen<\/li>\n<li><strong>Membr\u00e1n:<\/strong> DEER-TEX<\/li>\n<\/ul>\n<h2>Term\u00e9k param\u00e9terek<\/h2>\n<ul>\n<li>Elasztikus der\u00e9kp\u00e1nt<\/li>\n<li>El\u0151re form\u00e1zott t\u00e9rdek<\/li>\n<li>\u00c1ll\u00edthat\u00f3 bokap\u00e1ntok t\u00e9p\u0151z\u00e1ras r\u00f6gz\u00edt\u0151kkel<\/li>\n<li>K\u00e9t el\u00fcls\u0151 zseb<\/li>\n<li>K\u00e9t combzseb rejtett cipz\u00e1rakkal<\/li>\n<li>Egy rejtett k\u00e9s zseb<\/li>\n<li>H\u00e1ts\u00f3 zseb rejtett cipz\u00e1rral<\/li>\n<li>Sztecs<\/li>\n<li>V\u00edzleperget\u0151<\/li>\n<li>Sz\u00e9l\u00e1ll\u00f3<\/li>\n<\/ul>","protected":false},"excerpt":{"rendered":"<p>A Deerhunter Chasse Olive Night Melange gyermek nadr\u00e1g DEER-TEX membr\u00e1nnal \u00e9s ragasztott varratokkal 100% v\u00edz\u00e1ll\u00f3, sz\u00e9l\u00e1ll\u00f3 \u00e9s k\u00e9nyelmes, rugalmas der\u00e9kkal, el\u0151re form\u00e1zott t\u00e9rddel, \u00e1ll\u00edthat\u00f3 bokar\u00e9sszel \u00e9s t\u00f6bb rejtett cipz\u00e1ras zsebbel, ez\u00e9rt ide\u00e1lis term\u00e9szetj\u00e1r\u00e1shoz h\u0171v\u00f6sebb, v\u00e1ltoz\u00e9kony id\u0151ben.<\/p>","protected":false},"featured_media":20801,"template":"","meta":{"_gspb_post_css":""},"product_brand":[],"product_cat":[2369],"product_tag":[2322,2693],"class_list":{"0":"post-20756","1":"product","2":"type-product","3":"status-publish","4":"has-post-thumbnail","6":"product_cat-nohavice","7":"product_tag-deerhunter","8":"product_tag-youth-chasse-trousers","10":"first","11":"instock","12":"taxable","13":"shipping-taxable","14":"purchasable","15":"product-type-variable","16":"has-default-attributes"},"ct_brands":[],"_links":{"self":[{"href":"https:\/\/zbranebudai.sk\/hu\/wp-json\/wp\/v2\/product\/20756","targetHints":{"allow":["GET"]}}],"collection":[{"href":"https:\/\/zbranebudai.sk\/hu\/wp-json\/wp\/v2\/product"}],"about":[{"href":"https:\/\/zbranebudai.sk\/hu\/wp-json\/wp\/v2\/types\/product"}],"wp:featuredmedia":[{"embeddable":true,"href":"https:\/\/zbranebudai.sk\/hu\/wp-json\/wp\/v2\/media\/20801"}],"wp:attachment":[{"href":"https:\/\/zbranebudai.sk\/hu\/wp-json\/wp\/v2\/media?parent=20756"}],"wp:term":[{"taxonomy":"product_brand","embeddable":true,"href":"https:\/\/zbranebudai.sk\/hu\/wp-json\/wp\/v2\/product_brand?post=20756"},{"taxonomy":"product_cat","embeddable":true,"href":"https:\/\/zbranebudai.sk\/hu\/wp-json\/wp\/v2\/product_cat?post=20756"},{"taxonomy":"product_tag","embeddable":true,"href":"https:\/\/zbranebudai.sk\/hu\/wp-json\/wp\/v2\/product_tag?post=20756"}],"curies":[{"name":"wp","href":"https:\/\/api.w.org\/{rel}","templated":true}]}}