{"id":20755,"date":"2026-02-09T19:27:27","date_gmt":"2026-02-09T17:27:27","guid":{"rendered":"https:\/\/zbranebudai.sk\/?post_type=product&#038;p=20755"},"modified":"2026-02-10T11:35:36","modified_gmt":"2026-02-10T09:35:36","slug":"deerhunter-thunder-rain-ferfi-vizallo-nadrag","status":"publish","type":"product","link":"https:\/\/zbranebudai.sk\/hu\/product\/deerhunter-thunder-rain-panske-nepremokave-nohavice\/","title":{"rendered":"Deerhunter Thunder Rain f\u00e9rfi viz\u00e1ll\u00f3 nadr\u00e1g"},"content":{"rendered":"<p>A Deerhunter Thunder Rain f\u00e9rfi v\u00edz\u00e1ll\u00f3 nadr\u00e1g nagyon k\u00e9nyelmes, k\u00f6nnyen r\u00f6gz\u00edthet\u0151 \u00e9s elasztikus der\u00e9kp\u00e1nttal rendelkezik. A v\u00e9kony \u00e9s k\u00f6nny\u0171 elasztikus anyag k\u00e9nyelmes viseletet biztos\u00edt. K\u00f6nnyeds\u00e9g\u00e9t vizes \u00e1llapotban is \u00e9rt\u00e9kelj\u00fck, \u00e9s nem n\u00f6veli a s\u00faly\u00e1t. A nadr\u00e1gnak k\u00e9t el\u00fcls\u0151 zsebe van rejtett cipz\u00e1rral, hogy k\u00f6nnyen hozz\u00e1f\u00e9rjen a holmijaihoz. A bok\u00e1n\u00e1l tal\u00e1lhat\u00f3 \u00e1ll\u00edthat\u00f3 t\u00e9p\u0151z\u00e1ras r\u00e9sz lehet\u0151v\u00e9 teszi, hogy a v\u00e9g\u00fck\u00f6n \u00e9s a csizm\u00e1juk f\u00f6l\u00f6tt is begombolhass\u00e1k \u0151ket. Ez megakad\u00e1lyozza, hogy a v\u00edz besziv\u00e1rogjon a csizm\u00e1j\u00e1ba vagy a magasabb cip\u0151j\u00e9be. K\u00f6nnyen \u00f6sszecsukhat\u00f3ak, ak\u00e1r egy h\u00e1tizs\u00e1kba, ak\u00e1r m\u00e1s tetsz\u0151leges helyre. Nem foglalnak sok helyet. Megel\u00e9gedetts\u00e9get biztos\u00edtanak, ha az id\u0151j\u00e1r\u00e1s v\u00e1ratlanul megv\u00e1ltozik.<\/p>\n<h2>Term\u00e9kle\u00edr\u00e1s<\/h2>\n<ul>\n<li><strong>M\u00e9retek:<\/strong> S-3XL<\/li>\n<li><strong>Sz\u00edn:<\/strong> olajbarna<\/li>\n<li><strong>A k\u00fcls\u0151 r\u00e9teg \u00f6sszet\u00e9tele:<\/strong> 100 % poli\u00e9szter<\/li>\n<\/ul>\n<h2>Term\u00e9k param\u00e9terek<\/h2>\n<ul>\n<li>Puha \u00e9s rendk\u00edv\u00fcl rugalmas es\u0151nadr\u00e1g<\/li>\n<li>Rugalmass\u00e1g a der\u00e9kn\u00e1l<\/li>\n<li>K\u00e9t el\u00fcls\u0151 zseb rejtett cipz\u00e1ras z\u00e1r\u00f3d\u00e1ssal<\/li>\n<li>\u00c1ll\u00edthat\u00f3 boka t\u00e9p\u0151z\u00e1rral<\/li>\n<li>100 % v\u00edz\u00e1ll\u00f3<\/li>\n<\/ul>","protected":false},"excerpt":{"rendered":"<p>A Deerhunter Thunder Rain f\u00e9rfi es\u0151nadr\u00e1g 100% v\u00edz\u00e1ll\u00f3, puha \u00e9s rendk\u00edv\u00fcl ny\u00fajthat\u00f3, rugalmas der\u00e9kkal, k\u00e9t rejtett cipz\u00e1ras zsebbel \u00e9s t\u00e9p\u0151z\u00e1ras, \u00e1ll\u00edthat\u00f3 bok\u00e1val, ez\u00e9rt k\u00f6nny\u0171, kis helyen elf\u00e9r \u00e9s gyors id\u0151j\u00e1r\u00e1s-v\u00e1ltoz\u00e1sn\u00e1l is megb\u00edzhat\u00f3 v\u00e9delem.<\/p>","protected":false},"featured_media":20799,"template":"","meta":{"_gspb_post_css":""},"product_brand":[],"product_cat":[2369],"product_tag":[2322,2560],"class_list":{"0":"post-20755","1":"product","2":"type-product","3":"status-publish","4":"has-post-thumbnail","6":"product_cat-nohavice","7":"product_tag-deerhunter","8":"product_tag-thunder-rain","10":"first","11":"instock","12":"taxable","13":"shipping-taxable","14":"purchasable","15":"product-type-variable","16":"has-default-attributes"},"ct_brands":[],"_links":{"self":[{"href":"https:\/\/zbranebudai.sk\/hu\/wp-json\/wp\/v2\/product\/20755","targetHints":{"allow":["GET"]}}],"collection":[{"href":"https:\/\/zbranebudai.sk\/hu\/wp-json\/wp\/v2\/product"}],"about":[{"href":"https:\/\/zbranebudai.sk\/hu\/wp-json\/wp\/v2\/types\/product"}],"wp:featuredmedia":[{"embeddable":true,"href":"https:\/\/zbranebudai.sk\/hu\/wp-json\/wp\/v2\/media\/20799"}],"wp:attachment":[{"href":"https:\/\/zbranebudai.sk\/hu\/wp-json\/wp\/v2\/media?parent=20755"}],"wp:term":[{"taxonomy":"product_brand","embeddable":true,"href":"https:\/\/zbranebudai.sk\/hu\/wp-json\/wp\/v2\/product_brand?post=20755"},{"taxonomy":"product_cat","embeddable":true,"href":"https:\/\/zbranebudai.sk\/hu\/wp-json\/wp\/v2\/product_cat?post=20755"},{"taxonomy":"product_tag","embeddable":true,"href":"https:\/\/zbranebudai.sk\/hu\/wp-json\/wp\/v2\/product_tag?post=20755"}],"curies":[{"name":"wp","href":"https:\/\/api.w.org\/{rel}","templated":true}]}}