{"id":20753,"date":"2026-02-09T19:27:27","date_gmt":"2026-02-09T17:27:27","guid":{"rendered":"https:\/\/zbranebudai.sk\/?post_type=product&#038;p=20753"},"modified":"2026-02-10T11:08:56","modified_gmt":"2026-02-10T09:08:56","slug":"deerhunter-mallard-realtree-max-5-ferfi-teli-nadrag","status":"publish","type":"product","link":"https:\/\/zbranebudai.sk\/hu\/product\/deerhunter-mallard-realtree-max-5-panske-zimne-nohavice\/","title":{"rendered":"Deerhunter Mallard Realtree Max-5 f\u00e9rfi t\u00e9li nadr\u00e1g"},"content":{"rendered":"<p>A Deerhunter Mallard Realtree Max-5 f\u00e9rfi t\u00e9li nadr\u00e1got kifejezetten a t\u00e9li vad\u00e1szathoz tervezt\u00e9k, \u00e9s a k\u00e9nyelmet, a tart\u00f3ss\u00e1got \u00e9s a v\u00e9delmet \u00f6tv\u00f6zi. Be\u00e9p\u00edtett, levehet\u0151 der\u00e9kp\u00e1ntja lehet\u0151v\u00e9 teszi, hogy a nadr\u00e1got sz\u00fcks\u00e9g szerint \u00e1ll\u00edtsa be, \u00e9s intenz\u00edv mozg\u00e1s k\u00f6zben is a hely\u00e9n tartsa. Hat t\u00e1gas zsebbel rendelkezik, amelyek rengeteg helyet biztos\u00edtanak az alapvet\u0151 dolgok t\u00e1rol\u00e1s\u00e1ra.<\/p>\n<p>Az el\u0151form\u00e1zott t\u00e9rdek n\u00f6velik a k\u00e9nyelmet \u00e9s jobb mobilit\u00e1st biztos\u00edtanak, amit k\u00fcl\u00f6n\u00f6sen a hossz\u00fa vid\u00e9ki s\u00e9t\u00e1k sor\u00e1n fog \u00e9rt\u00e9kelni. A nadr\u00e1g 100% poli\u00e9szterb\u0151l k\u00e9sz\u00fclt, ugyanebb\u0151l az anyagb\u00f3l k\u00e9sz\u00fclt b\u00e9l\u00e9ssel, amely hossz\u00fa \u00e9lettartamot \u00e9s tart\u00f3ss\u00e1got garant\u00e1l. K\u00e9tir\u00e1ny\u00fa YKK v\u00edz\u00e1ll\u00f3 cipz\u00e1rral van ell\u00e1tva a funkcionalit\u00e1s \u00e9s a felhaszn\u00e1l\u00f3i k\u00e9nyelem n\u00f6vel\u00e9se \u00e9rdek\u00e9ben.<\/p>\n<p>A DEER-TEX\u00ae Performance Shell membr\u00e1n, amely a sz\u00f6vet h\u00e1toldal\u00e1ra van lamin\u00e1lva \u00e9s minden varr\u00e1sn\u00e1l szalaggal van ell\u00e1tva, 100% v\u00edz\u00e1ll\u00f3s\u00e1got biztos\u00edt. A membr\u00e1n emellett rendk\u00edv\u00fcl k\u00f6nny\u0171, \u00edgy ide\u00e1lis v\u00e1laszt\u00e1s a Deerhunter technikai term\u00e9kekhez. L\u00e9g\u00e1tereszt\u0151 k\u00e9pess\u00e9g\u00e9nek k\u00f6sz\u00f6nhet\u0151en a nadr\u00e1g optim\u00e1lis nedvess\u00e9gszab\u00e1lyoz\u00e1st biztos\u00edt.<\/p>\n<p>A nadr\u00e1g kiv\u00e1l\u00f3 v\u00e9delmet ny\u00fajt az es\u0151, a h\u00f3, a sz\u00e9l \u00e9s m\u00e1s elemek ellen, mik\u00f6zben maxim\u00e1lis szigetel\u00e9st biztos\u00edt, ami elengedhetetlen a hideg id\u0151j\u00e1r\u00e1si tev\u00e9kenys\u00e9gekhez. Nagy sz\u00e9l\u00e1ll\u00f3s\u00e1ggal \u00e9s sztreccsel rendelkezik, amely minden mozg\u00e1sn\u00e1l k\u00e9nyelmet biztos\u00edt.<\/p>\n<p>A membr\u00e1nra 5 \u00e9v garanci\u00e1t v\u00e1llalunk gy\u00e1rt\u00e1si hib\u00e1k ellen, ami meger\u0151s\u00edti az anyag \u00e9s a kivitelez\u00e9s magas min\u0151s\u00e9g\u00e9t. A nadr\u00e1g aj\u00e1nlott \u00e1pol\u00e1sa mag\u00e1ban foglalja a k\u00edm\u00e9letes mos\u00e1st 30\u00b0C-on \u00f6bl\u00edt\u00e9s n\u00e9lk\u00fcl, ami seg\u00edt meg\u0151rizni a funkcion\u00e1lis tulajdons\u00e1gait \u00e9s a tart\u00f3ss\u00e1g\u00e1t.<\/p>\n<p><strong>DEER-TEX\u00ae Performance Shell<\/strong> - lamin\u00e1lt a k\u00fcls\u0151 anyag h\u00e1toldal\u00e1n, \u00e9s az \u00f6sszes varr\u00e1sn\u00e1l ragaszt\u00f3szalaggal van ell\u00e1tva, \u00edgy a 100 % v\u00edz\u00e1ll\u00f3. Ez a membr\u00e1n rendk\u00edv\u00fcl k\u00f6nny\u0171, ez\u00e9rt haszn\u00e1lj\u00e1k a technik\u00e1sabb Deerhunter term\u00e9kekben.<\/p>\n<p><strong>Membr\u00e1n garancia<\/strong> - 5 \u00e9v garancia a Deer-Tex\u00ae membr\u00e1n gy\u00e1rt\u00e1si hib\u00e1ira.<\/p>\n<h2>Term\u00e9kle\u00edr\u00e1s<\/h2>\n<ul>\n<li><strong>Sz\u00edn:<\/strong> Realtree Max-5<\/li>\n<li><strong>Anyag:<\/strong> 100 % poli\u00e9szter<\/li>\n<li><strong>B\u00e9l\u00e9s:<\/strong> 100 % poli\u00e9szter<\/li>\n<li><strong>El\u0151re form\u00e1zott t\u00e9rdek:<\/strong> Igen<\/li>\n<li><strong>Zips:<\/strong> YKK, v\u00edz\u00e1ll\u00f3, megford\u00edthat\u00f3<\/li>\n<li><strong>Zsebek sz\u00e1ma:<\/strong> 6<\/li>\n<li><strong>V\u00edz\u00e1ll\u00f3s\u00e1g:<\/strong> Igen<\/li>\n<li><strong>Rugalmass\u00e1g:<\/strong> Igen<\/li>\n<li><strong>L\u00e9legz\u0151k\u00e9pess\u00e9g:<\/strong> Igen<\/li>\n<li><strong>Sz\u00e9l\u00e1ll\u00f3s\u00e1g:<\/strong> Igen<\/li>\n<li><strong>Varratok:<\/strong> ragasztott<\/li>\n<li><strong>Csukl\u00f3:<\/strong> igen, kivehet\u0151<\/li>\n<li><strong>Aj\u00e1nlott \u00e1pol\u00e1s:<\/strong> ne haszn\u00e1ljon l\u00e1gy\u00edt\u00f3t, kiford\u00edtva mossa, k\u00fcl\u00f6n mossa, k\u00edm\u00e9l\u0151 mos\u00e1s - max. 30 \u00b0C, ne feh\u00e9r\u00edtse, ne sz\u00e1r\u00edtsa sz\u00e1r\u00edt\u00f3g\u00e9pben, ne vasalja.<\/li>\n<\/ul>\n<h2>Term\u00e9k param\u00e9terek<\/h2>\n<ul>\n<li>Be\u00e9p\u00edtett levehet\u0151 p\u00e1ntok<\/li>\n<li>Sok t\u00e1gas zseb<\/li>\n<li>El\u0151re form\u00e1zott t\u00e9rdek<\/li>\n<li>DEER-TEX\u00ae Performance Shell<\/li>\n<li>Ak\u00e1r 5 \u00e9v garancia a membr\u00e1n gy\u00e1rt\u00e1si hib\u00e1ira<\/li>\n<li>Kiv\u00e1l\u00f3 v\u00e9delem a t\u00e9li vad\u00e1szat sor\u00e1n<\/li>\n<li>Maxim\u00e1lis h\u0151szigetel\u00e9s<\/li>\n<li>V\u00e9delem az es\u0151, h\u00f3, sz\u00e9l \u00e9s m\u00e1s term\u00e9szeti elemek ellen.<\/li>\n<\/ul>","protected":false},"excerpt":{"rendered":"<p>A Deerhunter Mallard Realtree Max-5 f\u00e9rfi t\u00e9li nadr\u00e1g DEER-TEX Performance Shell membr\u00e1nnal \u00e9s ragasztott varratokkal 100% v\u00edz\u00e1ll\u00f3, maxim\u00e1lis h\u0151szigetel\u00e9st ad, levehet\u0151 p\u00e1ntokkal, 6 zsebbel, el\u0151re form\u00e1lt t\u00e9rddel \u00e9s k\u00e9tir\u00e1ny\u00fa v\u00edz\u00e1ll\u00f3 YKK cipz\u00e1rral k\u00e9sz\u00fclt, ez\u00e9rt ide\u00e1lis t\u00e9li vad\u00e1szatra es\u0151ben, h\u00f3ban \u00e9s sz\u00e9lben.<\/p>","protected":false},"featured_media":20792,"template":"","meta":{"_gspb_post_css":""},"product_brand":[],"product_cat":[2369],"product_tag":[2322,2692],"class_list":{"0":"post-20753","1":"product","2":"type-product","3":"status-publish","4":"has-post-thumbnail","6":"product_cat-nohavice","7":"product_tag-deerhunter","8":"product_tag-mallard","10":"first","11":"instock","12":"taxable","13":"shipping-taxable","14":"purchasable","15":"product-type-variable","16":"has-default-attributes"},"ct_brands":[],"_links":{"self":[{"href":"https:\/\/zbranebudai.sk\/hu\/wp-json\/wp\/v2\/product\/20753","targetHints":{"allow":["GET"]}}],"collection":[{"href":"https:\/\/zbranebudai.sk\/hu\/wp-json\/wp\/v2\/product"}],"about":[{"href":"https:\/\/zbranebudai.sk\/hu\/wp-json\/wp\/v2\/types\/product"}],"wp:featuredmedia":[{"embeddable":true,"href":"https:\/\/zbranebudai.sk\/hu\/wp-json\/wp\/v2\/media\/20792"}],"wp:attachment":[{"href":"https:\/\/zbranebudai.sk\/hu\/wp-json\/wp\/v2\/media?parent=20753"}],"wp:term":[{"taxonomy":"product_brand","embeddable":true,"href":"https:\/\/zbranebudai.sk\/hu\/wp-json\/wp\/v2\/product_brand?post=20753"},{"taxonomy":"product_cat","embeddable":true,"href":"https:\/\/zbranebudai.sk\/hu\/wp-json\/wp\/v2\/product_cat?post=20753"},{"taxonomy":"product_tag","embeddable":true,"href":"https:\/\/zbranebudai.sk\/hu\/wp-json\/wp\/v2\/product_tag?post=20753"}],"curies":[{"name":"wp","href":"https:\/\/api.w.org\/{rel}","templated":true}]}}