{"id":20752,"date":"2026-02-09T19:27:26","date_gmt":"2026-02-09T17:27:26","guid":{"rendered":"https:\/\/zbranebudai.sk\/?post_type=product&#038;p=20752"},"modified":"2026-02-10T11:07:37","modified_gmt":"2026-02-10T09:07:37","slug":"deerhunter-rogaland-stretch-jegenyefenyo-ferfi-nadrag","status":"publish","type":"product","link":"https:\/\/zbranebudai.sk\/hu\/product\/deerhunter-rogaland-stretch-buckthorn-panske-nohavice\/","title":{"rendered":"Deerhunter Rogaland Stretch Buckthorn f\u00e9rfi nadr\u00e1g"},"content":{"rendered":"<p>F\u00e9rfi Deerhunter Rogaland Stretch Buckthorn nadr\u00e1g tavaszt\u00f3l ny\u00e1rig alkalmas. A Rogaland nadr\u00e1g maxim\u00e1lis mozg\u00e1sszabads\u00e1got biztos\u00edt, \u00e9s ide\u00e1lis hossz\u00fa t\u00far\u00e1khoz a term\u00e9szetben. Magas ellen\u00e1ll\u00f3k\u00e9pess\u00e9ge a t\u00fcsk\u00e9kkel szemben mag\u00e1t\u00f3l \u00e9rtet\u0151d\u0151. A Deerhunter nadr\u00e1g modern kialak\u00edt\u00e1s\u00fa \u00e9s v\u00edzleperget\u0151. \u00c9rt\u00e9kelni fogja a k\u00e9nyelmes \u00f6lt\u00f6zk\u00f6d\u00e9shez sz\u00fcks\u00e9ges elasztikus der\u00e9kp\u00e1ntot.<\/p>\n<h2>Term\u00e9kle\u00edr\u00e1s<\/h2>\n<ul>\n<li><strong>M\u00e9ret:<\/strong> 48-60<\/li>\n<li><strong>Sz\u00edn:<\/strong> 639-Gridlock<\/li>\n<li><strong>A k\u00fcls\u0151 r\u00e9teg \u00f6sszet\u00e9tele:<\/strong> 65 % poli\u00e9szter, 35 % pamut<\/li>\n<li><strong>Kontraszt:<\/strong> 57 % poliamid, 33 % poli\u00e9szter, 10 % elaszt\u00e1n<\/li>\n<li><strong>Fel\u00fcletkezel\u00e9s:<\/strong> v\u00edztasz\u00edt\u00f3<\/li>\n<\/ul>\n<h2>Term\u00e9k param\u00e9terek<\/h2>\n<ul>\n<li>Elasztikus der\u00e9kp\u00e1nt a k\u00e9nyelmes \u00f6lt\u00f6zk\u00f6d\u00e9shez<\/li>\n<li>K\u00e9t el\u00fcls\u0151 zseb<\/li>\n<li>K\u00e9t combzseb rejtett cipz\u00e1rakkal<\/li>\n<li>Egy h\u00e1ts\u00f3 zseb rejtett cipz\u00e1rral<\/li>\n<li>Rugalmas ter\u00fcletek a nagyobb mozg\u00e1sszabads\u00e1g\u00e9rt<\/li>\n<\/ul>","protected":false},"excerpt":{"rendered":"<p>A Deerhunter Rogaland Stretch Buckthorn f\u00e9rfi nadr\u00e1g v\u00edztasz\u00edt\u00f3 \u00e9s t\u00f6vis\u00e1ll\u00f3 kialak\u00edt\u00e1s\u00fa, rugalmas der\u00e9kkal \u00e9s ny\u00fajthat\u00f3 bet\u00e9tekkel, t\u00f6bb rejtett cipz\u00e1ras zsebbel, ez\u00e9rt tavaszt\u00f3l ny\u00e1rig ide\u00e1lis hosszabb t\u00far\u00e1khoz \u00e9s term\u00e9szetj\u00e1r\u00e1shoz.<\/p>","protected":false},"featured_media":20790,"template":"","meta":{"_gspb_post_css":""},"product_brand":[],"product_cat":[2369],"product_tag":[2322,2600],"class_list":{"0":"post-20752","1":"product","2":"type-product","3":"status-publish","4":"has-post-thumbnail","6":"product_cat-nohavice","7":"product_tag-deerhunter","8":"product_tag-rogaland-stretch","10":"first","11":"instock","12":"taxable","13":"shipping-taxable","14":"purchasable","15":"product-type-variable","16":"has-default-attributes"},"ct_brands":[],"_links":{"self":[{"href":"https:\/\/zbranebudai.sk\/hu\/wp-json\/wp\/v2\/product\/20752","targetHints":{"allow":["GET"]}}],"collection":[{"href":"https:\/\/zbranebudai.sk\/hu\/wp-json\/wp\/v2\/product"}],"about":[{"href":"https:\/\/zbranebudai.sk\/hu\/wp-json\/wp\/v2\/types\/product"}],"wp:featuredmedia":[{"embeddable":true,"href":"https:\/\/zbranebudai.sk\/hu\/wp-json\/wp\/v2\/media\/20790"}],"wp:attachment":[{"href":"https:\/\/zbranebudai.sk\/hu\/wp-json\/wp\/v2\/media?parent=20752"}],"wp:term":[{"taxonomy":"product_brand","embeddable":true,"href":"https:\/\/zbranebudai.sk\/hu\/wp-json\/wp\/v2\/product_brand?post=20752"},{"taxonomy":"product_cat","embeddable":true,"href":"https:\/\/zbranebudai.sk\/hu\/wp-json\/wp\/v2\/product_cat?post=20752"},{"taxonomy":"product_tag","embeddable":true,"href":"https:\/\/zbranebudai.sk\/hu\/wp-json\/wp\/v2\/product_tag?post=20752"}],"curies":[{"name":"wp","href":"https:\/\/api.w.org\/{rel}","templated":true}]}}