{"id":20751,"date":"2026-02-09T19:27:26","date_gmt":"2026-02-09T17:27:26","guid":{"rendered":"https:\/\/zbranebudai.sk\/?post_type=product&#038;p=20751"},"modified":"2026-02-10T11:40:24","modified_gmt":"2026-02-10T09:40:24","slug":"deerhunter-lady-excape-softshell-art-zold-noi-nadrag","status":"publish","type":"product","link":"https:\/\/zbranebudai.sk\/hu\/product\/deerhunter-lady-excape-softshell-art-green-damske-nohavice\/","title":{"rendered":"Deerhunter Lady Excape Softshell Art Green n\u0151i nadr\u00e1g"},"content":{"rendered":"<p>A Deerhunter Lady Excape Softshell Art Green nadr\u00e1g megb\u00edzhat\u00f3 v\u00e1laszt\u00e1s eg\u00e9sz \u00e9ves haszn\u00e1latra. St\u00edlusos Art Green sz\u00ednben kaphat\u00f3. V\u00edz\u00e1ll\u00f3, sz\u00e9l\u00e1ll\u00f3 \u00e9s a kiv\u00e1lasztott ter\u00fcleteken Deerhunter Stormliner\u00ae membr\u00e1nnal van ell\u00e1tva. B\u0151s\u00e9ges l\u00e9g\u00e1tereszt\u0151 k\u00e9pess\u00e9get \u00e9s rengeteg funkci\u00f3t biztos\u00edtanak, hogy a h\u00f6lgyek ne legyenek \u00fatban a legjobb kalandok sor\u00e1n. A fels\u0151r\u00e9sz 100% poli\u00e9szter, a b\u00e9l\u00e9s pedig fleece. El\u00e9g csendesek ahhoz, hogy a vadak ne hallj\u00e1k meg vad\u00e1szat k\u00f6zben. K\u00e9nyeztesse mag\u00e1t a legjobb \u00e9lm\u00e9nyekkel a kiv\u00e1l\u00f3 min\u0151s\u00e9g\u0171 Lady Excape nadr\u00e1ggal.<\/p>\n<p><strong>DEERHUNTER\u00ae Stormliner\u00ae membr\u00e1n<\/strong> - a k\u00fcls\u0151 sz\u00f6vetre vagy k\u00e9t sz\u00f6vetr\u00e9teg k\u00f6z\u00e9 lamin\u00e1lva. Ragasztott varr\u00e1ssal nem rendelkez\u0151 term\u00e9kekn\u00e9l haszn\u00e1latos. Megfelel\u0151 l\u00e9g\u00e1tereszt\u0151 k\u00e9pess\u00e9get biztos\u00edt.<\/p>\n<h2>Term\u00e9kle\u00edr\u00e1s<\/h2>\n<ul>\n<li><strong>Sz\u00edn:<\/strong> 376 - Art Green<\/li>\n<li><strong>Anyag:<\/strong> 100 % poli\u00e9szter<\/li>\n<li><strong>Bels\u0151 b\u00e9l\u00e9s:<\/strong> Gyapj\u00fa<\/li>\n<li><strong>V\u00edzoszlop:<\/strong> 3000 mm \/ 3000 g<\/li>\n<li><strong>Mos\u00e1si utas\u00edt\u00e1sok:<\/strong> ne haszn\u00e1ljon l\u00e1gy\u00edt\u00f3t, ford\u00edtsa kiford\u00edtva, hasonl\u00f3 sz\u00ednekkel egy\u00fctt mossa, max. 30 \u00b0C-on mossa, ne feh\u00e9r\u00edtse, ne sz\u00e1r\u00edtsa sz\u00e1r\u00edt\u00f3g\u00e9pben, ne vasalja.<\/li>\n<\/ul>\n<h2>Term\u00e9k param\u00e9terek<\/h2>\n<ul>\n<li>Maxim\u00e1lisan csendes anyag<\/li>\n<li>V\u00edz\u00e1ll\u00f3s\u00e1g<\/li>\n<li>Megfelel\u0151 l\u00e9g\u00e1tereszt\u0151 k\u00e9pess\u00e9g<\/li>\n<li>DEERHUNTER\u00ae Stormliner\u00ae membr\u00e1n<\/li>\n<li>Extra tart\u00f3s meger\u0151s\u00edt\u00e9sek<\/li>\n<\/ul>","protected":false},"excerpt":{"rendered":"<p>A Deerhunter Lady Excape Softshell Art Green n\u0151i nadr\u00e1g eg\u00e9sz \u00e9ves haszn\u00e1latra k\u00e9sz\u00fclt, v\u00edz- \u00e9s sz\u00e9l\u00e1ll\u00f3, csendes softshell anyagb\u00f3l gyapj\u00fa bels\u0151vel, Stormliner membr\u00e1nnal a kulcshelyeken, 3000 mm v\u00edzoszloppal, j\u00f3 l\u00e9g\u00e1tereszt\u00e9ssel \u00e9s extra tart\u00f3s meger\u0151s\u00edt\u00e9sekkel.<\/p>","protected":false},"featured_media":20785,"template":"","meta":{"_gspb_post_css":""},"product_brand":[],"product_cat":[2369],"product_tag":[2322,2691],"class_list":{"0":"post-20751","1":"product","2":"type-product","3":"status-publish","4":"has-post-thumbnail","6":"product_cat-nohavice","7":"product_tag-deerhunter","8":"product_tag-lady-excape-softshell","10":"first","11":"instock","12":"taxable","13":"shipping-taxable","14":"purchasable","15":"product-type-variable","16":"has-default-attributes"},"ct_brands":[],"_links":{"self":[{"href":"https:\/\/zbranebudai.sk\/hu\/wp-json\/wp\/v2\/product\/20751","targetHints":{"allow":["GET"]}}],"collection":[{"href":"https:\/\/zbranebudai.sk\/hu\/wp-json\/wp\/v2\/product"}],"about":[{"href":"https:\/\/zbranebudai.sk\/hu\/wp-json\/wp\/v2\/types\/product"}],"wp:featuredmedia":[{"embeddable":true,"href":"https:\/\/zbranebudai.sk\/hu\/wp-json\/wp\/v2\/media\/20785"}],"wp:attachment":[{"href":"https:\/\/zbranebudai.sk\/hu\/wp-json\/wp\/v2\/media?parent=20751"}],"wp:term":[{"taxonomy":"product_brand","embeddable":true,"href":"https:\/\/zbranebudai.sk\/hu\/wp-json\/wp\/v2\/product_brand?post=20751"},{"taxonomy":"product_cat","embeddable":true,"href":"https:\/\/zbranebudai.sk\/hu\/wp-json\/wp\/v2\/product_cat?post=20751"},{"taxonomy":"product_tag","embeddable":true,"href":"https:\/\/zbranebudai.sk\/hu\/wp-json\/wp\/v2\/product_tag?post=20751"}],"curies":[{"name":"wp","href":"https:\/\/api.w.org\/{rel}","templated":true}]}}