{"id":20607,"date":"2026-02-09T19:24:15","date_gmt":"2026-02-09T17:24:15","guid":{"rendered":"https:\/\/zbranebudai.sk\/?post_type=product&#038;p=20607"},"modified":"2026-02-10T12:12:15","modified_gmt":"2026-02-10T10:12:15","slug":"deerhunter-lady-eagle-teli-tarmac-zold-noi-teli-nadrag","status":"publish","type":"product","link":"https:\/\/zbranebudai.sk\/hu\/product\/deerhunter-lady-eagle-winter-tarmac-green-damske-zimne-nohavice\/","title":{"rendered":"Deerhunter Lady Eagle Winter Tarmac Green n\u0151i t\u00e9li nadr\u00e1g"},"content":{"rendered":"<p>A Deerhunter Lady Eagle Winter Tarmac Green nadr\u00e1g a Deer-Tex\u00ae Performance Shell membr\u00e1nnak k\u00f6sz\u00f6nhet\u0151en a meleget \u00e9s a k\u00e9nyelmet kiv\u00e1l\u00f3 l\u00e9g\u00e1tereszt\u0151 k\u00e9pess\u00e9ggel kombin\u00e1lja - \u00edgy a vad\u00e1sz a legzordabb k\u00f6r\u00fclm\u00e9nyek k\u00f6z\u00f6tt is k\u00e9nyelmesen \u00e9rezheti mag\u00e1t. Ez a nadr\u00e1g a klasszikus vad\u00e1sznadr\u00e1g modern v\u00e1ltozata, kifinomult r\u00e9szletekkel \u00e9s sz\u00e1mos praktikus funkci\u00f3val, hogy a szabadban is fitt maradjon.<\/p>\n<p>A rugalmas panelek a kulcsfontoss\u00e1g\u00fa pontokon szabad mozg\u00e1st tesznek lehet\u0151v\u00e9 - ez elengedhetetlen az akt\u00edv mozg\u00e1ssal j\u00e1r\u00f3 tev\u00e9kenys\u00e9gekhez. Az \u00e1ll\u00edthat\u00f3 der\u00e9kp\u00e1nt \u00e9s a mandzsetta seg\u00edt az egy\u00e9ni illeszked\u00e9s biztos\u00edt\u00e1s\u00e1ban \u00e9s a hideg elleni v\u00e9delem jav\u00edt\u00e1s\u00e1ban. A meger\u0151s\u00edtett t\u00e9rdek \u00e9s az \u00fcl\u00e9sr\u00e9sz er\u0151s ig\u00e9nybev\u00e9tel eset\u00e9n is biztos\u00edtja a tart\u00f3ss\u00e1got. A nadr\u00e1g praktikus cipz\u00e1ras zsebekkel van ell\u00e1tva, amelyek b\u0151s\u00e9ges helyet biztos\u00edtanak a fontos kieg\u00e9sz\u00edt\u0151knek. K\u00e9t el\u00fcls\u0151 zseb, egy p\u00e1ntos combzseb \u00e9s egy be\u00e9p\u00edtett k\u00e9s\/szersz\u00e1mzseb biztos\u00edtja, hogy vad\u00e1szat k\u00f6zben minden sz\u00fcks\u00e9ges eszk\u00f6z k\u00e9zn\u00e9l legyen.<\/p>\n<p>Fokozza teljes\u00edtm\u00e9ny\u00e9t ezekkel a megb\u00edzhat\u00f3, hideg id\u0151j\u00e1r\u00e1s\u00e1ll\u00f3 vad\u00e1sznadr\u00e1gokkal, amelyeket a k\u00e9nyelem \u00e9s a funkcionalit\u00e1s jegy\u00e9ben terveztek.<\/p>\n<div>\n<h2>Term\u00e9kle\u00edr\u00e1s<\/h2>\n<\/div>\n<ul>\n<li><strong>Sz\u00edn:<\/strong> 3955-379 - Aszfalt z\u00f6ld<\/li>\n<li><strong>Anyag:<\/strong> 85 % poli\u00e9szter, 15 % poliamid<\/li>\n<li><strong>B\u00e9l\u00e9s:<\/strong> 100 % poli\u00e9szter, Deer-Tex\u00ae Temp 100 g\/m\u00b2<\/li>\n<li><strong>Aj\u00e1nlott mos\u00e1s:<\/strong> 30 \u00b0C-on bel\u00fclr\u0151l kifel\u00e9 ford\u00edtva mossa, ne haszn\u00e1ljon l\u00e1gy\u00edt\u00f3t, ne feh\u00e9r\u00edtse, ne sz\u00e1r\u00edtsa sz\u00e1r\u00edt\u00f3g\u00e9pben, ne vasalja.<\/li>\n<li><strong>Gondoskod\u00e1s:<\/strong> hasonl\u00f3 sz\u00ednekkel moshat\u00f3, l\u00f3g\u00f3sz\u00e1r\u00edt\u00e1ssal, nem tiszt\u00edthat\u00f3 sz\u00e1razon.<\/li>\n<\/ul>\n<h2>Term\u00e9k param\u00e9terek<\/h2>\n<ul>\n<li>Sz\u00e9l\u00e1ll\u00f3 \u00e9s v\u00edz\u00e1ll\u00f3 anyag<\/li>\n<li>Magas szint\u0171 h\u0151szigetel\u00e9s<\/li>\n<li>Rugalmas panelek a mozg\u00e1sszabads\u00e1g\u00e9rt<\/li>\n<li>\u00c1ll\u00edthat\u00f3 der\u00e9kp\u00e1nt \u00e9s mandzsetta<\/li>\n<li>Meger\u0151s\u00edtett alkatr\u00e9szek a nagy kop\u00e1svesz\u00e9ly\u0171 ter\u00fcleteken<\/li>\n<\/ul>","protected":false},"excerpt":{"rendered":"<p>A Deerhunter Lady Eagle Winter Tarmac Green n\u0151i t\u00e9li nadr\u00e1g Deer-Tex Performance Shell membr\u00e1nnal sz\u00e9l- \u00e9s v\u00edz\u00e1ll\u00f3, m\u00e9gis j\u00f3l szell\u0151zik, Deer-Tex Temp 100 g\/m2 szigetel\u00e9ssel melegen tart, rugalmas panelekkel, \u00e1ll\u00edthat\u00f3 der\u00e9kkal \u00e9s mandzsett\u00e1kkal, valamint meger\u0151s\u00edtett t\u00e9rd- \u00e9s \u00fclepr\u00e9sszel a tart\u00f3ss\u00e1g\u00e9rt.<\/p>","protected":false},"featured_media":20667,"template":"","meta":{"_gspb_post_css":""},"product_brand":[],"product_cat":[2369],"product_tag":[2322,2686],"class_list":{"0":"post-20607","1":"product","2":"type-product","3":"status-publish","4":"has-post-thumbnail","6":"product_cat-nohavice","7":"product_tag-deerhunter","8":"product_tag-lady-eagle-winter","10":"first","11":"instock","12":"taxable","13":"shipping-taxable","14":"purchasable","15":"product-type-variable","16":"has-default-attributes"},"ct_brands":[],"_links":{"self":[{"href":"https:\/\/zbranebudai.sk\/hu\/wp-json\/wp\/v2\/product\/20607","targetHints":{"allow":["GET"]}}],"collection":[{"href":"https:\/\/zbranebudai.sk\/hu\/wp-json\/wp\/v2\/product"}],"about":[{"href":"https:\/\/zbranebudai.sk\/hu\/wp-json\/wp\/v2\/types\/product"}],"wp:featuredmedia":[{"embeddable":true,"href":"https:\/\/zbranebudai.sk\/hu\/wp-json\/wp\/v2\/media\/20667"}],"wp:attachment":[{"href":"https:\/\/zbranebudai.sk\/hu\/wp-json\/wp\/v2\/media?parent=20607"}],"wp:term":[{"taxonomy":"product_brand","embeddable":true,"href":"https:\/\/zbranebudai.sk\/hu\/wp-json\/wp\/v2\/product_brand?post=20607"},{"taxonomy":"product_cat","embeddable":true,"href":"https:\/\/zbranebudai.sk\/hu\/wp-json\/wp\/v2\/product_cat?post=20607"},{"taxonomy":"product_tag","embeddable":true,"href":"https:\/\/zbranebudai.sk\/hu\/wp-json\/wp\/v2\/product_tag?post=20607"}],"curies":[{"name":"wp","href":"https:\/\/api.w.org\/{rel}","templated":true}]}}