{"id":20606,"date":"2026-02-09T19:24:15","date_gmt":"2026-02-09T17:24:15","guid":{"rendered":"https:\/\/zbranebudai.sk\/?post_type=product&#038;p=20606"},"modified":"2026-02-10T12:13:40","modified_gmt":"2026-02-10T10:13:40","slug":"deerhunter-strike-rovidnadrag-bronz-ferfi-nyari-rovidnadrag","status":"publish","type":"product","link":"https:\/\/zbranebudai.sk\/hu\/product\/deerhunter-strike-shorts-bronze-panske-letne-sortky\/","title":{"rendered":"Deerhunter Strike Shorts Bronze f\u00e9rfi ny\u00e1ri r\u00f6vidnadr\u00e1g"},"content":{"rendered":"<p>Deerhunter Strike Shorts Bronz f\u00e9rfi ny\u00e1ri r\u00f6vidnadr\u00e1g k\u00fclt\u00e9ri haszn\u00e1latra, t\u00far\u00e1z\u00e1sra \u00e9s kempingez\u00e9sre. Min\u0151s\u00e9gi anyagok garant\u00e1lj\u00e1k a k\u00e9nyelmes viseletet a ny\u00e1ri melegben is. A Deerhunter r\u00f6vidnadr\u00e1g min\u0151s\u00e9ge \u00e9s l\u00e9g\u00e1tereszt\u0151 k\u00e9pess\u00e9ge megnyeri a ny\u00e1ri napokon.<\/p>\n<h2>Term\u00e9kle\u00edr\u00e1s<\/h2>\n<ul>\n<li><strong>Sz\u00edn:<\/strong> 642 - Bronz<\/li>\n<li><strong>A k\u00fcls\u0151 r\u00e9teg \u00f6sszet\u00e9tele:<\/strong> 63 % poli\u00e9szter \/ 35 % pamut<\/li>\n<\/ul>\n<h2>Term\u00e9k param\u00e9terek<\/h2>\n<ul>\n<li>Elasztikus der\u00e9kp\u00e1nt<\/li>\n<li>Praktikus cipz\u00e1ras zsebek<\/li>\n<li>Teflon r\u00e9teg<\/li>\n<li>Ide\u00e1lis t\u00far\u00e1z\u00e1shoz<\/li>\n<\/ul>","protected":false},"excerpt":{"rendered":"<p>A Deerhunter Strike Shorts Bronze f\u00e9rfi ny\u00e1ri r\u00f6vidnadr\u00e1g teflonbevonat\u00fa, l\u00e9g\u00e1tereszt\u0151 \u00e9s k\u00e9nyelmes anyagb\u00f3l k\u00e9sz\u00fcl, gumival \u00e1ll\u00edthat\u00f3 der\u00e9kr\u00e9sszel \u00e9s cipz\u00e1ras zsebbel, ez\u00e9rt ide\u00e1lis t\u00far\u00e1z\u00e1shoz, kempingez\u00e9shez \u00e9s szabadt\u00e9ri haszn\u00e1latra.<\/p>","protected":false},"featured_media":20662,"template":"","meta":{"_gspb_post_css":""},"product_brand":[],"product_cat":[2369],"product_tag":[2322,2684],"class_list":{"0":"post-20606","1":"product","2":"type-product","3":"status-publish","4":"has-post-thumbnail","6":"product_cat-nohavice","7":"product_tag-deerhunter","8":"product_tag-strike-shorts","10":"first","11":"instock","12":"taxable","13":"shipping-taxable","14":"purchasable","15":"product-type-variable","16":"has-default-attributes"},"ct_brands":[],"_links":{"self":[{"href":"https:\/\/zbranebudai.sk\/hu\/wp-json\/wp\/v2\/product\/20606","targetHints":{"allow":["GET"]}}],"collection":[{"href":"https:\/\/zbranebudai.sk\/hu\/wp-json\/wp\/v2\/product"}],"about":[{"href":"https:\/\/zbranebudai.sk\/hu\/wp-json\/wp\/v2\/types\/product"}],"wp:featuredmedia":[{"embeddable":true,"href":"https:\/\/zbranebudai.sk\/hu\/wp-json\/wp\/v2\/media\/20662"}],"wp:attachment":[{"href":"https:\/\/zbranebudai.sk\/hu\/wp-json\/wp\/v2\/media?parent=20606"}],"wp:term":[{"taxonomy":"product_brand","embeddable":true,"href":"https:\/\/zbranebudai.sk\/hu\/wp-json\/wp\/v2\/product_brand?post=20606"},{"taxonomy":"product_cat","embeddable":true,"href":"https:\/\/zbranebudai.sk\/hu\/wp-json\/wp\/v2\/product_cat?post=20606"},{"taxonomy":"product_tag","embeddable":true,"href":"https:\/\/zbranebudai.sk\/hu\/wp-json\/wp\/v2\/product_tag?post=20606"}],"curies":[{"name":"wp","href":"https:\/\/api.w.org\/{rel}","templated":true}]}}