{"id":20605,"date":"2026-02-09T19:24:15","date_gmt":"2026-02-09T17:24:15","guid":{"rendered":"https:\/\/zbranebudai.sk\/?post_type=product&#038;p=20605"},"modified":"2026-02-10T11:44:25","modified_gmt":"2026-02-10T09:44:25","slug":"deerhunter-lady-raven-teli-noi-teli-felnadrag","status":"publish","type":"product","link":"https:\/\/zbranebudai.sk\/hu\/product\/deerhunter-lady-raven-winter-damske-zimne-polovnicke-nohavice\/","title":{"rendered":"Deerhunter Lady Raven Winter n\u0151i t\u00e9li vad\u00e1sznadr\u00e1g"},"content":{"rendered":"<p>N\u0151i Deerhunter Lady Raven t\u00e9li vad\u00e1sznadr\u00e1g Deer-Tex membr\u00e1nnal \u00e9s szigetel\u00e9ssel. A nadr\u00e1g gyakorlatilag hangtalan anyagb\u00f3l k\u00e9sz\u00fclt, \u00edgy hangtalanul mozoghatsz az erd\u0151ben. A nadr\u00e1g oldal\u00e1n tal\u00e1lhat\u00f3 cipz\u00e1r \u00e9s az elasztikus l\u00e1bsz\u00e1rny\u00edl\u00e1s megk\u00f6nny\u00edti a nadr\u00e1g ir\u00e1ny\u00edt\u00e1s\u00e1t. A Deeerhunter nadr\u00e1g sz\u00e1mos nagyszer\u0171 tulajdons\u00e1ggal rendelkezik, amelyek k\u00e9nyelmet, funkcionalit\u00e1st \u00e9s mozg\u00e1sszabads\u00e1got biztos\u00edtanak. Term\u00e9szetesen a nadr\u00e1g v\u00edzleperget\u0151 Deer-Tex membr\u00e1nnal is fel van szerelve. A Raven vad\u00e1sznadr\u00e1g a Deerhunter cs\u00facsmin\u0151s\u00e9g\u0171 vad\u00e1szfelszerel\u00e9s\u00e9nek r\u00e9sze, amely Deer-Tex membr\u00e1nnal v\u00e9delmet ny\u00fajt a sz\u00e9ls\u0151s\u00e9ges id\u0151j\u00e1r\u00e1si viszonyok ellen. A nadr\u00e1g j\u00f3 fog\u00e1s\u00fa, combzsebekkel rendelkezik, \u00e9s Deer-Tex Temp szigetel\u00e9ssel van bevonva.<\/p>\n<h2>Term\u00e9kle\u00edr\u00e1s<\/h2>\n<ul>\n<li><strong>M\u00e9ret:<\/strong> 36-48<\/li>\n<li><strong>Sz\u00edn:<\/strong> 392-Elmwood<\/li>\n<li><strong>A k\u00fcls\u0151 r\u00e9teg \u00f6sszet\u00e9tele:<\/strong> 100 % poli\u00e9szter<\/li>\n<li><strong>Fel\u00fcletkezel\u00e9s:<\/strong> v\u00edztasz\u00edt\u00f3<\/li>\n<li><strong>Elszigetelts\u00e9g:<\/strong> Deer-Tex<\/li>\n<\/ul>\n<h2>Term\u00e9k param\u00e9terek<\/h2>\n<ul>\n<li>K\u00e9t el\u00fcls\u0151 zseb<\/li>\n<li>K\u00e9nyelmes viselet<\/li>\n<li>\u00c1ll\u00edthat\u00f3 \u00f6v rugalmas r\u00e9sszel<\/li>\n<\/ul>","protected":false},"excerpt":{"rendered":"<p>A Deerhunter Lady Raven Winter Elmwood n\u0151i t\u00e9li vad\u00e1sznadr\u00e1g csendes anyagb\u00f3l k\u00e9sz\u00fcl, Deer-Tex v\u00edztasz\u00edt\u00f3 membr\u00e1nnal \u00e9s szigetel\u00e9ssel, oldals\u00f3 cipz\u00e1rral a k\u00f6nny\u0171 felv\u00e9telhez, k\u00e9t els\u0151 zsebbel \u00e9s \u00e1ll\u00edthat\u00f3 gumis der\u00e9kkal, hogy hideg, sz\u00e9ls\u0151s\u00e9ges id\u0151ben is k\u00e9nyelmesen \u00e9s sz\u00e1razon tartson.<\/p>","protected":false},"featured_media":20660,"template":"","meta":{"_gspb_post_css":""},"product_brand":[],"product_cat":[2369],"product_tag":[2322,2685],"class_list":{"0":"post-20605","1":"product","2":"type-product","3":"status-publish","4":"has-post-thumbnail","6":"product_cat-nohavice","7":"product_tag-deerhunter","8":"product_tag-lady-raven-winter","10":"first","11":"instock","12":"sale","13":"taxable","14":"shipping-taxable","15":"purchasable","16":"product-type-variable","17":"has-default-attributes"},"ct_brands":[],"_links":{"self":[{"href":"https:\/\/zbranebudai.sk\/hu\/wp-json\/wp\/v2\/product\/20605","targetHints":{"allow":["GET"]}}],"collection":[{"href":"https:\/\/zbranebudai.sk\/hu\/wp-json\/wp\/v2\/product"}],"about":[{"href":"https:\/\/zbranebudai.sk\/hu\/wp-json\/wp\/v2\/types\/product"}],"wp:featuredmedia":[{"embeddable":true,"href":"https:\/\/zbranebudai.sk\/hu\/wp-json\/wp\/v2\/media\/20660"}],"wp:attachment":[{"href":"https:\/\/zbranebudai.sk\/hu\/wp-json\/wp\/v2\/media?parent=20605"}],"wp:term":[{"taxonomy":"product_brand","embeddable":true,"href":"https:\/\/zbranebudai.sk\/hu\/wp-json\/wp\/v2\/product_brand?post=20605"},{"taxonomy":"product_cat","embeddable":true,"href":"https:\/\/zbranebudai.sk\/hu\/wp-json\/wp\/v2\/product_cat?post=20605"},{"taxonomy":"product_tag","embeddable":true,"href":"https:\/\/zbranebudai.sk\/hu\/wp-json\/wp\/v2\/product_tag?post=20605"}],"curies":[{"name":"wp","href":"https:\/\/api.w.org\/{rel}","templated":true}]}}