{"id":20604,"date":"2026-02-09T19:24:15","date_gmt":"2026-02-09T17:24:15","guid":{"rendered":"https:\/\/zbranebudai.sk\/?post_type=product&#038;p=20604"},"modified":"2026-02-10T11:45:35","modified_gmt":"2026-02-10T09:45:35","slug":"deerhunter-strike-extreme-palm-zold-ferfi-nadrag","status":"publish","type":"product","link":"https:\/\/zbranebudai.sk\/hu\/product\/deerhunter-strike-extreme-palm-green-panske-nohavice\/","title":{"rendered":"Deerhunter Strike Extreme Palm Green f\u00e9rfi nadr\u00e1g"},"content":{"rendered":"<p>\u00c9lje \u00e1t a legjobb vad\u00e1szkalandokat a min\u0151s\u00e9gi Deerhunter nadr\u00e1gokkal. A Deerhunter Men's Strike Extreme Palm Green nadr\u00e1g a legjobb \u00e1tgondolt \u00e9s technikailag tervezett nadr\u00e1g minden tapasztalt vad\u00e1sz sz\u00e1m\u00e1ra, aki a legjobb \u00e9lm\u00e9nyre v\u00e1gyik. A Strike modell optim\u00e1lis teljes\u00edtm\u00e9nyt ny\u00fajt sz\u00e1mos hasznos funkci\u00f3val. Nagysz\u00e1m\u00fa zseb, rejtett cipz\u00e1ras zsebek, rugalmas der\u00e9kp\u00e1nt, el\u0151form\u00e1zott t\u00e9rdek, \u00e1ll\u00edthat\u00f3 boka \u00e9s 4 ir\u00e1nyban t\u00e1g\u00edthat\u00f3 r\u00e9szek. Mindez \u00e9s m\u00e9g sok minden m\u00e1s csak ezzel a nadr\u00e1ggal lehets\u00e9ges. T\u00f6k\u00e9letesen m\u00e9retre szabott, hogy a gyalogl\u00e1s sor\u00e1n m\u00e9g k\u00e9nyelmesebb\u00e9 \u00e9s k\u00e9nyelmesebb\u00e9 v\u00e1ljon.<\/p>\n<p><strong>OEKO-TEX<\/strong> - a k\u00e1ros anyagokt\u00f3l mentes term\u00e9kek tan\u00fas\u00edt\u00e1sa. Az OEKO-TEX a vil\u00e1g vezet\u0151 eg\u00e9szs\u00e9g\u00fcgyi tan\u00fas\u00edt\u00e1sa minden textilterm\u00e9kre.<\/p>\n<h2>Term\u00e9kle\u00edr\u00e1s<\/h2>\n<ul>\n<li><strong>Sz\u00edn:<\/strong> 389 - P\u00e1lma z\u00f6ld<\/li>\n<li><strong>M\u00e9retek:<\/strong> 46-64<\/li>\n<li><strong>El\u0151re form\u00e1zott t\u00e9rdek:<\/strong> Igen<\/li>\n<li><strong>K\u00fcls\u0151 anyag:<\/strong> 100 % poliamid<\/li>\n<li><strong>Bels\u0151 anyag:<\/strong> 57 % poliamid \/ 33 % poli\u00e9szter \/ 10 % elaszt\u00e1n<\/li>\n<li><strong>Aj\u00e1nlott mos\u00e1s:<\/strong> k\u00fcl\u00f6n moshat\u00f3, kiford\u00edtva, ne haszn\u00e1ljon l\u00e1gy\u00edt\u00f3t.<\/li>\n<\/ul>\n<h2>Term\u00e9k param\u00e9terek<\/h2>\n<ul>\n<li>Sok zseb<\/li>\n<li>El\u0151re form\u00e1zott t\u00e9rdek<\/li>\n<li>\u00c1ll\u00edthat\u00f3 p\u00e1ntokkal \u00e9s t\u00e9p\u0151z\u00e1rral a bok\u00e1n\u00e1l<\/li>\n<li>Rugalmass\u00e1g<\/li>\n<li>Tart\u00f3s gumi der\u00e9kp\u00e1nt<\/li>\n<li>4-utas sztreccs panelek<\/li>\n<\/ul>","protected":false},"excerpt":{"rendered":"<p>A Deerhunter Strike Extreme Palm Green f\u00e9rfi nadr\u00e1g OEKO-TEX tan\u00fas\u00edtv\u00e1nnyal, strapab\u00edr\u00f3 anyaggal, 4 ir\u00e1nyban ny\u00fal\u00f3 bet\u00e9tekkel, rugalmas der\u00e9kkal, el\u0151re form\u00e1zott t\u00e9rddel, \u00e1ll\u00edthat\u00f3 bok\u00e1val \u00e9s sok rejtett cipz\u00e1ras zsebbel k\u00e9sz\u00fclt, ez\u00e9rt ide\u00e1lis tapasztalt vad\u00e1szoknak \u00e9s akt\u00edv szabadt\u00e9ri haszn\u00e1latra.<\/p>","protected":false},"featured_media":20658,"template":"","meta":{"_gspb_post_css":""},"product_brand":[],"product_cat":[2369],"product_tag":[2322,2637],"class_list":{"0":"post-20604","1":"product","2":"type-product","3":"status-publish","4":"has-post-thumbnail","6":"product_cat-nohavice","7":"product_tag-deerhunter","8":"product_tag-strike-extreme","10":"first","11":"instock","12":"taxable","13":"shipping-taxable","14":"purchasable","15":"product-type-variable","16":"has-default-attributes"},"ct_brands":[],"_links":{"self":[{"href":"https:\/\/zbranebudai.sk\/hu\/wp-json\/wp\/v2\/product\/20604","targetHints":{"allow":["GET"]}}],"collection":[{"href":"https:\/\/zbranebudai.sk\/hu\/wp-json\/wp\/v2\/product"}],"about":[{"href":"https:\/\/zbranebudai.sk\/hu\/wp-json\/wp\/v2\/types\/product"}],"wp:featuredmedia":[{"embeddable":true,"href":"https:\/\/zbranebudai.sk\/hu\/wp-json\/wp\/v2\/media\/20658"}],"wp:attachment":[{"href":"https:\/\/zbranebudai.sk\/hu\/wp-json\/wp\/v2\/media?parent=20604"}],"wp:term":[{"taxonomy":"product_brand","embeddable":true,"href":"https:\/\/zbranebudai.sk\/hu\/wp-json\/wp\/v2\/product_brand?post=20604"},{"taxonomy":"product_cat","embeddable":true,"href":"https:\/\/zbranebudai.sk\/hu\/wp-json\/wp\/v2\/product_cat?post=20604"},{"taxonomy":"product_tag","embeddable":true,"href":"https:\/\/zbranebudai.sk\/hu\/wp-json\/wp\/v2\/product_tag?post=20604"}],"curies":[{"name":"wp","href":"https:\/\/api.w.org\/{rel}","templated":true}]}}