{"id":20603,"date":"2026-02-09T19:24:15","date_gmt":"2026-02-09T17:24:15","guid":{"rendered":"https:\/\/zbranebudai.sk\/?post_type=product&#038;p=20603"},"modified":"2026-02-10T12:17:36","modified_gmt":"2026-02-10T10:17:36","slug":"deerhunter-strike-oxblood-piros-ferfi-nadrag","status":"publish","type":"product","link":"https:\/\/zbranebudai.sk\/hu\/product\/deerhunter-strike-oxblood-red-panske-nohavice\/","title":{"rendered":"Deerhunter Strike Oxblood Red f\u00e9rfi nadr\u00e1g"},"content":{"rendered":"<p>A Deerhunter f\u00e9rfi Strike Oxblood Red nadr\u00e1g teflon bevonattal rendelkezik, amely biztos\u00edtja a ruhadarab gyorsabb sz\u00e1rad\u00e1s\u00e1t. Nagyon n\u00e9pszer\u0171 nadr\u00e1g vad\u00e1szathoz, sportol\u00e1shoz vagy t\u00far\u00e1z\u00e1shoz. A nadr\u00e1g tavaszt\u00f3l ny\u00e1rig alkalmas. Az anyag t\u00f6k\u00e9letes min\u0151s\u00e9g\u00e9t k\u00fcl\u00f6n\u00f6sen a hossz\u00fa t\u00far\u00e1k sor\u00e1n fogja \u00e9rt\u00e9kelni.<\/p>\n<h2>Term\u00e9kle\u00edr\u00e1s<\/h2>\n<ul>\n<li><strong>M\u00e9ret:<\/strong> 44-60<\/li>\n<li><strong>Sz\u00edn:<\/strong> 470 - \u00d6k\u00f6rv\u00e9r v\u00f6r\u00f6s<\/li>\n<li><strong>A k\u00fcls\u0151 r\u00e9teg \u00f6sszet\u00e9tele:<\/strong> 65 % poli\u00e9szter, 35 % pamut<\/li>\n<li><strong>Kontraszt:<\/strong> 57 % poliamid, 33 % poli\u00e9szter, 10 % elaszt\u00e1n<\/li>\n<li><strong>Fel\u00fcletkezel\u00e9s:<\/strong> v\u00edztasz\u00edt\u00f3<\/li>\n<\/ul>\n<h2>Term\u00e9k param\u00e9terek<\/h2>\n<ul>\n<li>Elasztikus der\u00e9kp\u00e1nt a k\u00e9nyelmes \u00f6lt\u00f6zk\u00f6d\u00e9shez<\/li>\n<li>K\u00e9t el\u00fcls\u0151 zseb<\/li>\n<li>Rugalmas r\u00e9szek a nagyobb mozg\u00e1sszabads\u00e1g\u00e9rt<\/li>\n<\/ul>","protected":false},"excerpt":{"rendered":"<p>A Deerhunter Strike Oxblood Red f\u00e9rfi nadr\u00e1g teflon, v\u00edztasz\u00edt\u00f3 fel\u00fcletkezel\u00e9s\u0171, gyorsan sz\u00e1rad, rugalmas der\u00e9kkal \u00e9s mozg\u00e1st seg\u00edt\u0151 rugalmas bet\u00e9tekkel, ez\u00e9rt tavaszt\u00f3l ny\u00e1rig ide\u00e1lis vad\u00e1szathoz, sporthoz \u00e9s hosszabb t\u00far\u00e1khoz.<\/p>","protected":false},"featured_media":20653,"template":"","meta":{"_gspb_post_css":""},"product_brand":[],"product_cat":[2369],"product_tag":[2322,2373],"class_list":{"0":"post-20603","1":"product","2":"type-product","3":"status-publish","4":"has-post-thumbnail","6":"product_cat-nohavice","7":"product_tag-deerhunter","8":"product_tag-strike","10":"first","11":"instock","12":"taxable","13":"shipping-taxable","14":"purchasable","15":"product-type-variable","16":"has-default-attributes"},"ct_brands":[],"_links":{"self":[{"href":"https:\/\/zbranebudai.sk\/hu\/wp-json\/wp\/v2\/product\/20603","targetHints":{"allow":["GET"]}}],"collection":[{"href":"https:\/\/zbranebudai.sk\/hu\/wp-json\/wp\/v2\/product"}],"about":[{"href":"https:\/\/zbranebudai.sk\/hu\/wp-json\/wp\/v2\/types\/product"}],"wp:featuredmedia":[{"embeddable":true,"href":"https:\/\/zbranebudai.sk\/hu\/wp-json\/wp\/v2\/media\/20653"}],"wp:attachment":[{"href":"https:\/\/zbranebudai.sk\/hu\/wp-json\/wp\/v2\/media?parent=20603"}],"wp:term":[{"taxonomy":"product_brand","embeddable":true,"href":"https:\/\/zbranebudai.sk\/hu\/wp-json\/wp\/v2\/product_brand?post=20603"},{"taxonomy":"product_cat","embeddable":true,"href":"https:\/\/zbranebudai.sk\/hu\/wp-json\/wp\/v2\/product_cat?post=20603"},{"taxonomy":"product_tag","embeddable":true,"href":"https:\/\/zbranebudai.sk\/hu\/wp-json\/wp\/v2\/product_tag?post=20603"}],"curies":[{"name":"wp","href":"https:\/\/api.w.org\/{rel}","templated":true}]}}