{"id":20602,"date":"2026-02-09T19:24:14","date_gmt":"2026-02-09T17:24:14","guid":{"rendered":"https:\/\/zbranebudai.sk\/?post_type=product&#038;p=20602"},"modified":"2026-02-10T12:18:45","modified_gmt":"2026-02-10T10:18:45","slug":"deerhunter-strike-full-stretch-fekete-ferfi-nadrag","status":"publish","type":"product","link":"https:\/\/zbranebudai.sk\/hu\/product\/deerhunter-strike-full-stretch-black-panske-nohavice\/","title":{"rendered":"Deerhunter Strike Full Stretch Black f\u00e9rfi nadr\u00e1g"},"content":{"rendered":"<p>F\u00e9rfi Deerhunter Strike Full Stretch fekete t\u00f6bbc\u00e9l\u00fa nadr\u00e1g. Sztreccs anyagb\u00f3l k\u00e9sz\u00fclt, el\u0151form\u00e1zott t\u00e9rdekkel a szabad mozg\u00e1s \u00e9s az optim\u00e1lis illeszked\u00e9s \u00e9rdek\u00e9ben. A nadr\u00e1g praktikus cipz\u00e1ras zsebbel rendelkezik, \u00e9s h\u00e1rom sz\u00ednkombin\u00e1ci\u00f3ban kaphat\u00f3: fekete, vil\u00e1gosbarna, barna-fekete. V\u00edz\u00e1ll\u00f3. Alkalmas szabadt\u00e9ri tev\u00e9kenys\u00e9gekhez a tavaszi h\u00f3napokban.<\/p>\n<div>\n<h2>Term\u00e9kle\u00edr\u00e1s<\/h2>\n<\/div>\n<ul>\n<li><strong>M\u00e9retek<\/strong>: 44 - 60<\/li>\n<li><strong>Sz\u00edn:<\/strong> Fekete<\/li>\n<li><strong>A k\u00fcls\u0151 r\u00e9teg \u00f6sszet\u00e9tele:<\/strong> 57 % poliamid \/ 33 % poli\u00e9szter \/ 10 % elaszt\u00e1n<\/li>\n<\/ul>\n<p><strong>Teflon kezel\u00e9s<\/strong> - a term\u00e9keket teflonnal impregn\u00e1lj\u00e1k. Ellen\u00e1llnak a v\u00edznek \u00e9s a szennyez\u0151d\u00e9seknek. A foltok k\u00f6nnyen elt\u00e1vol\u00edthat\u00f3k. A teflonfel\u00fclet sima \u00e9s h\u0151\u00e1ll\u00f3.<\/p>\n<h2>Term\u00e9k param\u00e9terek<\/h2>\n<ul>\n<li>K\u00e9t cipz\u00e1ras el\u00fcls\u0151 zseb<\/li>\n<li>Combzseb cipz\u00e1rral<\/li>\n<li>H\u00e1ts\u00f3 cipz\u00e1ras zseb<\/li>\n<li>V\u00edzleperget\u0151<\/li>\n<li>Rugalmass\u00e1g<\/li>\n<\/ul>","protected":false},"excerpt":{"rendered":"<p>A Deerhunter Strike Full Stretch Black f\u00e9rfi nadr\u00e1g rugalmas, el\u0151re form\u00e1zott t\u00e9rd\u0171 \u00e9s teflonkezel\u00e9s\u0171, ez\u00e9rt v\u00edz- \u00e9s szennyez\u0151d\u00e9stasz\u00edt\u00f3, t\u00f6bb cipz\u00e1ras zsebbel \u00e9s k\u00e9nyelmes mozg\u00e1sszabads\u00e1ggal ide\u00e1lis tavaszi szabadt\u00e9ri aktivit\u00e1sokhoz.<\/p>","protected":false},"featured_media":20651,"template":"","meta":{"_gspb_post_css":""},"product_brand":[],"product_cat":[2369],"product_tag":[2322,2379],"class_list":{"0":"post-20602","1":"product","2":"type-product","3":"status-publish","4":"has-post-thumbnail","6":"product_cat-nohavice","7":"product_tag-deerhunter","8":"product_tag-strike-full-stretch","10":"first","11":"instock","12":"taxable","13":"shipping-taxable","14":"purchasable","15":"product-type-variable","16":"has-default-attributes"},"ct_brands":[],"_links":{"self":[{"href":"https:\/\/zbranebudai.sk\/hu\/wp-json\/wp\/v2\/product\/20602","targetHints":{"allow":["GET"]}}],"collection":[{"href":"https:\/\/zbranebudai.sk\/hu\/wp-json\/wp\/v2\/product"}],"about":[{"href":"https:\/\/zbranebudai.sk\/hu\/wp-json\/wp\/v2\/types\/product"}],"wp:featuredmedia":[{"embeddable":true,"href":"https:\/\/zbranebudai.sk\/hu\/wp-json\/wp\/v2\/media\/20651"}],"wp:attachment":[{"href":"https:\/\/zbranebudai.sk\/hu\/wp-json\/wp\/v2\/media?parent=20602"}],"wp:term":[{"taxonomy":"product_brand","embeddable":true,"href":"https:\/\/zbranebudai.sk\/hu\/wp-json\/wp\/v2\/product_brand?post=20602"},{"taxonomy":"product_cat","embeddable":true,"href":"https:\/\/zbranebudai.sk\/hu\/wp-json\/wp\/v2\/product_cat?post=20602"},{"taxonomy":"product_tag","embeddable":true,"href":"https:\/\/zbranebudai.sk\/hu\/wp-json\/wp\/v2\/product_tag?post=20602"}],"curies":[{"name":"wp","href":"https:\/\/api.w.org\/{rel}","templated":true}]}}