{"id":20598,"date":"2026-02-09T19:24:14","date_gmt":"2026-02-09T17:24:14","guid":{"rendered":"https:\/\/zbranebudai.sk\/?post_type=product&#038;p=20598"},"modified":"2026-02-10T12:22:34","modified_gmt":"2026-02-10T10:22:34","slug":"deerhunter-lady-ann-extreme-palm-zold-noi-nadrag","status":"publish","type":"product","link":"https:\/\/zbranebudai.sk\/hu\/product\/deerhunter-lady-ann-extreme-palm-green-damske-nohavice\/","title":{"rendered":"Deerhunter Lady Ann Extreme Palm Green n\u0151i nadr\u00e1g"},"content":{"rendered":"<p>A Deerhunter Lady Ann Extreme Palm Green nadr\u00e1got olyan h\u00f6lgyek sz\u00e1m\u00e1ra tervezt\u00e9k, akik nem f\u00e9lnek az akad\u00e1lyokt\u00f3l a meger\u0151ltet\u0151 vad\u00e1szatok sor\u00e1n, \u00e9s tart\u00f3s nadr\u00e1gra van sz\u00fcks\u00e9g\u00fck, amely nem lesz v\u00edzhatlan \u00e9s nem sz\u00farja \u00e1t a t\u00fcsk\u00e9ket. Kiv\u00e1l\u00f3 min\u0151s\u00e9g\u0171 anyagb\u00f3l k\u00e9sz\u00fclt, amely a legrosszabb k\u00f6r\u00fclm\u00e9nyek k\u00f6z\u00f6tt is garant\u00e1lja a mozg\u00e1sszabads\u00e1got \u00e9s a maxim\u00e1lis rugalmass\u00e1got. Rengeteg t\u00e1gas \u00e9s funkcion\u00e1lis zsebbel rendelkeznek az \u00f6sszes sz\u00fcks\u00e9ges felszerel\u00e9s t\u00e1rol\u00e1s\u00e1ra. Alkalmasak t\u00far\u00e1z\u00e1shoz, szabadt\u00e9ri \u00e9s egy\u00e9b tev\u00e9kenys\u00e9gekhez. A der\u00e9kr\u00e9szen rugalmas panellel rendelkeznek, a t\u00e9rdek el\u0151form\u00e1zottak a szabads\u00e1g \u00e9rdek\u00e9ben, a bok\u00e1n\u00e1l pedig \u00e1ll\u00edthat\u00f3 p\u00e1ntok tal\u00e1lhat\u00f3k, amelyek seg\u00edts\u00e9g\u00e9vel a nadr\u00e1got az \u00d6n ig\u00e9nyeihez igaz\u00edthatja. OEKO-TEX tan\u00fas\u00edtv\u00e1nnyal b\u00fcszk\u00e9lkedhetnek, ami garant\u00e1lja, hogy ez a term\u00e9k k\u00e1ros anyagok n\u00e9lk\u00fcl k\u00e9sz\u00fclt. T\u00f6k\u00e9letesen illeszkedik a Lady Ann Extreme kab\u00e1thoz, amellyel egy\u00fctt n\u0151i szettet alkot.<\/p>\n<p><strong>OEKO-TEX<\/strong> - a k\u00e1ros anyagokt\u00f3l mentes term\u00e9k tan\u00fas\u00edtv\u00e1nya. Az OEKO-TEX a vil\u00e1g vezet\u0151 eg\u00e9szs\u00e9g\u00fcgyi tan\u00fas\u00edtv\u00e1nya minden textilterm\u00e9kre.<\/p>\n<h2>Term\u00e9kle\u00edr\u00e1s<\/h2>\n<ul>\n<li><strong>Sz\u00edn:<\/strong> 389 - P\u00e1lma z\u00f6ld<\/li>\n<li><strong>Anyag:<\/strong> 100 % poliamid<\/li>\n<li><strong>Kontrasztos anyag:<\/strong> 54 % poliamid, 39 % poli\u00e9szter, 7 % elaszt\u00e1n<\/li>\n<li><strong>Zsebek sz\u00e1ma:<\/strong> 6<\/li>\n<li><strong>El\u0151re form\u00e1zott t\u00e9rdek:<\/strong> Igen<\/li>\n<li><strong>\u00c1ll\u00edthat\u00f3 bokap\u00e1ntok:<\/strong> Igen<\/li>\n<li><strong>Aj\u00e1nlott mos\u00e1s:<\/strong> ne haszn\u00e1ljon l\u00e1gy\u00edt\u00f3t, hasonl\u00f3 sz\u00ednekkel mossa, \u00e1rny\u00e9kban sz\u00e1r\u00edtsa.<\/li>\n<\/ul>\n<h2>Term\u00e9k param\u00e9terek<\/h2>\n<ul>\n<li>OEKO-TEX tan\u00fas\u00edtv\u00e1ny<\/li>\n<li>Ellen\u00e1ll a v\u00edznek \u00e9s a t\u00fcsk\u00e9knek<\/li>\n<li>Maxim\u00e1lis rugalmass\u00e1g \u00e9s mozg\u00e1sszabads\u00e1g<\/li>\n<li>Sok funkcion\u00e1lis zseb rengeteg t\u00e1rol\u00f3hellyel<\/li>\n<li>El\u0151re form\u00e1zott t\u00e9rdek<\/li>\n<li>\u00c1ll\u00edthat\u00f3 bokap\u00e1ntok<\/li>\n<\/ul>","protected":false},"excerpt":{"rendered":"<p>A Deerhunter Lady Ann Extreme Palm Green n\u0151i nadr\u00e1g OEKO-TEX tan\u00fas\u00edtv\u00e1nnyal, v\u00edz- \u00e9s t\u00f6vis\u00e1ll\u00f3, strapab\u00edr\u00f3 anyagb\u00f3l k\u00e9sz\u00fcl, hat zsebbel, rugalmas der\u00e9kpanellel, el\u0151re form\u00e1lt t\u00e9rddel \u00e9s \u00e1ll\u00edthat\u00f3 bokap\u00e1ntokkal, ez\u00e9rt kem\u00e9nyebb vad\u00e1szathoz \u00e9s szabadt\u00e9ri t\u00far\u00e1khoz is ide\u00e1lis.<\/p>","protected":false},"featured_media":20638,"template":"","meta":{"_gspb_post_css":""},"product_brand":[],"product_cat":[2369],"product_tag":[2322,2659],"class_list":{"0":"post-20598","1":"product","2":"type-product","3":"status-publish","4":"has-post-thumbnail","6":"product_cat-nohavice","7":"product_tag-deerhunter","8":"product_tag-lady-ann-extreme","10":"first","11":"instock","12":"taxable","13":"shipping-taxable","14":"purchasable","15":"product-type-variable","16":"has-default-attributes"},"ct_brands":[],"_links":{"self":[{"href":"https:\/\/zbranebudai.sk\/hu\/wp-json\/wp\/v2\/product\/20598","targetHints":{"allow":["GET"]}}],"collection":[{"href":"https:\/\/zbranebudai.sk\/hu\/wp-json\/wp\/v2\/product"}],"about":[{"href":"https:\/\/zbranebudai.sk\/hu\/wp-json\/wp\/v2\/types\/product"}],"wp:featuredmedia":[{"embeddable":true,"href":"https:\/\/zbranebudai.sk\/hu\/wp-json\/wp\/v2\/media\/20638"}],"wp:attachment":[{"href":"https:\/\/zbranebudai.sk\/hu\/wp-json\/wp\/v2\/media?parent=20598"}],"wp:term":[{"taxonomy":"product_brand","embeddable":true,"href":"https:\/\/zbranebudai.sk\/hu\/wp-json\/wp\/v2\/product_brand?post=20598"},{"taxonomy":"product_cat","embeddable":true,"href":"https:\/\/zbranebudai.sk\/hu\/wp-json\/wp\/v2\/product_cat?post=20598"},{"taxonomy":"product_tag","embeddable":true,"href":"https:\/\/zbranebudai.sk\/hu\/wp-json\/wp\/v2\/product_tag?post=20598"}],"curies":[{"name":"wp","href":"https:\/\/api.w.org\/{rel}","templated":true}]}}