{"id":20597,"date":"2026-02-09T19:24:14","date_gmt":"2026-02-09T17:24:14","guid":{"rendered":"https:\/\/zbranebudai.sk\/?post_type=product&#038;p=20597"},"modified":"2026-02-10T12:23:49","modified_gmt":"2026-02-10T10:23:49","slug":"deerhunter-strike-fall-leaf-ferfi-szortiment","status":"publish","type":"product","link":"https:\/\/zbranebudai.sk\/hu\/product\/deerhunter-strike-fallen-leaf-panske-sortky\/","title":{"rendered":"Deerhunter Strike Fallen Leaf f\u00e9rfi r\u00f6vid nadr\u00e1g"},"content":{"rendered":"<p>A Deerhunter Strike Fallen Leaf f\u00e9rfi r\u00f6vidnadr\u00e1got kifejezetten k\u00fclt\u00e9ri, t\u00far\u00e1z\u00e1shoz \u00e9s vad\u00e1szathoz tervezt\u00e9k. A kiv\u00e1l\u00f3 min\u0151s\u00e9g\u0171 anyagok m\u00e9g a ny\u00e1ri melegben is k\u00e9nyelmes viseletet garant\u00e1lnak. A Deerhunter r\u00f6vidnadr\u00e1gok min\u0151s\u00e9g\u00fckkel \u00e9s l\u00e9g\u00e1tereszt\u0151 k\u00e9pess\u00e9g\u00fckkel megnyerik a ny\u00e1ri napokat.<\/p>\n<h2>Term\u00e9kle\u00edr\u00e1s<\/h2>\n<ul>\n<li><strong>M\u00e9ret:<\/strong> 48-60<\/li>\n<li><strong>Sz\u00edn:<\/strong> 381 - Lehullott lev\u00e9l<\/li>\n<li><strong>A k\u00fcls\u0151 r\u00e9teg \u00f6sszet\u00e9tele:<\/strong> 63 % poli\u00e9szter \/ 35 % pamut<\/li>\n<\/ul>\n<h2>Term\u00e9k param\u00e9terek<\/h2>\n<ul>\n<li>\u00c1ll\u00edthat\u00f3 der\u00e9kp\u00e1nt elasztikus r\u00e9sszel<\/li>\n<li>Praktikus cipz\u00e1ras zsebek<\/li>\n<li>Teflon r\u00e9teg<\/li>\n<li>Ide\u00e1lis t\u00far\u00e1z\u00e1shoz<\/li>\n<\/ul>","protected":false},"excerpt":{"rendered":"<p>A Deerhunter Strike Fallen Leaf f\u00e9rfi r\u00f6vidnadr\u00e1g teflonbevonat\u00fa, l\u00e9g\u00e1tereszt\u0151 \u00e9s k\u00e9nyelmes anyagb\u00f3l k\u00e9sz\u00fcl, \u00e1ll\u00edthat\u00f3 gumis der\u00e9kkal \u00e9s cipz\u00e1ras zsebbel, ez\u00e9rt ide\u00e1lis ny\u00e1ri t\u00far\u00e1z\u00e1shoz \u00e9s vad\u00e1szathoz.<\/p>","protected":false},"featured_media":20636,"template":"","meta":{"_gspb_post_css":""},"product_brand":[],"product_cat":[2369],"product_tag":[2322,2373],"class_list":{"0":"post-20597","1":"product","2":"type-product","3":"status-publish","4":"has-post-thumbnail","6":"product_cat-nohavice","7":"product_tag-deerhunter","8":"product_tag-strike","10":"first","11":"instock","12":"taxable","13":"shipping-taxable","14":"purchasable","15":"product-type-variable","16":"has-default-attributes"},"ct_brands":[],"_links":{"self":[{"href":"https:\/\/zbranebudai.sk\/hu\/wp-json\/wp\/v2\/product\/20597","targetHints":{"allow":["GET"]}}],"collection":[{"href":"https:\/\/zbranebudai.sk\/hu\/wp-json\/wp\/v2\/product"}],"about":[{"href":"https:\/\/zbranebudai.sk\/hu\/wp-json\/wp\/v2\/types\/product"}],"wp:featuredmedia":[{"embeddable":true,"href":"https:\/\/zbranebudai.sk\/hu\/wp-json\/wp\/v2\/media\/20636"}],"wp:attachment":[{"href":"https:\/\/zbranebudai.sk\/hu\/wp-json\/wp\/v2\/media?parent=20597"}],"wp:term":[{"taxonomy":"product_brand","embeddable":true,"href":"https:\/\/zbranebudai.sk\/hu\/wp-json\/wp\/v2\/product_brand?post=20597"},{"taxonomy":"product_cat","embeddable":true,"href":"https:\/\/zbranebudai.sk\/hu\/wp-json\/wp\/v2\/product_cat?post=20597"},{"taxonomy":"product_tag","embeddable":true,"href":"https:\/\/zbranebudai.sk\/hu\/wp-json\/wp\/v2\/product_tag?post=20597"}],"curies":[{"name":"wp","href":"https:\/\/api.w.org\/{rel}","templated":true}]}}