{"id":20596,"date":"2026-02-09T19:24:14","date_gmt":"2026-02-09T17:24:14","guid":{"rendered":"https:\/\/zbranebudai.sk\/?post_type=product&#038;p=20596"},"modified":"2026-02-10T12:21:14","modified_gmt":"2026-02-10T10:21:14","slug":"deerhunter-noi-megerositett-harisnya-fekete-noi-leggings","status":"publish","type":"product","link":"https:\/\/zbranebudai.sk\/hu\/product\/deerhunter-lady-reinforced-tights-black-damske-leginy\/","title":{"rendered":"Deerhunter Lady Reinforced Tights Black n\u0151i leggings"},"content":{"rendered":"<p>A Deerhunter Lady Reinforced Tights Black nagyszer\u0171 kieg\u00e9sz\u00edt\u0151 minden alkalomra. Eleg\u00e1ns szab\u00e1sa t\u00f6k\u00e9letesen form\u00e1lja a n\u0151i alakot. Nagyon l\u00e9g\u00e1tereszt\u0151, kifejezetten a tavaszi \u00e9s ny\u00e1ri h\u00f3napokra k\u00e9sz\u00fclt. Kiv\u00e1l\u00f3 min\u0151s\u00e9g\u0171 anyagok kever\u00e9k\u00e9b\u0151l k\u00e9sz\u00fclnek 76% poliamid \u00e9s 24% elaszt\u00e1n ar\u00e1nyban. Annak \u00e9rdek\u00e9ben, hogy a leggings igaz\u00e1n k\u00e9nyelmes legyen, a legink\u00e1bb ig\u00e9nybe vett r\u00e9szeken, a t\u00e9rdeken \u00e9s az als\u00f3 r\u00e9szen meger\u0151s\u00edt\u00e9st adtak hozz\u00e1, hogy a legig\u00e9nyesebb k\u00f6r\u00fclm\u00e9nyek k\u00f6z\u00f6tt is n\u00f6velj\u00e9k a min\u0151s\u00e9get \u00e9s a tart\u00f3ss\u00e1got. 2 zsebbel rendelkezik, az egyik cipz\u00e1ras a comb elej\u00e9n, a m\u00e1sik pedig a h\u00e1tulj\u00e1n. Menjen vad\u00e1szni, s\u00e9t\u00e1lni, t\u00far\u00e1zni, dolgozni, vagy viselje az egyedi Deerhunter leggingset szabadid\u0151ben.<\/p>\n<h2>Term\u00e9kle\u00edr\u00e1s<\/h2>\n<ul>\n<li><strong>Sz\u00edn:<\/strong> 999 - Fekete<\/li>\n<li><strong>Anyag:<\/strong> 76 % poliamid, 24 % elaszt\u00e1n<\/li>\n<li><strong>Meger\u0151s\u00edt\u00e9s:<\/strong> 67 % poliamid, 26 % poli\u00e9szter, 7 % poliuret\u00e1n<\/li>\n<li><strong>Meger\u0151s\u00edt\u00e9s:<\/strong> fen\u00e9k \u00e9s t\u00e9rd<\/li>\n<li><strong>Zsebek sz\u00e1ma:<\/strong> 2<\/li>\n<li><strong>Aj\u00e1nlott mos\u00e1s:<\/strong> mos\u00e1s hasonl\u00f3 sz\u00ednekkel<\/li>\n<\/ul>\n<h2>Term\u00e9k param\u00e9terek<\/h2>\n<ul>\n<li>Maxim\u00e1lis k\u00e9nyelem \u00e9s rugalmas mozg\u00e1s<\/li>\n<li>Meger\u0151s\u00edt\u00e9s a farizmok \u00e9s a t\u00e9rd ter\u00fclet\u00e9n<\/li>\n<li>Alkalmas sokoldal\u00fa haszn\u00e1latra<\/li>\n<li>2 zseb az alapvet\u0151 tartoz\u00e9kok sz\u00e1m\u00e1ra<\/li>\n<li>Eleg\u00e1ns, n\u0151ies szab\u00e1s<\/li>\n<\/ul>","protected":false},"excerpt":{"rendered":"<p>A Deerhunter Lady Reinforced Tights Black n\u0151i leggings l\u00e9g\u00e1tereszt\u0151, rugalmas anyagb\u00f3l k\u00e9sz\u00fcl, a t\u00e9rd- \u00e9s fen\u00e9kr\u00e9szen meger\u0151s\u00edtett a tart\u00f3ss\u00e1g\u00e9rt, \u00e9s k\u00e9t zsebbel, eleg\u00e1ns szab\u00e1ssal ide\u00e1lis tavaszi-ny\u00e1ri vad\u00e1szatra, s\u00e9t\u00e1ra, t\u00far\u00e1ra vagy mindennapi viseletre.<\/p>","protected":false},"featured_media":20634,"template":"","meta":{"_gspb_post_css":""},"product_brand":[],"product_cat":[2369],"product_tag":[2322,2683],"class_list":{"0":"post-20596","1":"product","2":"type-product","3":"status-publish","4":"has-post-thumbnail","6":"product_cat-nohavice","7":"product_tag-deerhunter","8":"product_tag-lady-reinforced-tights","10":"first","11":"instock","12":"taxable","13":"shipping-taxable","14":"purchasable","15":"product-type-variable","16":"has-default-attributes"},"ct_brands":[],"_links":{"self":[{"href":"https:\/\/zbranebudai.sk\/hu\/wp-json\/wp\/v2\/product\/20596","targetHints":{"allow":["GET"]}}],"collection":[{"href":"https:\/\/zbranebudai.sk\/hu\/wp-json\/wp\/v2\/product"}],"about":[{"href":"https:\/\/zbranebudai.sk\/hu\/wp-json\/wp\/v2\/types\/product"}],"wp:featuredmedia":[{"embeddable":true,"href":"https:\/\/zbranebudai.sk\/hu\/wp-json\/wp\/v2\/media\/20634"}],"wp:attachment":[{"href":"https:\/\/zbranebudai.sk\/hu\/wp-json\/wp\/v2\/media?parent=20596"}],"wp:term":[{"taxonomy":"product_brand","embeddable":true,"href":"https:\/\/zbranebudai.sk\/hu\/wp-json\/wp\/v2\/product_brand?post=20596"},{"taxonomy":"product_cat","embeddable":true,"href":"https:\/\/zbranebudai.sk\/hu\/wp-json\/wp\/v2\/product_cat?post=20596"},{"taxonomy":"product_tag","embeddable":true,"href":"https:\/\/zbranebudai.sk\/hu\/wp-json\/wp\/v2\/product_tag?post=20596"}],"curies":[{"name":"wp","href":"https:\/\/api.w.org\/{rel}","templated":true}]}}