{"id":20595,"date":"2026-02-09T19:24:13","date_gmt":"2026-02-09T17:24:13","guid":{"rendered":"https:\/\/zbranebudai.sk\/?post_type=product&#038;p=20595"},"modified":"2026-02-10T12:27:34","modified_gmt":"2026-02-10T10:27:34","slug":"deerhunter-lady-ann-fallen-leaf-noi-sztreccsnadrag","status":"publish","type":"product","link":"https:\/\/zbranebudai.sk\/hu\/product\/deerhunter-lady-ann-fallen-leaf-damske-strecove-nohavice\/","title":{"rendered":"Deerhunter Lady Ann Fallen Leaf n\u0151i sztreccs nadr\u00e1g"},"content":{"rendered":"<p>Ha \u00d6n lelkes vad\u00e1sz vagy a szabadt\u00e9ri sportok szerelmese, kifinomult \u00edzl\u00e9ssel a ruh\u00e1zat ter\u00e9n, akkor a Deerhunter Lady Ann Fallen Leaf n\u0151i stretch nadr\u00e1g k\u00f6telez\u0151 darab a ruhat\u00e1r\u00e1ban. A nadr\u00e1g kiv\u00e1l\u00f3 min\u0151s\u00e9g\u0171 \u00e9s k\u00e9nyelmes sztreccs anyagb\u00f3l k\u00e9sz\u00fclt, amely maxim\u00e1lis rugalmass\u00e1got \u00e9s k\u00e9nyelmet biztos\u00edt mozg\u00e1s k\u00f6zben.<\/p>\n<p><strong>OEKO-TEX<\/strong> tan\u00fas\u00edtott \u00e9s teflonbevonat\u00fa, amely t\u00f6k\u00e9letesen tasz\u00edt minden szennyez\u0151d\u00e9st \u00e9s k\u00fcl\u00f6n\u00f6sen a vizet. A sz\u00f6vet sokkal gyorsabban sz\u00e1rad.<\/p>\n<p><strong>Teflon kezel\u00e9s<\/strong> - a term\u00e9keket teflonnal impregn\u00e1lj\u00e1k. Ellen\u00e1llnak a v\u00edznek \u00e9s a szennyez\u0151d\u00e9seknek. A foltok k\u00f6nnyen elt\u00e1vol\u00edthat\u00f3k. A teflon sima fel\u00fclet\u0171 \u00e9s h\u0151\u00e1ll\u00f3.<\/p>\n<p><strong>OEKO-TEX<\/strong> - a k\u00e1ros anyagokt\u00f3l mentes term\u00e9k tan\u00fas\u00edtv\u00e1nya. Az OEKO-TEX a vil\u00e1g vezet\u0151 eg\u00e9szs\u00e9g\u00fcgyi tan\u00fas\u00edtv\u00e1nya minden textilterm\u00e9kre.<\/p>\n<h2>Term\u00e9kle\u00edr\u00e1s<\/h2>\n<ul>\n<li><strong>Sz\u00edn:<\/strong> 381 - Lehullott lev\u00e9l<\/li>\n<li><strong>M\u00e9retek:<\/strong> 36-48<\/li>\n<li><strong>Anyag:<\/strong> 57 % poliamid \/ 33 % poli\u00e9szter \/ 10 % elaszt\u00e1n<\/li>\n<li><strong>V\u00edz\u00e1ll\u00f3s\u00e1g:<\/strong> Igen<\/li>\n<li><strong>Aj\u00e1nlott mos\u00e1s:<\/strong> ne haszn\u00e1ljon l\u00e1gy\u00edt\u00f3t, bel\u00fclr\u0151l kiford\u00edtva mossa, m\u00e1s ruh\u00e1kt\u00f3l elk\u00fcl\u00f6n\u00edtve mossa.<\/li>\n<\/ul>\n<h2>Term\u00e9k param\u00e9terek<\/h2>\n<ul>\n<li>\u00c1ll\u00edthat\u00f3 \u00f6v<\/li>\n<li>El\u0151re form\u00e1zott t\u00e9rdek<\/li>\n<li>\u00c1ll\u00edthat\u00f3 bokap\u00e1nt t\u00e9p\u0151z\u00e1ras r\u00f6gz\u00edt\u00e9ssel<\/li>\n<li>K\u00e9t ferde cipz\u00e1ras zseb<\/li>\n<li>Combzseb rejtett cipz\u00e1rral<\/li>\n<li>H\u00e1ts\u00f3 zseb cipz\u00e1rral<\/li>\n<\/ul>","protected":false},"excerpt":{"rendered":"<p>A Deerhunter Lady Ann Fallen Leaf n\u0151i sztreccs nadr\u00e1g OEKO-TEX tan\u00fas\u00edtv\u00e1nnyal \u00e9s teflon kezel\u00e9ssel k\u00e9sz\u00fcl, ez\u00e9rt v\u00edz- \u00e9s szennyez\u0151d\u00e9stasz\u00edt\u00f3, gyorsan sz\u00e1rad, \u00e9s az \u00e1ll\u00edthat\u00f3 der\u00e9k, el\u0151re form\u00e1lt t\u00e9rd, \u00e1ll\u00edthat\u00f3 boka, valamint a cipz\u00e1ras zsebek miatt k\u00e9nyelmes v\u00e1laszt\u00e1s vad\u00e1szathoz \u00e9s outdoor programokhoz.<\/p>","protected":false},"featured_media":20615,"template":"","meta":{"_gspb_post_css":""},"product_brand":[],"product_cat":[2369],"product_tag":[2322,2374],"class_list":{"0":"post-20595","1":"product","2":"type-product","3":"status-publish","4":"has-post-thumbnail","6":"product_cat-nohavice","7":"product_tag-deerhunter","8":"product_tag-lady-ann","10":"first","11":"instock","12":"taxable","13":"shipping-taxable","14":"purchasable","15":"product-type-variable","16":"has-default-attributes"},"ct_brands":[],"_links":{"self":[{"href":"https:\/\/zbranebudai.sk\/hu\/wp-json\/wp\/v2\/product\/20595","targetHints":{"allow":["GET"]}}],"collection":[{"href":"https:\/\/zbranebudai.sk\/hu\/wp-json\/wp\/v2\/product"}],"about":[{"href":"https:\/\/zbranebudai.sk\/hu\/wp-json\/wp\/v2\/types\/product"}],"wp:featuredmedia":[{"embeddable":true,"href":"https:\/\/zbranebudai.sk\/hu\/wp-json\/wp\/v2\/media\/20615"}],"wp:attachment":[{"href":"https:\/\/zbranebudai.sk\/hu\/wp-json\/wp\/v2\/media?parent=20595"}],"wp:term":[{"taxonomy":"product_brand","embeddable":true,"href":"https:\/\/zbranebudai.sk\/hu\/wp-json\/wp\/v2\/product_brand?post=20595"},{"taxonomy":"product_cat","embeddable":true,"href":"https:\/\/zbranebudai.sk\/hu\/wp-json\/wp\/v2\/product_cat?post=20595"},{"taxonomy":"product_tag","embeddable":true,"href":"https:\/\/zbranebudai.sk\/hu\/wp-json\/wp\/v2\/product_tag?post=20595"}],"curies":[{"name":"wp","href":"https:\/\/api.w.org\/{rel}","templated":true}]}}