{"id":20593,"date":"2026-02-09T19:24:13","date_gmt":"2026-02-09T17:24:13","guid":{"rendered":"https:\/\/zbranebudai.sk\/?post_type=product&#038;p=20593"},"modified":"2026-02-10T12:24:58","modified_gmt":"2026-02-10T10:24:58","slug":"deerhunter-kos-teli-nadrag","status":"publish","type":"product","link":"https:\/\/zbranebudai.sk\/hu\/product\/deerhunter-ram-zimne-nohavice\/","title":{"rendered":"Deerhunter RAM t\u00e9li nadr\u00e1g"},"content":{"rendered":"<p>A Deerhunter RAM t\u00e9li nadr\u00e1g sokoldal\u00fa \u00e9s praktikus vad\u00e1sznadr\u00e1g. Nem sz\u00e1m\u00edt, hol vad\u00e1szik, ez a t\u00e9li nadr\u00e1g k\u00e9nyelmesen \u00e9s melegen tartja, amikor kem\u00e9ny t\u00e9li k\u00f6r\u00fclm\u00e9nyek k\u00f6z\u00f6tt vad\u00e1szik. A nadr\u00e1g \u00e1ll\u00edthat\u00f3 der\u00e9kp\u00e1nttal, rugalmas der\u00e9kp\u00e1nttal, hevederrel \u00e9s t\u00e9p\u0151z\u00e1rral, el\u0151form\u00e1zott t\u00e9rdekkel \u00e9s cipz\u00e1rral a nadr\u00e1g alj\u00e1n rendelkezik. A nadr\u00e1got a Deer-Tex Temp szigetel\u00e9snek k\u00f6sz\u00f6nhet\u0151en kem\u00e9ny t\u00e9li k\u00f6r\u00fclm\u00e9nyekre tervezt\u00e9k.<\/p>\n<h2>Term\u00e9kle\u00edr\u00e1s<\/h2>\n<ul>\n<li><strong>M\u00e9ret:<\/strong> 48-64<\/li>\n<li><strong>Sz\u00edn:<\/strong> 382 - Elmwood<\/li>\n<li><strong>A k\u00fcls\u0151 r\u00e9sz \u00f6sszet\u00e9tele:<\/strong> 100 % poli\u00e9szter<\/li>\n<li><strong>Fel\u00fcletkezel\u00e9s:<\/strong> v\u00edztasz\u00edt\u00f3<\/li>\n<li><strong>Elszigetelts\u00e9g:<\/strong> Deer Tex Temp 120 g\/m2<\/li>\n<\/ul>","protected":false},"excerpt":{"rendered":"<p>A Deerhunter RAM Elmwood t\u00e9li nadr\u00e1g v\u00edztasz\u00edt\u00f3, Deer-Tex Temp 120 g\/m2 szigetel\u00e9s\u0171, ez\u00e9rt kem\u00e9ny t\u00e9li vad\u00e1szatra k\u00e9sz\u00fclt, \u00e1ll\u00edthat\u00f3 der\u00e9kkal, el\u0151re form\u00e1zott t\u00e9rddel \u00e9s cipz\u00e1ras sz\u00e1rv\u00e9ggel, hogy melegen \u00e9s k\u00e9nyelmesen tartson.<\/p>","protected":false},"featured_media":20611,"template":"","meta":{"_gspb_post_css":""},"product_brand":[],"product_cat":[2369],"product_tag":[2322,2571],"class_list":{"0":"post-20593","1":"product","2":"type-product","3":"status-publish","4":"has-post-thumbnail","6":"product_cat-nohavice","7":"product_tag-deerhunter","8":"product_tag-ram","10":"first","11":"instock","12":"taxable","13":"shipping-taxable","14":"purchasable","15":"product-type-variable","16":"has-default-attributes"},"ct_brands":[],"_links":{"self":[{"href":"https:\/\/zbranebudai.sk\/hu\/wp-json\/wp\/v2\/product\/20593","targetHints":{"allow":["GET"]}}],"collection":[{"href":"https:\/\/zbranebudai.sk\/hu\/wp-json\/wp\/v2\/product"}],"about":[{"href":"https:\/\/zbranebudai.sk\/hu\/wp-json\/wp\/v2\/types\/product"}],"wp:featuredmedia":[{"embeddable":true,"href":"https:\/\/zbranebudai.sk\/hu\/wp-json\/wp\/v2\/media\/20611"}],"wp:attachment":[{"href":"https:\/\/zbranebudai.sk\/hu\/wp-json\/wp\/v2\/media?parent=20593"}],"wp:term":[{"taxonomy":"product_brand","embeddable":true,"href":"https:\/\/zbranebudai.sk\/hu\/wp-json\/wp\/v2\/product_brand?post=20593"},{"taxonomy":"product_cat","embeddable":true,"href":"https:\/\/zbranebudai.sk\/hu\/wp-json\/wp\/v2\/product_cat?post=20593"},{"taxonomy":"product_tag","embeddable":true,"href":"https:\/\/zbranebudai.sk\/hu\/wp-json\/wp\/v2\/product_tag?post=20593"}],"curies":[{"name":"wp","href":"https:\/\/api.w.org\/{rel}","templated":true}]}}