{"id":20343,"date":"2026-02-09T19:17:22","date_gmt":"2026-02-09T17:17:22","guid":{"rendered":"https:\/\/zbranebudai.sk\/?post_type=product&#038;p=20343"},"modified":"2026-02-10T14:30:42","modified_gmt":"2026-02-10T12:30:42","slug":"deerhunter-orosz-multifunkcionalis-sal","status":"publish","type":"product","link":"https:\/\/zbranebudai.sk\/hu\/product\/deerhunter-rusky-multifunkcna-sal\/","title":{"rendered":"Deerhunter Rusky multifunkcion\u00e1lis s\u00e1l"},"content":{"rendered":"<p><strong>Deerhunter Rusky multifunkcion\u00e1lis s\u00e1l<\/strong> ide\u00e1lis az \u00e9v hideg h\u00f3napjaiban. Sokoldal\u00fas\u00e1ga univerz\u00e1lis. A megk\u00f6t\u00e9sen k\u00edv\u00fcl sapkak\u00e9nt, arcmaszkk\u00e9nt, balaclavak\u00e9nt is haszn\u00e1lhat\u00f3. Kiv\u00e1l\u00f3 min\u0151s\u00e9g\u0171, puha \u00e9s kellemes anyagokb\u00f3l k\u00e9sz\u00fclt a maxim\u00e1lis k\u00e9nyelem \u00e9rdek\u00e9ben.<\/p>\n<h2>Term\u00e9kle\u00edr\u00e1s<\/h2>\n<ul>\n<li>Sz\u00edn: 391 T\u0151zeg<\/li>\n<li>M\u00e9retek: egy m\u00e9ret<\/li>\n<li>90 % poli\u00e9szter, 10 % elaszt\u00e1n<\/li>\n<\/ul>\n<h2>Term\u00e9k param\u00e9terek<\/h2>\n<ul>\n<li>Egyr\u00e9szes nyakkend\u0151\/s\u00e1l<\/li>\n<li>Univerz\u00e1lis haszn\u00e1lat<\/li>\n<li>Alkalmas hidegebb h\u00f3napokra<\/li>\n<\/ul>","protected":false},"excerpt":{"rendered":"<p>A Deerhunter Rusky multifunkcion\u00e1lis s\u00e1l puha, k\u00e9nyelmes anyagb\u00f3l k\u00e9sz\u00fclt, amely melegen tart a hidegebb h\u00f3napokban. Egyetlen darabb\u00f3l \u00e1ll, \u00e9s viselheted nyakmeleg\u00edt\u0151k\u00e9nt, sapkak\u00e9nt, arcmaszkk\u00e9nt vagy balaklavak\u00e9nt is, \u00edgy sokoldal\u00fa kieg\u00e9sz\u00edt\u0151 minden t\u00e9li kir\u00e1ndul\u00e1shoz \u00e9s vad\u00e1szathoz.<\/p>","protected":false},"featured_media":20425,"template":"","meta":{"_gspb_post_css":""},"product_brand":[],"product_cat":[2320],"product_tag":[2322,2371],"class_list":{"0":"post-20343","1":"product","2":"type-product","3":"status-publish","4":"has-post-thumbnail","6":"product_cat-doplnky-obuv-a-oblecenie","7":"product_tag-deerhunter","8":"product_tag-rusky","10":"first","11":"instock","12":"taxable","13":"shipping-taxable","14":"purchasable","15":"product-type-simple"},"ct_brands":[],"_links":{"self":[{"href":"https:\/\/zbranebudai.sk\/hu\/wp-json\/wp\/v2\/product\/20343","targetHints":{"allow":["GET"]}}],"collection":[{"href":"https:\/\/zbranebudai.sk\/hu\/wp-json\/wp\/v2\/product"}],"about":[{"href":"https:\/\/zbranebudai.sk\/hu\/wp-json\/wp\/v2\/types\/product"}],"wp:featuredmedia":[{"embeddable":true,"href":"https:\/\/zbranebudai.sk\/hu\/wp-json\/wp\/v2\/media\/20425"}],"wp:attachment":[{"href":"https:\/\/zbranebudai.sk\/hu\/wp-json\/wp\/v2\/media?parent=20343"}],"wp:term":[{"taxonomy":"product_brand","embeddable":true,"href":"https:\/\/zbranebudai.sk\/hu\/wp-json\/wp\/v2\/product_brand?post=20343"},{"taxonomy":"product_cat","embeddable":true,"href":"https:\/\/zbranebudai.sk\/hu\/wp-json\/wp\/v2\/product_cat?post=20343"},{"taxonomy":"product_tag","embeddable":true,"href":"https:\/\/zbranebudai.sk\/hu\/wp-json\/wp\/v2\/product_tag?post=20343"}],"curies":[{"name":"wp","href":"https:\/\/api.w.org\/{rel}","templated":true}]}}