{"id":20338,"date":"2026-02-09T19:16:57","date_gmt":"2026-02-09T17:16:57","guid":{"rendered":"https:\/\/zbranebudai.sk\/?post_type=product&#038;p=20338"},"modified":"2026-02-10T14:37:53","modified_gmt":"2026-02-10T12:37:53","slug":"deerhunter-dombornyomott-logos-sapka-dio-barna-teli-sapka","status":"publish","type":"product","link":"https:\/\/zbranebudai.sk\/hu\/product\/deerhunter-embossed-logo-hat-walnut-hneda-ciapka-zimna\/","title":{"rendered":"Deerhunter Embossed Logo Hat  Walnut - barna sapka t\u00e9li"},"content":{"rendered":"<p><strong>Deerhunter Embossed Logo Hat  Walnut - barna sapka t\u00e9li<\/strong> a megfelel\u0151 vad\u00e1szok sz\u00e1m\u00e1ra. A vil\u00e1gh\u00edr\u0171 Derhunter gy\u00e1rt\u00f3 sapk\u00e1i finom Deerhunter log\u00f3val vannak ell\u00e1tva. A bels\u0151 f\u00fclr\u00e9sz kellemes \u00e9s puha anyaggal rendelkezik az extra melegs\u00e9g \u00e9rdek\u00e9ben.<\/p>\n<div>\n<h2>Term\u00e9kle\u00edr\u00e1s<\/h2>\n<\/div>\n<ul>\n<li><strong>M\u00e9ret:<\/strong> Egy m\u00e9ret<\/li>\n<\/ul>\n<h2>Term\u00e9k param\u00e9terek<\/h2>\n<ul>\n<li>Kellemes anyag, amely meleg\u00edt<\/li>\n<li>Deerhunter log\u00f3<\/li>\n<li>K\u00e9t sz\u00ednv\u00e1ltozat<\/li>\n<\/ul>","protected":false},"excerpt":{"rendered":"<p>A Deerhunter Embossed Logo Hat Walnut barna sapka meleg, k\u00e9nyelmes t\u00e9li fejfed\u0151 vad\u00e1szoknak, puha bels\u0151 f\u00fclr\u00e9sszel a jobb h\u0151\u00e9rzet\u00e9rt. Letisztult diz\u00e1jnj\u00e1t a jellegzetes Deerhunter log\u00f3 teszi teljess\u00e9, \u00edgy praktikus \u00e9s st\u00edlusos kieg\u00e9sz\u00edt\u0151 a hideg napokra.<\/p>","protected":false},"featured_media":20424,"template":"","meta":{"_gspb_post_css":""},"product_brand":[],"product_cat":[2320],"product_tag":[2322,2528],"class_list":{"0":"post-20338","1":"product","2":"type-product","3":"status-publish","4":"has-post-thumbnail","6":"product_cat-doplnky-obuv-a-oblecenie","7":"product_tag-deerhunter","8":"product_tag-embossed-logo-hat","10":"first","11":"instock","12":"taxable","13":"shipping-taxable","14":"purchasable","15":"product-type-simple"},"ct_brands":[],"_links":{"self":[{"href":"https:\/\/zbranebudai.sk\/hu\/wp-json\/wp\/v2\/product\/20338","targetHints":{"allow":["GET"]}}],"collection":[{"href":"https:\/\/zbranebudai.sk\/hu\/wp-json\/wp\/v2\/product"}],"about":[{"href":"https:\/\/zbranebudai.sk\/hu\/wp-json\/wp\/v2\/types\/product"}],"wp:featuredmedia":[{"embeddable":true,"href":"https:\/\/zbranebudai.sk\/hu\/wp-json\/wp\/v2\/media\/20424"}],"wp:attachment":[{"href":"https:\/\/zbranebudai.sk\/hu\/wp-json\/wp\/v2\/media?parent=20338"}],"wp:term":[{"taxonomy":"product_brand","embeddable":true,"href":"https:\/\/zbranebudai.sk\/hu\/wp-json\/wp\/v2\/product_brand?post=20338"},{"taxonomy":"product_cat","embeddable":true,"href":"https:\/\/zbranebudai.sk\/hu\/wp-json\/wp\/v2\/product_cat?post=20338"},{"taxonomy":"product_tag","embeddable":true,"href":"https:\/\/zbranebudai.sk\/hu\/wp-json\/wp\/v2\/product_tag?post=20338"}],"curies":[{"name":"wp","href":"https:\/\/api.w.org\/{rel}","templated":true}]}}