{"id":20337,"date":"2026-02-09T19:16:57","date_gmt":"2026-02-09T17:16:57","guid":{"rendered":"https:\/\/zbranebudai.sk\/?post_type=product&#038;p=20337"},"modified":"2026-02-10T12:34:27","modified_gmt":"2026-02-10T10:34:27","slug":"deerhunter-muflon-kesztyu","status":"publish","type":"product","link":"https:\/\/zbranebudai.sk\/hu\/product\/deerhunter-muflon-rukavice\/","title":{"rendered":"Deerhunter Muflon keszty\u0171"},"content":{"rendered":"<p><strong>Deerhunter Muflon keszty\u0171<\/strong> k\u00fcl\u00f6n\u00f6sen alkalmas a t\u00e9li \u0151szi vad\u00e1szathoz. Ez a term\u00e9kcsal\u00e1d k\u00e9tir\u00e1ny\u00fa sztreccsel \u00e9s Deer-Tex Performance membr\u00e1nnal rendelkezik, amely v\u00e9d a zord id\u0151j\u00e1r\u00e1s \u00e9s a sz\u00e9l ellen. A Deer-Tex Performance membr\u00e1n egy 100% sz\u00f6vetre lamin\u00e1lt membr\u00e1n, amely sz\u00e9l\u00e1ll\u00f3, v\u00edz\u00e1ll\u00f3 \u00e9s l\u00e9g\u00e1tereszt\u0151. Ez a membr\u00e1n 4 ir\u00e1nyban ny\u00fajthat\u00f3, nagyszer\u0171 \u00e9rz\u00e9st \u00e9s rugalmass\u00e1got biztos\u00edt. Ennek a membr\u00e1nnak az el\u0151nye, hogy k\u00f6nnyen moshat\u00f3 vagy tiszt\u00edthat\u00f3.<\/p>\n<div>\n<h2>Term\u00e9kle\u00edr\u00e1s<\/h2>\n<\/div>\n<ul>\n<li><strong>Sz\u00edn:<\/strong> 376 Art Green<\/li>\n<li><strong>Anyag:<\/strong> 100 % poli\u00e9szter<\/li>\n<li><strong>M\u00e9ret:<\/strong> M-2XL<\/li>\n<li><strong>Membr\u00e1n:<\/strong> Deer-Tex<\/li>\n<\/ul>\n<h2>Term\u00e9k param\u00e9terek<\/h2>\n<ul>\n<li>100 % kop\u00e1s\u00e1ll\u00f3s\u00e1g<\/li>\n<li>100 % sz\u00e9l\u00e1ll\u00f3<\/li>\n<li>100 % l\u00e9legz\u0151<\/li>\n<\/ul>","protected":false},"excerpt":{"rendered":"<p>A Deerhunter Muflon keszty\u0171 k\u00e9tir\u00e1ny\u00fa rugalmas anyag\u00e1val \u00e9s Deer-Tex Performance membr\u00e1nj\u00e1val ide\u00e1lis v\u00e1laszt\u00e1s \u0151szi-t\u00e9li vad\u00e1szathoz, mivel 100%-ban sz\u00e9l\u00e1ll\u00f3, v\u00edz\u00e1ll\u00f3 \u00e9s m\u00e9gis l\u00e9legz\u0151. Kop\u00e1s\u00e1ll\u00f3 kialak\u00edt\u00e1sa \u00e9s k\u00e9nyelmes illeszked\u00e9se biztos fog\u00e1st \u00e9s megb\u00edzhat\u00f3 v\u00e9delmet ad hideg, zord id\u0151ben is.<\/p>","protected":false},"featured_media":20423,"template":"","meta":{"_gspb_post_css":""},"product_brand":[],"product_cat":[2320],"product_tag":[2322,2608],"class_list":{"0":"post-20337","1":"product","2":"type-product","3":"status-publish","4":"has-post-thumbnail","6":"product_cat-doplnky-obuv-a-oblecenie","7":"product_tag-deerhunter","8":"product_tag-muflon","10":"first","11":"instock","12":"taxable","13":"shipping-taxable","14":"purchasable","15":"product-type-variable","16":"has-default-attributes"},"ct_brands":[],"_links":{"self":[{"href":"https:\/\/zbranebudai.sk\/hu\/wp-json\/wp\/v2\/product\/20337","targetHints":{"allow":["GET"]}}],"collection":[{"href":"https:\/\/zbranebudai.sk\/hu\/wp-json\/wp\/v2\/product"}],"about":[{"href":"https:\/\/zbranebudai.sk\/hu\/wp-json\/wp\/v2\/types\/product"}],"wp:featuredmedia":[{"embeddable":true,"href":"https:\/\/zbranebudai.sk\/hu\/wp-json\/wp\/v2\/media\/20423"}],"wp:attachment":[{"href":"https:\/\/zbranebudai.sk\/hu\/wp-json\/wp\/v2\/media?parent=20337"}],"wp:term":[{"taxonomy":"product_brand","embeddable":true,"href":"https:\/\/zbranebudai.sk\/hu\/wp-json\/wp\/v2\/product_brand?post=20337"},{"taxonomy":"product_cat","embeddable":true,"href":"https:\/\/zbranebudai.sk\/hu\/wp-json\/wp\/v2\/product_cat?post=20337"},{"taxonomy":"product_tag","embeddable":true,"href":"https:\/\/zbranebudai.sk\/hu\/wp-json\/wp\/v2\/product_tag?post=20337"}],"curies":[{"name":"wp","href":"https:\/\/api.w.org\/{rel}","templated":true}]}}