{"id":20334,"date":"2026-02-09T19:16:57","date_gmt":"2026-02-09T17:16:57","guid":{"rendered":"https:\/\/zbranebudai.sk\/?post_type=product&#038;p=20334"},"modified":"2026-02-10T12:38:37","modified_gmt":"2026-02-10T10:38:37","slug":"deerhunter-chamois-erdo-zold-ferfi-dzseki","status":"publish","type":"product","link":"https:\/\/zbranebudai.sk\/hu\/product\/deerhunter-chamois-forest-green-panska-bunda\/","title":{"rendered":"Deerhunter Chamois Forest Green f\u00e9rfi kab\u00e1t"},"content":{"rendered":"<p><strong>Deerhunter Chamois Forest Green f\u00e9rfi kab\u00e1t<\/strong> sokoldal\u00fa \u00e9s praktikus outdoor kab\u00e1t olyan f\u00e9rfiak sz\u00e1m\u00e1ra, akik \u00e9rt\u00e9kelik a k\u00e9nyelmet \u00e9s a rugalmass\u00e1got a szabadt\u00e9ri tev\u00e9kenys\u00e9gek sor\u00e1n. Ennek a kab\u00e1tnak a f\u0151 el\u0151nye a n\u00e9gyir\u00e1ny\u00fa sztreccs, azaz a sz\u00f6vet rugalmass\u00e1ga, amely lehet\u0151v\u00e9 teszi a szabad mozg\u00e1st an\u00e9lk\u00fcl, hogy g\u00f6rcs\u00f6snek \u00e9rezn\u00e9 mag\u00e1t. A narancss\u00e1rga r\u00e9szletek fokozz\u00e1k az \u00f6sszhat\u00e1st. A kab\u00e1t sz\u00e9l- \u00e9s v\u00edz\u00e1ll\u00f3 anyagb\u00f3l k\u00e9sz\u00fclt, amely v\u00e9delmet ny\u00fajt a zord id\u0151j\u00e1r\u00e1s ellen, m\u00edg l\u00e9g\u00e1tereszt\u0151 szerkezete k\u00e9nyelmet biztos\u00edt az intenz\u00edvebb fizikai aktivit\u00e1s sor\u00e1n. K\u00f6nny\u0171 s\u00faly\u00e1nak \u00e9s kompakt m\u00e9ret\u00e9nek k\u00f6sz\u00f6nhet\u0151en k\u00f6nnyen \u00f6sszecsomagolhat\u00f3 \u00e9s mag\u00e1val vihet\u0151 t\u00far\u00e1kra, vad\u00e1szatokra vagy m\u00e1s szabadt\u00e9ri kalandokra. Ergonomikus szab\u00e1sa biztos\u00edtja a mozg\u00e1sszabads\u00e1got, m\u00edg az \u00e1ll\u00edthat\u00f3 r\u00e9szletek, mint p\u00e9ld\u00e1ul a mandzsett\u00e1k \u00e9s a szeg\u00e9ly, minden k\u00f6r\u00fclm\u00e9nyek k\u00f6z\u00f6tt k\u00e9nyelmet biztos\u00edtanak. A praktikus cipz\u00e1ras zsebek biztons\u00e1gos t\u00e1rol\u00e1st biztos\u00edtanak a legfontosabb dolgoknak. A Deerhunter Chamois egy funkcion\u00e1lis kab\u00e1t, amely ide\u00e1lis v\u00e1laszt\u00e1s minden olyan szabadt\u00e9ri tev\u00e9kenys\u00e9ghez, ahol maxim\u00e1lis rugalmass\u00e1gra \u00e9s a kedvez\u0151tlen id\u0151j\u00e1r\u00e1s elleni v\u00e9delemre van sz\u00fcks\u00e9g.<\/p>\n<div>\n<h2>Term\u00e9kle\u00edr\u00e1s<\/h2>\n<\/div>\n<ul>\n<li><strong>Sz\u00edn:<\/strong> Erdei z\u00f6ld<\/li>\n<li><strong>Anyag:<\/strong> 90 % poli\u00e9szter, 10 % elaszt\u00e1n<\/li>\n<li><strong>Aj\u00e1nlott mos\u00e1s:<\/strong> 40 \u00b0C, kiford\u00edtva mossa, ne haszn\u00e1ljon l\u00e1gy\u00edt\u00f3t, ne feh\u00e9r\u00edtse, ne sz\u00e1r\u00edtsa sz\u00e1r\u00edt\u00f3g\u00e9pben, ne vasalja.<\/li>\n<li><strong>Gondoskod\u00e1s:<\/strong> hasonl\u00f3 sz\u00ednekkel moshat\u00f3, l\u00f3g\u00f3sz\u00e1r\u00edt\u00e1ssal, nem tiszt\u00edthat\u00f3 sz\u00e1razon.<\/li>\n<\/ul>\n<h2>Term\u00e9k param\u00e9terek<\/h2>\n<ul>\n<li>Alkalmazkod\u00f3 \u00e9s k\u00e9nyelmes illeszked\u00e9s<\/li>\n<li>Fluorkarbon v\u00edztasz\u00edt\u00f3 bevonat<\/li>\n<li>El\u0151re form\u00e1zott h\u00fcvelyek<\/li>\n<li>T\u00f6bb zseb<\/li>\n<li>K\u00e9tir\u00e1ny\u00fa cipz\u00e1r<\/li>\n<li>Gumi a h\u00f3naljban, a mandzsett\u00e1n \u00e9s a szeg\u00e9lyen.<\/li>\n<li>OEKO-TEX\u00ae tan\u00fas\u00edtv\u00e1ny<\/li>\n<\/ul>","protected":false},"excerpt":{"rendered":"<p>A Deerhunter Chamois Forest Green f\u00e9rfi kab\u00e1t n\u00e9gyir\u00e1ny\u00fa stretch anyag\u00e1val, ergonomikus szab\u00e1s\u00e1val \u00e9s fluorkarbon v\u00edzleperget\u0151 bevonat\u00e1val rugalmas, k\u00e9nyelmes \u00e9s id\u0151j\u00e1r\u00e1s\u00e1ll\u00f3 t\u00e1rs minden szabadt\u00e9ri tev\u00e9kenys\u00e9ghez. Sz\u00e9l- \u00e9s v\u00edz\u00e1ll\u00f3, m\u00e9gis l\u00e9g\u00e1tereszt\u0151 kialak\u00edt\u00e1sa, valamint a sok praktikus cipz\u00e1ras zseb ide\u00e1liss\u00e1 teszi t\u00far\u00e1z\u00e1shoz, vad\u00e1szathoz \u00e9s mindennapi outdoor haszn\u00e1latra.<\/p>","protected":false},"featured_media":20413,"template":"","meta":{"_gspb_post_css":""},"product_brand":[],"product_cat":[2574],"product_tag":[2394,2322],"class_list":{"0":"post-20334","1":"product","2":"type-product","3":"status-publish","4":"has-post-thumbnail","6":"product_cat-bundy-a-svetre","7":"product_tag-chamois","8":"product_tag-deerhunter","10":"first","11":"instock","12":"taxable","13":"shipping-taxable","14":"purchasable","15":"product-type-variable","16":"has-default-attributes"},"ct_brands":[],"_links":{"self":[{"href":"https:\/\/zbranebudai.sk\/hu\/wp-json\/wp\/v2\/product\/20334","targetHints":{"allow":["GET"]}}],"collection":[{"href":"https:\/\/zbranebudai.sk\/hu\/wp-json\/wp\/v2\/product"}],"about":[{"href":"https:\/\/zbranebudai.sk\/hu\/wp-json\/wp\/v2\/types\/product"}],"wp:featuredmedia":[{"embeddable":true,"href":"https:\/\/zbranebudai.sk\/hu\/wp-json\/wp\/v2\/media\/20413"}],"wp:attachment":[{"href":"https:\/\/zbranebudai.sk\/hu\/wp-json\/wp\/v2\/media?parent=20334"}],"wp:term":[{"taxonomy":"product_brand","embeddable":true,"href":"https:\/\/zbranebudai.sk\/hu\/wp-json\/wp\/v2\/product_brand?post=20334"},{"taxonomy":"product_cat","embeddable":true,"href":"https:\/\/zbranebudai.sk\/hu\/wp-json\/wp\/v2\/product_cat?post=20334"},{"taxonomy":"product_tag","embeddable":true,"href":"https:\/\/zbranebudai.sk\/hu\/wp-json\/wp\/v2\/product_tag?post=20334"}],"curies":[{"name":"wp","href":"https:\/\/api.w.org\/{rel}","templated":true}]}}