{"id":20333,"date":"2026-02-09T19:16:57","date_gmt":"2026-02-09T17:16:57","guid":{"rendered":"https:\/\/zbranebudai.sk\/?post_type=product&#038;p=20333"},"modified":"2026-02-10T12:40:03","modified_gmt":"2026-02-10T10:40:03","slug":"deerhunter-chamois-teljes-cipzaras-erdozold-ferfi-polar-fleece-pulover","status":"publish","type":"product","link":"https:\/\/zbranebudai.sk\/hu\/product\/deerhunter-chamois-full-zip-forest-green-pansky-polarny-pulover\/","title":{"rendered":"Deerhunter Chamois Full-Zip Forest Green f\u00e9rfi pol\u00e1r pul\u00f3ver"},"content":{"rendered":"<p><strong>Deerhunter Chamois Full-Zip Forest Green f\u00e9rfi pol\u00e1r pul\u00f3ver<\/strong> a f\u0151 el\u0151nye a n\u00e9gyir\u00e1ny\u00fa sztreccs anyag, amely lehet\u0151v\u00e9 teszi a szabad mozg\u00e1st sz\u0171k\u00fclet \u00e9s k\u00e9nyelmetlens\u00e9g n\u00e9lk\u00fcl. Ide\u00e1lis a h\u0171v\u00f6sebb ny\u00e1ri \u00e9s tavaszi est\u00e9kre. Rejtett, cipz\u00e1ras mellzsebbel rendelkezik, amely biztons\u00e1gos t\u00e1rol\u00e1st biztos\u00edt az alapvet\u0151 dolgoknak. A klasszikus, m\u00e9gis modern megjelen\u00e9st a narancss\u00e1rga r\u00e9szletek eg\u00e9sz\u00edtik ki, amelyek sportos, st\u00edlusos megjelen\u00e9st k\u00f6lcs\u00f6n\u00f6znek a ruhadarabnak.<\/p>\n<div>\n<h2>Term\u00e9kle\u00edr\u00e1s<\/h2>\n<\/div>\n<ul>\n<li><strong>Sz\u00edn:<\/strong> Erdei z\u00f6ld<\/li>\n<li><strong>Anyag:<\/strong> 94 % poli\u00e9szter, 6 % elaszt\u00e1n<\/li>\n<li><strong>Aj\u00e1nlott mos\u00e1s:<\/strong> 40 \u00b0C, kiford\u00edtva mosni, ne haszn\u00e1ljon l\u00e1gy\u00edt\u00f3t, ne feh\u00e9r\u00edtse, ne sz\u00e1r\u00edtsa sz\u00e1r\u00edt\u00f3g\u00e9pben, legfeljebb 110 \u00b0C-on vasalja.<\/li>\n<li><strong>Gondoskod\u00e1s:<\/strong> hasonl\u00f3 sz\u00ednekkel moshat\u00f3, l\u00f3g\u00f3sz\u00e1r\u00edt\u00e1ssal, nem tiszt\u00edthat\u00f3 sz\u00e1razon.<\/li>\n<\/ul>\n<h2>Term\u00e9k param\u00e9terek<\/h2>\n<ul>\n<li>Alkalmazkod\u00f3 \u00e9s k\u00e9nyelmes illeszked\u00e9s<\/li>\n<li>Fluorkarbon v\u00edztasz\u00edt\u00f3 bevonat<\/li>\n<li>H\u00e1l\u00f3s gyapj\u00fasz\u00f6vet kontrasztos bet\u00e9tekkel<\/li>\n<li>H\u00fcvelykujj hurkok<\/li>\n<li>Mellzseb rejtett cipz\u00e1rral<\/li>\n<li>OEKO-TEX\u00ae tan\u00fas\u00edtv\u00e1nnyal<\/li>\n<\/ul>","protected":false},"excerpt":{"rendered":"<p>A Deerhunter Chamois Full-Zip Forest Green f\u00e9rfi pol\u00e1r pul\u00f3ver n\u00e9gyir\u00e1ny\u00fa stretch anyag\u00e1nak k\u00f6sz\u00f6nhet\u0151en rugalmas, k\u00e9nyelmes viselet h\u0171v\u00f6sebb tavaszi \u00e9s ny\u00e1ri est\u00e9kre. Fluorkarbon v\u00edzleperget\u0151 bevonata, rejtett cipz\u00e1ras mellzsebe, h\u00fcvelykujj-b\u00fajtat\u00f3i \u00e9s sportos narancss\u00e1rga r\u00e9szletei praktikus \u00e9s modern v\u00e1laszt\u00e1ss\u00e1 teszik szabadt\u00e9ri programokhoz.<\/p>","protected":false},"featured_media":20411,"template":"","meta":{"_gspb_post_css":""},"product_brand":[],"product_cat":[2574],"product_tag":[2664,2322],"class_list":{"0":"post-20333","1":"product","2":"type-product","3":"status-publish","4":"has-post-thumbnail","6":"product_cat-bundy-a-svetre","7":"product_tag-chamois-full-zip","8":"product_tag-deerhunter","10":"first","11":"instock","12":"taxable","13":"shipping-taxable","14":"purchasable","15":"product-type-variable","16":"has-default-attributes"},"ct_brands":[],"_links":{"self":[{"href":"https:\/\/zbranebudai.sk\/hu\/wp-json\/wp\/v2\/product\/20333","targetHints":{"allow":["GET"]}}],"collection":[{"href":"https:\/\/zbranebudai.sk\/hu\/wp-json\/wp\/v2\/product"}],"about":[{"href":"https:\/\/zbranebudai.sk\/hu\/wp-json\/wp\/v2\/types\/product"}],"wp:featuredmedia":[{"embeddable":true,"href":"https:\/\/zbranebudai.sk\/hu\/wp-json\/wp\/v2\/media\/20411"}],"wp:attachment":[{"href":"https:\/\/zbranebudai.sk\/hu\/wp-json\/wp\/v2\/media?parent=20333"}],"wp:term":[{"taxonomy":"product_brand","embeddable":true,"href":"https:\/\/zbranebudai.sk\/hu\/wp-json\/wp\/v2\/product_brand?post=20333"},{"taxonomy":"product_cat","embeddable":true,"href":"https:\/\/zbranebudai.sk\/hu\/wp-json\/wp\/v2\/product_cat?post=20333"},{"taxonomy":"product_tag","embeddable":true,"href":"https:\/\/zbranebudai.sk\/hu\/wp-json\/wp\/v2\/product_tag?post=20333"}],"curies":[{"name":"wp","href":"https:\/\/api.w.org\/{rel}","templated":true}]}}