{"id":20332,"date":"2026-02-09T19:16:56","date_gmt":"2026-02-09T17:16:56","guid":{"rendered":"https:\/\/zbranebudai.sk\/?post_type=product&#038;p=20332"},"modified":"2026-02-10T12:41:34","modified_gmt":"2026-02-10T10:41:34","slug":"deerhunter-climate-37-5-technology-forest-ember-noi-fel-dzseki","status":"publish","type":"product","link":"https:\/\/zbranebudai.sk\/hu\/product\/deerhunter-climate-37-5-technology-forest-ember-damska-polovnicka-bunda\/","title":{"rendered":"Deerhunter Climate - 37.5\u00ae technol\u00f3gia - Forest Ember n\u0151i vad\u00e1szkab\u00e1t"},"content":{"rendered":"<p><strong>Deerhunter Climate - 37.5\u00ae technol\u00f3gia - Forest Ember n\u0151i vad\u00e1szkab\u00e1t<\/strong> az eleg\u00e1ns Forest Ember sz\u00ednben a funkcionalit\u00e1s, a h\u0151komfort \u00e9s a modern vad\u00e1szati design t\u00f6k\u00e9letes kombin\u00e1ci\u00f3ja. Kifejezetten olyan n\u0151k sz\u00e1m\u00e1ra tervezt\u00e9k, akik hossz\u00fa \u00f3r\u00e1kat t\u00f6ltenek a szabadban minden id\u0151j\u00e1r\u00e1si viszonyok k\u00f6z\u00f6tt. A kab\u00e1t innovat\u00edv 37.5\u00ae technol\u00f3gi\u00e1val rendelkezik, amely akt\u00edvan szab\u00e1lyozza a testh\u0151m\u00e9rs\u00e9kletet \u00e9s elvezeti a nedvess\u00e9get, \u00edgy b\u00e1rmilyen k\u00f6rnyezetben optim\u00e1lis mikrokl\u00edm\u00e1t biztos\u00edt. Az egyik f\u0151 el\u0151nye a n\u00e9gyir\u00e1ny\u00fa sztreccs anyag, amely rugalmas mozg\u00e1st tesz lehet\u0151v\u00e9 an\u00e9lk\u00fcl, hogy korl\u00e1tozn\u00e1 vagy \u00f6sszenyomn\u00e1. A sz\u00e9l\u00e1ll\u00f3, v\u00edz\u00e1ll\u00f3 \u00e9s l\u00e9g\u00e1tereszt\u0151 membr\u00e1n biztos\u00edtja, hogy rossz id\u0151ben is sz\u00e1razon \u00e9s melegen maradj. Az ergonomikus n\u0151i szab\u00e1s, az \u00e1ll\u00edthat\u00f3 mandzsett\u00e1k, a der\u00e9kp\u00e1nt \u00e9s a kapucni t\u00f6k\u00e9letes illeszked\u00e9st biztos\u00edt. A k\u00e9tir\u00e1ny\u00fa cipz\u00e1r \u00e9s a h\u00e1ton meghosszabb\u00edtott szab\u00e1s extra k\u00e9nyelmet biztos\u00edt hideg id\u0151ben.<\/p>\n<div>\n<h2>Term\u00e9kle\u00edr\u00e1s<\/h2>\n<\/div>\n<ul>\n<li><strong>Sz\u00edn:<\/strong> Forest Man<\/li>\n<li><strong>Anyag:<\/strong> 100 % poli\u00e9szter<\/li>\n<li><strong>Aj\u00e1nlott mos\u00e1s:<\/strong> 40 \u00b0C-on bel\u00fclr\u0151l kifel\u00e9 ford\u00edtva mossa, ne haszn\u00e1ljon l\u00e1gy\u00edt\u00f3t, ne feh\u00e9r\u00edtse, ne sz\u00e1r\u00edtsa sz\u00e1r\u00edt\u00f3g\u00e9pben, ne vasalja.<\/li>\n<li><strong>Tiszt\u00edt\u00e1s:<\/strong> mos\u00e1s hasonl\u00f3 sz\u00ednekkel, sz\u00e1r\u00edtsuk, a vegytiszt\u00edt\u00e1s nem aj\u00e1nlott.<\/li>\n<\/ul>\n<h2>Term\u00e9k param\u00e9terek<\/h2>\n<ul>\n<li>Csendes \u00e9s tart\u00f3s anyag<\/li>\n<li>Sz\u00e9l\u00e1ll\u00f3 \u00e9s v\u00edz\u00e1ll\u00f3 membr\u00e1n<\/li>\n<li>Ergonomikus illeszked\u00e9s<\/li>\n<li>Praktikus zsebek \u00e9s \u00e1ll\u00edthat\u00f3 elemek<\/li>\n<li>37.5\u00ae technol\u00f3gia<\/li>\n<li>OEKO-TEX\u00ae tan\u00fas\u00edtv\u00e1ny<\/li>\n<\/ul>","protected":false},"excerpt":{"rendered":"<p>A Deerhunter Climate 37.5\u00ae Forest Ember n\u0151i vad\u00e1szkab\u00e1t csendes, sz\u00e9l- \u00e9s v\u00edz\u00e1ll\u00f3 k\u00fcls\u0151vel, valamint 37.5\u00ae technol\u00f3gi\u00e1val gondoskodik a testh\u0151m\u00e9rs\u00e9klet szab\u00e1lyoz\u00e1s\u00e1r\u00f3l \u00e9s a nedvess\u00e9g elvezet\u00e9s\u00e9r\u0151l, \u00edgy hossz\u00fa \u00f3r\u00e1kon \u00e1t k\u00e9nyelmes viselet a term\u00e9szetben. N\u0151ies, ergonomikus szab\u00e1sa, a four-way stretch anyag \u00e9s az \u00e1ll\u00edthat\u00f3 r\u00e9szletek szabad mozg\u00e1st \u00e9s t\u00f6k\u00e9letes illeszked\u00e9st biztos\u00edtanak vad\u00e1szathoz \u00e9s m\u00e1s szabadt\u00e9ri tev\u00e9kenys\u00e9gekhez.<\/p>","protected":false},"featured_media":20408,"template":"","meta":{"_gspb_post_css":""},"product_brand":[],"product_cat":[2574],"product_tag":[2663,2322],"class_list":{"0":"post-20332","1":"product","2":"type-product","3":"status-publish","4":"has-post-thumbnail","6":"product_cat-bundy-a-svetre","7":"product_tag-climate","8":"product_tag-deerhunter","10":"first","11":"instock","12":"taxable","13":"shipping-taxable","14":"purchasable","15":"product-type-variable","16":"has-default-attributes"},"ct_brands":[],"_links":{"self":[{"href":"https:\/\/zbranebudai.sk\/hu\/wp-json\/wp\/v2\/product\/20332","targetHints":{"allow":["GET"]}}],"collection":[{"href":"https:\/\/zbranebudai.sk\/hu\/wp-json\/wp\/v2\/product"}],"about":[{"href":"https:\/\/zbranebudai.sk\/hu\/wp-json\/wp\/v2\/types\/product"}],"wp:featuredmedia":[{"embeddable":true,"href":"https:\/\/zbranebudai.sk\/hu\/wp-json\/wp\/v2\/media\/20408"}],"wp:attachment":[{"href":"https:\/\/zbranebudai.sk\/hu\/wp-json\/wp\/v2\/media?parent=20332"}],"wp:term":[{"taxonomy":"product_brand","embeddable":true,"href":"https:\/\/zbranebudai.sk\/hu\/wp-json\/wp\/v2\/product_brand?post=20332"},{"taxonomy":"product_cat","embeddable":true,"href":"https:\/\/zbranebudai.sk\/hu\/wp-json\/wp\/v2\/product_cat?post=20332"},{"taxonomy":"product_tag","embeddable":true,"href":"https:\/\/zbranebudai.sk\/hu\/wp-json\/wp\/v2\/product_tag?post=20332"}],"curies":[{"name":"wp","href":"https:\/\/api.w.org\/{rel}","templated":true}]}}