{"id":20329,"date":"2026-02-09T19:16:56","date_gmt":"2026-02-09T17:16:56","guid":{"rendered":"https:\/\/zbranebudai.sk\/?post_type=product&#038;p=20329"},"modified":"2026-02-10T12:42:56","modified_gmt":"2026-02-10T10:42:56","slug":"deerhunter-lady-pam-grafit-zold-noi-fleece-kabat","status":"publish","type":"product","link":"https:\/\/zbranebudai.sk\/hu\/product\/deerhunter-lady-pam-graphite-green-damska-fleecova-bunda\/","title":{"rendered":"Deerhunter Lady Pam Graphite Green n\u0151i gyapj\u00fa kab\u00e1t"},"content":{"rendered":"<p><strong>Deerhunter Lady Pam Graphite Green n\u0151i gyapj\u00fa kab\u00e1t<\/strong> egyed\u00fcl\u00e1ll\u00f3 grafitz\u00f6ld kialak\u00edt\u00e1sa st\u00edlusos, m\u00e9gis praktikus megjelen\u00e9st biztos\u00edt, amely ide\u00e1lis a k\u00fcl\u00f6nb\u00f6z\u0151 szabadt\u00e9ri tev\u00e9kenys\u00e9gekhez. F\u0151 anyaga az 100% nagy s\u0171r\u0171s\u00e9g\u0171, 350 g\/m2 poli\u00e9szter, amely szil\u00e1rds\u00e1g\u00e1r\u00f3l, tart\u00f3ss\u00e1g\u00e1r\u00f3l \u00e9s nedvess\u00e9gelvezet\u0151 tulajdons\u00e1gair\u00f3l h\u00edres. Ez az anyag optim\u00e1lis v\u00e9delmet ny\u00fajt az id\u0151j\u00e1r\u00e1s viszontags\u00e1gaival szemben, mik\u00f6zben meg\u0151rzi a k\u00e9nyelmes viselethez sz\u00fcks\u00e9ges k\u00f6nny\u0171s\u00e9get. Ezenk\u00edv\u00fcl a term\u00e9ket egy kontrasztos, szint\u00e9n 100% poli\u00e9szterb\u0151l k\u00e9sz\u00fclt sz\u00f6vet z\u00e1rja le, amely biztos\u00edtja a tart\u00f3ss\u00e1got \u00e9s a st\u00edlust.<\/p>\n<p>A kab\u00e1t kiv\u00e1l\u00f3 min\u0151s\u00e9g\u0171 DEERHUNTER\u00ae Stormliner\u00ae membr\u00e1nnal van ell\u00e1tva, amely vagy k\u00f6zvetlen\u00fcl a k\u00fcls\u0151 sz\u00f6vetre van lamin\u00e1lva, vagy k\u00e9t sz\u00f6vetr\u00e9teg k\u00f6z\u00e9 van be\u00e1gyazva. Ez a technol\u00f3gia egyszerre biztos\u00edtja a magas l\u00e9g\u00e1tereszt\u0151 k\u00e9pess\u00e9get \u00e9s a sz\u00e9l\u00e1ll\u00f3s\u00e1got. B\u00e1r ez a term\u00e9k nem rendelkezik ragasztott varratokkal, a membr\u00e1n kiv\u00e9teles id\u0151j\u00e1r\u00e1sv\u00e9delmet biztos\u00edt, \u00e9s a legzordabb k\u00f6r\u00fclm\u00e9nyek k\u00f6z\u00f6tt is sz\u00e1razon \u00e9s k\u00e9nyelmesen tartja a testet. A membr\u00e1n 3000 g\/m\u00b2\/24 \u00f3ra l\u00e9g\u00e1tereszt\u0151 k\u00e9pess\u00e9get \u00e9s 5000 mm v\u00edz\u00e1ll\u00f3s\u00e1got tesz lehet\u0151v\u00e9, \u00edgy ide\u00e1lis darab es\u0151s vagy szeles id\u0151j\u00e1r\u00e1shoz.<\/p>\n<p>OEKO-TEX\u00ae tan\u00fas\u00edtv\u00e1nnyal rendelkezik, amely vil\u00e1gszerte elismert garancia arra, hogy a term\u00e9k k\u00e1ros anyagok n\u00e9lk\u00fcl k\u00e9sz\u00fclt. Ez fontos t\u00e9nyez\u0151 mindazok sz\u00e1m\u00e1ra, akik biztons\u00e1gos \u00e9s k\u00f6rnyezeti szempontb\u00f3l fenntarthat\u00f3 ruh\u00e1zatot keresnek, amely k\u00edm\u00e9li a b\u0151rt \u00e9s a k\u00f6rnyezetet. Hat funkcion\u00e1lis zsebbel rendelkezik, amelyek b\u0151s\u00e9ges t\u00e1rol\u00f3helyet biztos\u00edtanak az olyan apr\u00f3s\u00e1goknak, mint a mobiltelefon, a kulcs, a p\u00e9nzt\u00e1rca vagy m\u00e1s alapvet\u0151 dolgok. A zsebek gondosan vannak elhelyezve a k\u00f6nny\u0171 hozz\u00e1f\u00e9r\u00e9s \u00e9rdek\u00e9ben, \u00e9s \u00fagy vannak kialak\u00edtva, hogy ne akad\u00e1lyozz\u00e1k a mozg\u00e1st.<\/p>\n<p>Ez a term\u00e9k ide\u00e1lis v\u00e1laszt\u00e1s mindazok sz\u00e1m\u00e1ra, akik megb\u00edzhat\u00f3 \u00e9s funkcion\u00e1lis ruh\u00e1zatot keresnek szabadt\u00e9ri tev\u00e9kenys\u00e9gekhez. Az olyan modern technol\u00f3gi\u00e1k kombin\u00e1ci\u00f3j\u00e1nak k\u00f6sz\u00f6nhet\u0151en, mint a DEERHUNTER\u00ae Stormliner\u00ae membr\u00e1n \u00e9s az OEKO-TEX\u00ae tan\u00fas\u00edtott \u00f6kol\u00f3giai szabv\u00e1nyok, ez a term\u00e9k maxim\u00e1lis id\u0151j\u00e1r\u00e1sv\u00e9delmet, nagy k\u00e9nyelmet \u00e9s tart\u00f3ss\u00e1got biztos\u00edt.<\/p>\n<h2>Term\u00e9kle\u00edr\u00e1s<\/h2>\n<ul>\n<li><strong>Sz\u00edn:<\/strong> 371 - grafit z\u00f6ld<\/li>\n<li><strong>Anyag:<\/strong> 100 % poli\u00e9szter, 350 g\/m\u00b2<\/li>\n<li><strong>Kontrasztos anyag:<\/strong> 100 % poli\u00e9szter<\/li>\n<li><strong>Membr\u00e1n:<\/strong> DEERHUNTER\u00ae Stormliner\u00ae<\/li>\n<li><strong>Tan\u00fas\u00edt\u00e1s:<\/strong> OEKO-TEX\u00ae<\/li>\n<li><strong>V\u00edz\u00e1ll\u00f3 \u00e9s l\u00e9g\u00e1tereszt\u0151:<\/strong> 5000 mm, 3000 g<\/li>\n<li><strong>L\u00e9legz\u0151:<\/strong> Igen<\/li>\n<li><strong>Sz\u00e9l\u00e1ll\u00f3:<\/strong> Igen<\/li>\n<li><strong>Zsebek sz\u00e1ma:<\/strong> 6 zseb<\/li>\n<li><strong>Aj\u00e1nlott mos\u00e1s:<\/strong> 40 \u00b0C, kiford\u00edtva mossa, ne haszn\u00e1ljon l\u00e1gy\u00edt\u00f3t, ne feh\u00e9r\u00edtse, ne sz\u00e1r\u00edtsa sz\u00e1r\u00edt\u00f3g\u00e9pben, ne vasalja.<\/li>\n<\/ul>\n<p><strong>DEERHUNTER\u00ae Stormliner\u00ae membr\u00e1n<\/strong> - lamin\u00e1lt membr\u00e1n a k\u00fcls\u0151 anyagon vagy k\u00e9t sz\u00f6vetr\u00e9teg k\u00f6z\u00f6tt. Ragasztott varr\u00e1s n\u00e9lk\u00fcli term\u00e9kekn\u00e9l haszn\u00e1latos. Nagy l\u00e9g\u00e1tereszt\u0151 k\u00e9pess\u00e9get biztos\u00edt.<br \/>\n<strong>nOEKO-TEX\u00ae tan\u00fas\u00edtv\u00e1ny<\/strong> - vil\u00e1gels\u0151 min\u0151s\u00edt\u00e9s, amely garant\u00e1lja, hogy a term\u00e9k mentes a k\u00e1ros anyagokt\u00f3l.<\/p>\n<h2>Term\u00e9k param\u00e9terek<\/h2>\n<ul>\n<li>DEERHUNTER\u00ae Stormliner lamin\u00e1lt membr\u00e1n<\/li>\n<li>OEKO-TEX\u00ae tan\u00fas\u00edtv\u00e1nnyal rendelkez\u0151 term\u00e9k<\/li>\n<li>Nagy l\u00e9g\u00e1tereszt\u0151 k\u00e9pess\u00e9g<\/li>\n<li>Sz\u00e9l\u00e1ll\u00f3s\u00e1g<\/li>\n<\/ul>","protected":false},"excerpt":{"rendered":"<p>A Deerhunter Lady Pam Graphite Green n\u0151i gyapj\u00fa kab\u00e1t eleg\u00e1ns, m\u00e9gis praktikus v\u00e1laszt\u00e1s, amely Stormliner membr\u00e1nj\u00e1nak k\u00f6sz\u00f6nhet\u0151en sz\u00e9l\u00e1ll\u00f3, l\u00e9g\u00e1tereszt\u0151 \u00e9s k\u00e9nyelmes viselet h\u0171v\u00f6s, szeles id\u0151ben is. OEKO-TEX tan\u00fas\u00edtv\u00e1nnyal k\u00e9sz\u00fclt, 6 funkcion\u00e1lis zsebe pedig b\u0151s\u00e9ges helyet ad a fontos kinti felszerel\u00e9seknek \u00e9s mindennapi holmiknak.<\/p>","protected":false},"featured_media":20399,"template":"","meta":{"_gspb_post_css":""},"product_brand":[],"product_cat":[2574],"product_tag":[2322,2558],"class_list":{"0":"post-20329","1":"product","2":"type-product","3":"status-publish","4":"has-post-thumbnail","6":"product_cat-bundy-a-svetre","7":"product_tag-deerhunter","8":"product_tag-lady-pam","10":"first","11":"instock","12":"taxable","13":"shipping-taxable","14":"purchasable","15":"product-type-variable","16":"has-default-attributes"},"ct_brands":[],"_links":{"self":[{"href":"https:\/\/zbranebudai.sk\/hu\/wp-json\/wp\/v2\/product\/20329","targetHints":{"allow":["GET"]}}],"collection":[{"href":"https:\/\/zbranebudai.sk\/hu\/wp-json\/wp\/v2\/product"}],"about":[{"href":"https:\/\/zbranebudai.sk\/hu\/wp-json\/wp\/v2\/types\/product"}],"wp:featuredmedia":[{"embeddable":true,"href":"https:\/\/zbranebudai.sk\/hu\/wp-json\/wp\/v2\/media\/20399"}],"wp:attachment":[{"href":"https:\/\/zbranebudai.sk\/hu\/wp-json\/wp\/v2\/media?parent=20329"}],"wp:term":[{"taxonomy":"product_brand","embeddable":true,"href":"https:\/\/zbranebudai.sk\/hu\/wp-json\/wp\/v2\/product_brand?post=20329"},{"taxonomy":"product_cat","embeddable":true,"href":"https:\/\/zbranebudai.sk\/hu\/wp-json\/wp\/v2\/product_cat?post=20329"},{"taxonomy":"product_tag","embeddable":true,"href":"https:\/\/zbranebudai.sk\/hu\/wp-json\/wp\/v2\/product_tag?post=20329"}],"curies":[{"name":"wp","href":"https:\/\/api.w.org\/{rel}","templated":true}]}}