{"id":20328,"date":"2026-02-09T19:16:56","date_gmt":"2026-02-09T17:16:56","guid":{"rendered":"https:\/\/zbranebudai.sk\/?post_type=product&#038;p=20328"},"modified":"2026-02-10T12:44:36","modified_gmt":"2026-02-10T10:44:36","slug":"deerhunter-gamer-pro-light-wood-ferfi-kabat","status":"publish","type":"product","link":"https:\/\/zbranebudai.sk\/hu\/product\/deerhunter-gamer-pro-light-wood-panska-bunda\/","title":{"rendered":"Deerhunter Gamer Pro Light Wood f\u00e9rfi kab\u00e1t"},"content":{"rendered":"<p><strong>Deerhunter Gamer Pro Light Wood f\u00e9rfi kab\u00e1t<\/strong> a modern vad\u00e1szok ig\u00e9nyeihez tervezt\u00e9k. A Deer-Tex\u00ae Performance Shell membr\u00e1nnal ell\u00e1tott, csendes anyagb\u00f3l k\u00e9sz\u00fclt kab\u00e1t v\u00edz- \u00e9s sz\u00e9l\u00e1ll\u00f3, ugyanakkor l\u00e9g\u00e1tereszt\u0151, \u00edgy b\u00e1rmilyen id\u0151j\u00e1r\u00e1si k\u00f6r\u00fclm\u00e9nyek k\u00f6z\u00f6tt ide\u00e1lis az akt\u00edv vad\u00e1szathoz. T\u00f6bb praktikus zseb kombin\u00e1lja a k\u00e9nyelmet a funkcionalit\u00e1ssal. A v\u00e1ll- \u00e9s k\u00f6ny\u00f6kpaneleken l\u00e9v\u0151 gum\u00edrozott nyomtat\u00e1s c\u00e9lzott kop\u00e1s\u00e1ll\u00f3s\u00e1got biztos\u00edt, mik\u00f6zben a v\u00e1llp\u00e1ntok stabilan tartj\u00e1k a v\u00e1llp\u00e1ntokat. A viharz\u00e1ras mandzsett\u00e1kon \u00f3rahurok tal\u00e1lhat\u00f3, \u00edgy k\u00f6nnyed\u00e9n ellen\u0151rizheti az id\u0151t an\u00e9lk\u00fcl, hogy le kellene vennie a kab\u00e1tot. A bal mellzsebben be\u00e9p\u00edtett t\u00f6rl\u0151kend\u0151 is tal\u00e1lhat\u00f3, amely t\u00f6k\u00e9letes az optika gyors tiszt\u00edt\u00e1s\u00e1hoz terepen. Ez a kab\u00e1t t\u00f6k\u00e9letes v\u00e1laszt\u00e1s azoknak a vad\u00e1szoknak, akik praktikumot, v\u00e9delmet \u00e9s innov\u00e1ci\u00f3t keresnek egy darabban.<\/p>\n<div>\n<h2>Term\u00e9kle\u00edr\u00e1s<\/h2>\n<\/div>\n<ul>\n<li><strong>Sz\u00edn:<\/strong> 5723-585 - Fa<\/li>\n<li><strong>Anyag:<\/strong> 100 % poli\u00e9szter<\/li>\n<li><strong>Aj\u00e1nlott mos\u00e1s:<\/strong> 30 \u00b0C-on bel\u00fclr\u0151l kifel\u00e9 ford\u00edtva mossa, ne haszn\u00e1ljon l\u00e1gy\u00edt\u00f3t, ne feh\u00e9r\u00edtse, ne sz\u00e1r\u00edtsa sz\u00e1r\u00edt\u00f3g\u00e9pben, ne vasalja.<\/li>\n<li><strong>Gondoskod\u00e1s:<\/strong> hasonl\u00f3 sz\u00ednekkel moshat\u00f3, l\u00f3g\u00f3sz\u00e1r\u00edt\u00e1ssal, nem tiszt\u00edthat\u00f3 sz\u00e1razon.<\/li>\n<\/ul>\n<h2>Term\u00e9k param\u00e9terek<\/h2>\n<ul>\n<li>Ultrak\u00f6nny\u0171 konstrukci\u00f3<\/li>\n<li>V\u00edz\u00e1ll\u00f3 \u00e9s sz\u00e9l\u00e1ll\u00f3 anyag<\/li>\n<li>L\u00e9g\u00e1tereszt\u0151 sz\u00f6vet<\/li>\n<li>K\u00e9nyelmes illeszked\u00e9s<\/li>\n<li>Kompakt, k\u00f6nnyen csomagolhat\u00f3<\/li>\n<\/ul>","protected":false},"excerpt":{"rendered":"<p>A Deerhunter Gamer Pro Light Wood f\u00e9rfi kab\u00e1t ultrak\u00f6nny\u0171, halk, Deer-Tex\u00ae Performance Shell membr\u00e1nj\u00e1nak k\u00f6sz\u00f6nhet\u0151en v\u00edz \u00e9s sz\u00e9l\u00e1ll\u00f3, m\u00e9gis l\u00e9g\u00e1tereszt\u0151, ez\u00e9rt ide\u00e1lis akt\u00edv vad\u00e1szathoz b\u00e1rmilyen id\u0151j\u00e1r\u00e1sban. Gum\u00edrozott v\u00e1ll \u00e9s k\u00f6ny\u00f6ker\u0151s\u00edt\u00e9se, t\u00f6bb praktikus zsebe, \u00f3rany\u00edl\u00e1ssal ell\u00e1tott mandzsett\u00e1i \u00e9s a be\u00e9p\u00edtett optikatiszt\u00edt\u00f3 kend\u0151 maxim\u00e1lis k\u00e9nyelmet \u00e9s funkcionalit\u00e1st ad terepen.<\/p>","protected":false},"featured_media":20395,"template":"","meta":{"_gspb_post_css":""},"product_brand":[],"product_cat":[2574],"product_tag":[2322,2661],"class_list":{"0":"post-20328","1":"product","2":"type-product","3":"status-publish","4":"has-post-thumbnail","6":"product_cat-bundy-a-svetre","7":"product_tag-deerhunter","8":"product_tag-gamer-pro-light-wood","10":"first","11":"instock","12":"taxable","13":"shipping-taxable","14":"purchasable","15":"product-type-variable","16":"has-default-attributes"},"ct_brands":[],"_links":{"self":[{"href":"https:\/\/zbranebudai.sk\/hu\/wp-json\/wp\/v2\/product\/20328","targetHints":{"allow":["GET"]}}],"collection":[{"href":"https:\/\/zbranebudai.sk\/hu\/wp-json\/wp\/v2\/product"}],"about":[{"href":"https:\/\/zbranebudai.sk\/hu\/wp-json\/wp\/v2\/types\/product"}],"wp:featuredmedia":[{"embeddable":true,"href":"https:\/\/zbranebudai.sk\/hu\/wp-json\/wp\/v2\/media\/20395"}],"wp:attachment":[{"href":"https:\/\/zbranebudai.sk\/hu\/wp-json\/wp\/v2\/media?parent=20328"}],"wp:term":[{"taxonomy":"product_brand","embeddable":true,"href":"https:\/\/zbranebudai.sk\/hu\/wp-json\/wp\/v2\/product_brand?post=20328"},{"taxonomy":"product_cat","embeddable":true,"href":"https:\/\/zbranebudai.sk\/hu\/wp-json\/wp\/v2\/product_cat?post=20328"},{"taxonomy":"product_tag","embeddable":true,"href":"https:\/\/zbranebudai.sk\/hu\/wp-json\/wp\/v2\/product_tag?post=20328"}],"curies":[{"name":"wp","href":"https:\/\/api.w.org\/{rel}","templated":true}]}}