{"id":20327,"date":"2026-02-09T19:16:56","date_gmt":"2026-02-09T17:16:56","guid":{"rendered":"https:\/\/zbranebudai.sk\/?post_type=product&#038;p=20327"},"modified":"2026-02-10T12:45:51","modified_gmt":"2026-02-10T10:45:51","slug":"deerhunter-tatra-active-loden-wood-ferfi-kabat","status":"publish","type":"product","link":"https:\/\/zbranebudai.sk\/hu\/product\/deerhunter-tatra-active-loden-wood-panska-bunda\/","title":{"rendered":"Deerhunter Tatra Active Loden Wood f\u00e9rfi kab\u00e1t"},"content":{"rendered":"<p><strong>Deerhunter Tatra Active Loden Wood f\u00e9rfi kab\u00e1t<\/strong> \u00fagy tervezt\u00e9k, hogy minden id\u0151j\u00e1r\u00e1si k\u00f6r\u00fclm\u00e9nyek k\u00f6z\u00f6tt k\u00e9nyelmet biztos\u00edtson akt\u00edv vad\u00e1szat k\u00f6zben. Kezd\u0151 \u00e9s tapasztalt vad\u00e1szok sz\u00e1m\u00e1ra egyar\u00e1nt ide\u00e1lis - sokoldal\u00fas\u00e1got k\u00edn\u00e1l, \u00e9s \u00fagy tervezt\u00e9k, hogy melegen tartsa, \u00f6sszpontos\u00edtson \u00e9s megv\u00e9dje \u00d6nt a zord id\u0151j\u00e1r\u00e1st\u00f3l. A kultur\u00e1lt r\u00e9szletek kiemelik a klasszikus vad\u00e1szst\u00edlust, m\u00edg a Deer-Tex\u00ae Performance Shell membr\u00e1n biztos\u00edtja, hogy a kab\u00e1t sz\u00e9l\u00e1ll\u00f3, v\u00edz\u00e1ll\u00f3 \u00e9s l\u00e9legz\u0151 legyen, valamint k\u00e9nyelmes szigetel\u00e9st biztos\u00edt. A kritikus pontokon elasztikus panelek biztos\u00edtj\u00e1k a mozg\u00e1sszabads\u00e1got, ami k\u00fcl\u00f6n\u00f6sen fontos a meger\u0151ltet\u0151 tev\u00e9kenys\u00e9gek sor\u00e1n.<\/p>\n<div>\n<h2>Term\u00e9kle\u00edr\u00e1s<\/h2>\n<\/div>\n<ul>\n<li><strong>Sz\u00edn:<\/strong> 3786-379 - Aszfalt z\u00f6ld<\/li>\n<li><strong>Anyag:<\/strong> 85 % poli\u00e9szter, 15 % poliamid<\/li>\n<li><strong>B\u00e9l\u00e9s:<\/strong> 100 % poli\u00e9szter, Deer-Tex\u00ae Temp 40 g\/m\u00b2<\/li>\n<li><strong>Aj\u00e1nlott mos\u00e1s:<\/strong> 30 \u00b0C-on bel\u00fclr\u0151l kifel\u00e9 ford\u00edtva mossa, ne haszn\u00e1ljon l\u00e1gy\u00edt\u00f3t, ne feh\u00e9r\u00edtse, ne sz\u00e1r\u00edtsa sz\u00e1r\u00edt\u00f3g\u00e9pben, ne vasalja.<\/li>\n<li><strong>Gondoskod\u00e1s:<\/strong> hasonl\u00f3 sz\u00ednekkel moshat\u00f3, l\u00f3g\u00f3sz\u00e1r\u00edt\u00e1ssal, nem tiszt\u00edthat\u00f3 sz\u00e1razon.<\/li>\n<\/ul>\n<h2>Term\u00e9k param\u00e9terek<\/h2>\n<ul>\n<li>Sz\u00e9l\u00e1ll\u00f3 \u00e9s v\u00edz\u00e1ll\u00f3 anyag<\/li>\n<li>L\u00e9legz\u0151 kialak\u00edt\u00e1s<\/li>\n<li>H\u0151szigetel\u00e9s<\/li>\n<li>Kiv\u00e1l\u00f3 h\u0151szigetel\u0151 tulajdons\u00e1gok<\/li>\n<li>Ergonomikus kialak\u00edt\u00e1s \u00e9s rugalmas panelek<\/li>\n<li>\u00c1ll\u00edthat\u00f3 elemek<\/li>\n<\/ul>","protected":false},"excerpt":{"rendered":"<p>A Deerhunter Tatra Active Loden Wood f\u00e9rfi kab\u00e1t sz\u00e9l- \u00e9s v\u00edz\u00e1ll\u00f3 Deer-Tex\u00ae Performance Shell membr\u00e1nj\u00e1val, h\u0151szigetel\u0151 b\u00e9l\u00e9s\u00e9vel \u00e9s rugalmas paneleivel k\u00e9nyelmes v\u00e9delmet ad akt\u00edv vad\u00e1szathoz b\u00e1rmilyen id\u0151j\u00e1r\u00e1sban. Klasszikus vad\u00e1szst\u00edlus\u00fa m\u0171vel\u00far r\u00e9szletei \u00e9s ergonomikus kialak\u00edt\u00e1sa mellett szabad mozg\u00e1st \u00e9s stabil h\u0151\u00e9rzetet biztos\u00edt hosszabb kint tart\u00f3zkod\u00e1skor is.<\/p>","protected":false},"featured_media":20393,"template":"","meta":{"_gspb_post_css":""},"product_brand":[],"product_cat":[2574],"product_tag":[2322,2660],"class_list":{"0":"post-20327","1":"product","2":"type-product","3":"status-publish","4":"has-post-thumbnail","6":"product_cat-bundy-a-svetre","7":"product_tag-deerhunter","8":"product_tag-tatra-active-loden-wood","10":"first","11":"instock","12":"taxable","13":"shipping-taxable","14":"purchasable","15":"product-type-variable","16":"has-default-attributes"},"ct_brands":[],"_links":{"self":[{"href":"https:\/\/zbranebudai.sk\/hu\/wp-json\/wp\/v2\/product\/20327","targetHints":{"allow":["GET"]}}],"collection":[{"href":"https:\/\/zbranebudai.sk\/hu\/wp-json\/wp\/v2\/product"}],"about":[{"href":"https:\/\/zbranebudai.sk\/hu\/wp-json\/wp\/v2\/types\/product"}],"wp:featuredmedia":[{"embeddable":true,"href":"https:\/\/zbranebudai.sk\/hu\/wp-json\/wp\/v2\/media\/20393"}],"wp:attachment":[{"href":"https:\/\/zbranebudai.sk\/hu\/wp-json\/wp\/v2\/media?parent=20327"}],"wp:term":[{"taxonomy":"product_brand","embeddable":true,"href":"https:\/\/zbranebudai.sk\/hu\/wp-json\/wp\/v2\/product_brand?post=20327"},{"taxonomy":"product_cat","embeddable":true,"href":"https:\/\/zbranebudai.sk\/hu\/wp-json\/wp\/v2\/product_cat?post=20327"},{"taxonomy":"product_tag","embeddable":true,"href":"https:\/\/zbranebudai.sk\/hu\/wp-json\/wp\/v2\/product_tag?post=20327"}],"curies":[{"name":"wp","href":"https:\/\/api.w.org\/{rel}","templated":true}]}}