{"id":20326,"date":"2026-02-09T19:16:56","date_gmt":"2026-02-09T17:16:56","guid":{"rendered":"https:\/\/zbranebudai.sk\/?post_type=product&#038;p=20326"},"modified":"2026-02-10T13:21:52","modified_gmt":"2026-02-10T11:21:52","slug":"deerhunter-lady-ann-extreme-palm-green-noi-kabat","status":"publish","type":"product","link":"https:\/\/zbranebudai.sk\/hu\/product\/deerhunter-lady-ann-extreme-palm-green-damska-bunda\/","title":{"rendered":"Deerhunter Lady Ann Extreme - Palm Green n\u0151i kab\u00e1t"},"content":{"rendered":"<p>Egyetlen nadr\u00e1g sem teljes min\u0151s\u00e9gi kab\u00e1t n\u00e9lk\u00fcl. <strong>Deerhunter Lady Ann Extreme - Palm Green n\u0151i kab\u00e1t<\/strong> sz\u00e9ls\u0151s\u00e9ges \u00e9s ig\u00e9nyes vad\u00e1szati k\u00f6r\u00fclm\u00e9nyekre tervezett kab\u00e1t. Kiv\u00e1l\u00f3 min\u0151s\u00e9g\u0171 100% poliamidb\u00f3l k\u00e9sz\u00fclt, amely korl\u00e1tlan mozg\u00e1sszabads\u00e1got biztos\u00edt. Hogy a lehet\u0151 legk\u00e9nyelmesebben \u00e9rezze mag\u00e1t b\u00e1rmilyen terepen, a k\u00f6ny\u00f6kr\u00e9szek el\u0151form\u00e1zottak, ami azt jelenti, hogy minden mozdulata a szok\u00e1sosn\u00e1l szabadabb \u00e9s term\u00e9szetesebb lesz, mindenf\u00e9le gond n\u00e9lk\u00fcl. Az \u00e1ll\u00edthat\u00f3 szeg\u00e9ly lehet\u0151v\u00e9 teszi, hogy a kab\u00e1tot a saj\u00e1t \u00edzl\u00e9sedre szabd. Rengeteg t\u00e1gas, min\u0151s\u00e9gi cipz\u00e1rral vagy f\u00fcles zseb biztos\u00edtja, hogy mindig k\u00e9zn\u00e9l legyenek a sz\u00fcks\u00e9ges vad\u00e1szkell\u00e9kek. A dzseki az Eg\u00e9szs\u00e9g\u00fcgyi Vil\u00e1gszervezet OEKO-TEX tan\u00fas\u00edtv\u00e1nnyal rendelkezik, mint k\u00e1ros anyagokat nem tartalmaz\u00f3 dzseki.<\/p>\n<h2>Term\u00e9kle\u00edr\u00e1s<\/h2>\n<ul>\n<li><strong>Sz\u00edn:<\/strong> 389 - P\u00e1lma z\u00f6ld<\/li>\n<li><strong>Anyag:<\/strong> 100 % poliamid<\/li>\n<li><strong>Kontrasztos anyag:<\/strong> 54 % poliamid \/ 39 % poli\u00e9szter \/ 7 % elaszt\u00e1n<\/li>\n<li><strong>El\u0151re form\u00e1zott k\u00f6ny\u00f6k\u00f6k:<\/strong> Igen<\/li>\n<li><strong>Zsebek sz\u00e1ma:<\/strong> 5<\/li>\n<li><strong>Cipz\u00e1ras z\u00e1r\u00f3d\u00e1s:<\/strong> k\u00e9tdimenzi\u00f3s<\/li>\n<li><strong>Aj\u00e1nlott mos\u00e1s:<\/strong> ne haszn\u00e1ljon l\u00e1gy\u00edt\u00f3t, bel\u00fclr\u0151l kiford\u00edtva mossa, m\u00e1s szennyest\u0151l elk\u00fcl\u00f6n\u00edtve mossa.<\/li>\n<\/ul>\n<p><strong>OEKO-TEX<\/strong> - a term\u00e9k k\u00e1ros anyagokt\u00f3l val\u00f3 mentess\u00e9g\u00e9nek tan\u00fas\u00edt\u00e1sa. Az OEKO-TEX a vil\u00e1g vezet\u0151 eg\u00e9szs\u00e9g\u00fcgyi tan\u00fas\u00edt\u00e1sa minden textilterm\u00e9kre.<\/p>\n<h2>Term\u00e9k param\u00e9terek<\/h2>\n<ul>\n<li>Ellen\u00e1ll a v\u00edznek \u00e9s a t\u00fcsk\u00e9knek<\/li>\n<li>El\u0151re form\u00e1zott t\u00e9rdek<\/li>\n<li>5 zseb az \u00f6sszes vad\u00e1szati tartoz\u00e9k sz\u00e1m\u00e1ra<\/li>\n<li>Egyedi st\u00edlus \u00e9s funkcionalit\u00e1s<\/li>\n<\/ul>","protected":false},"excerpt":{"rendered":"<p>A Deerhunter Lady Ann Extreme Palm Green n\u0151i kab\u00e1t extr\u00e9m \u00e9s neh\u00e9z vad\u00e1szati k\u00f6r\u00fclm\u00e9nyekhez k\u00e9sz\u00fclt, strapab\u00edr\u00f3, v\u00edznek \u00e9s t\u00f6visnek ellen\u00e1ll\u00f3 anyagb\u00f3l, amely korl\u00e1tlan mozg\u00e1sszabads\u00e1got ad. El\u0151re form\u00e1lt k\u00f6ny\u00f6kei, az \u00e1ll\u00edthat\u00f3 als\u00f3 szeg\u00e9ly \u00e9s az 5 t\u00e1gas zseb praktikus, funkcion\u00e1lis v\u00e1laszt\u00e1ss\u00e1 teszik minden vad\u00e1szn\u0151 sz\u00e1m\u00e1ra.<\/p>","protected":false},"featured_media":20387,"template":"","meta":{"_gspb_post_css":""},"product_brand":[],"product_cat":[2574],"product_tag":[2322,2659],"class_list":{"0":"post-20326","1":"product","2":"type-product","3":"status-publish","4":"has-post-thumbnail","6":"product_cat-bundy-a-svetre","7":"product_tag-deerhunter","8":"product_tag-lady-ann-extreme","10":"first","11":"instock","12":"taxable","13":"shipping-taxable","14":"purchasable","15":"product-type-variable"},"ct_brands":[],"_links":{"self":[{"href":"https:\/\/zbranebudai.sk\/hu\/wp-json\/wp\/v2\/product\/20326","targetHints":{"allow":["GET"]}}],"collection":[{"href":"https:\/\/zbranebudai.sk\/hu\/wp-json\/wp\/v2\/product"}],"about":[{"href":"https:\/\/zbranebudai.sk\/hu\/wp-json\/wp\/v2\/types\/product"}],"wp:featuredmedia":[{"embeddable":true,"href":"https:\/\/zbranebudai.sk\/hu\/wp-json\/wp\/v2\/media\/20387"}],"wp:attachment":[{"href":"https:\/\/zbranebudai.sk\/hu\/wp-json\/wp\/v2\/media?parent=20326"}],"wp:term":[{"taxonomy":"product_brand","embeddable":true,"href":"https:\/\/zbranebudai.sk\/hu\/wp-json\/wp\/v2\/product_brand?post=20326"},{"taxonomy":"product_cat","embeddable":true,"href":"https:\/\/zbranebudai.sk\/hu\/wp-json\/wp\/v2\/product_cat?post=20326"},{"taxonomy":"product_tag","embeddable":true,"href":"https:\/\/zbranebudai.sk\/hu\/wp-json\/wp\/v2\/product_tag?post=20326"}],"curies":[{"name":"wp","href":"https:\/\/api.w.org\/{rel}","templated":true}]}}