{"id":20324,"date":"2026-02-09T19:16:56","date_gmt":"2026-02-09T17:16:56","guid":{"rendered":"https:\/\/zbranebudai.sk\/?post_type=product&#038;p=20324"},"modified":"2026-02-10T13:28:23","modified_gmt":"2026-02-10T11:28:23","slug":"deerhunter-norden-szigetelt-piros-ferfi-kapucnis-pulover","status":"publish","type":"product","link":"https:\/\/zbranebudai.sk\/hu\/product\/deerhunter-norden-insulated-red-panska-mikina\/","title":{"rendered":"Deerhunter Norden Insulated Red f\u00e9rfi pul\u00f3ver"},"content":{"rendered":"<p><strong>Deerhunter Norden Insulated Red f\u00e9rfi pul\u00f3ver<\/strong> gy\u00f6ny\u00f6r\u0171 gyapj\u00fakab\u00e1tja puha \u00e9s meleg, ugyanakkor st\u00edlusos kialak\u00edt\u00e1s\u00fa. Barna, z\u00f6ld \u00e9s piros sz\u00ednben kaphat\u00f3, ez a kab\u00e1t biztosan megragadja a tekinteteket. Ez a kab\u00e1t t\u00f6k\u00e9letes ny\u00e1ri est\u00e9kre, miut\u00e1n a nap lemegy, kora \u0151szi napokra vagy fagyos t\u00e9li napokra, amikor egy kis szigetel\u00e9sre van sz\u00fcks\u00e9ge a t\u00e9likab\u00e1t alatt.<\/p>\n<h2>Term\u00e9kle\u00edr\u00e1s<\/h2>\n<ul>\n<li><strong>M\u00e9retek:<\/strong> S-3XL<\/li>\n<li><strong>Sz\u00edn:<\/strong> 456 - V\u00f6r\u00f6s melange<\/li>\n<li><strong>A k\u00fcls\u0151 r\u00e9teg \u00f6sszet\u00e9tele:<\/strong> 88 % poli\u00e9szter \/ 12 % elaszt\u00e1n<\/li>\n<\/ul>\n<h2>Term\u00e9k param\u00e9terek<\/h2>\n<ul>\n<li>Puha \u00e9s meleg anyag<\/li>\n<li>Ide\u00e1lis alapr\u00e9tegk\u00e9nt<\/li>\n<li>Kiv\u00e1l\u00f3 h\u0151szigetel\u00e9s<\/li>\n<\/ul>","protected":false},"excerpt":{"rendered":"<p>A Deerhunter Norden Red Melange gyapj\u00fakab\u00e1t puha, meleg \u00e9s rugalmas anyag\u00e1val k\u00e9nyelmes viselet ny\u00e1ri est\u00e9khez, kora \u0151szi napokhoz \u00e9s fagyos t\u00e9li id\u0151ben is. Ide\u00e1lis als\u00f3 r\u00e9tegk\u00e9nt a t\u00e9li kab\u00e1t al\u00e1, amikor extra h\u0151szigetel\u00e9sre van sz\u00fcks\u00e9ged.<\/p>","protected":false},"featured_media":20383,"template":"","meta":{"_gspb_post_css":""},"product_brand":[],"product_cat":[2574],"product_tag":[2322,2563],"class_list":{"0":"post-20324","1":"product","2":"type-product","3":"status-publish","4":"has-post-thumbnail","6":"product_cat-bundy-a-svetre","7":"product_tag-deerhunter","8":"product_tag-norden-insulated","10":"first","11":"instock","12":"taxable","13":"shipping-taxable","14":"purchasable","15":"product-type-variable","16":"has-default-attributes"},"ct_brands":[],"_links":{"self":[{"href":"https:\/\/zbranebudai.sk\/hu\/wp-json\/wp\/v2\/product\/20324","targetHints":{"allow":["GET"]}}],"collection":[{"href":"https:\/\/zbranebudai.sk\/hu\/wp-json\/wp\/v2\/product"}],"about":[{"href":"https:\/\/zbranebudai.sk\/hu\/wp-json\/wp\/v2\/types\/product"}],"wp:featuredmedia":[{"embeddable":true,"href":"https:\/\/zbranebudai.sk\/hu\/wp-json\/wp\/v2\/media\/20383"}],"wp:attachment":[{"href":"https:\/\/zbranebudai.sk\/hu\/wp-json\/wp\/v2\/media?parent=20324"}],"wp:term":[{"taxonomy":"product_brand","embeddable":true,"href":"https:\/\/zbranebudai.sk\/hu\/wp-json\/wp\/v2\/product_brand?post=20324"},{"taxonomy":"product_cat","embeddable":true,"href":"https:\/\/zbranebudai.sk\/hu\/wp-json\/wp\/v2\/product_cat?post=20324"},{"taxonomy":"product_tag","embeddable":true,"href":"https:\/\/zbranebudai.sk\/hu\/wp-json\/wp\/v2\/product_tag?post=20324"}],"curies":[{"name":"wp","href":"https:\/\/api.w.org\/{rel}","templated":true}]}}