{"id":20322,"date":"2026-02-09T19:16:55","date_gmt":"2026-02-09T17:16:55","guid":{"rendered":"https:\/\/zbranebudai.sk\/?post_type=product&#038;p=20322"},"modified":"2026-02-10T13:25:15","modified_gmt":"2026-02-10T11:25:15","slug":"deerhunter-explore-realtree-adapt-realtree-edge-narancs-ferfi-kabat","status":"publish","type":"product","link":"https:\/\/zbranebudai.sk\/hu\/product\/deerhunter-explore-realtree-adapt-realtree-edge-orange-panska-bunda\/","title":{"rendered":"Deerhunter Explore Realtree Adapt Realtree Edge Orange f\u00e9rfi kab\u00e1t"},"content":{"rendered":"<p><strong>Deerhunter Explore Realtree Adapt Realtree Edge Orange f\u00e9rfi kab\u00e1t<\/strong> a t\u00f6k\u00e9letes \u00f6lt\u00f6z\u00e9k minden tavaszi \u00e9s ny\u00e1ri vad\u00e1szathoz. Min\u0151s\u00e9gi anyagb\u00f3l k\u00e9sz\u00fclt, amely csendes \u00e9s ellen\u00e1ll minden id\u0151j\u00e1r\u00e1si k\u00f6r\u00fclm\u00e9nynek. A dzseki kialak\u00edt\u00e1s\u00e1t a 4 ir\u00e1nyban sztreccs anyag eg\u00e9sz\u00edti ki, \u00edgy maxim\u00e1lis rugalmass\u00e1got \u00e9s szabads\u00e1got biztos\u00edt minden mozdulatn\u00e1l. A Deer-Tex Performance membr\u00e1nos h\u00e9j st\u00edlusos \u00e9s megb\u00edzhat\u00f3 v\u00e9delmet ny\u00fajt mind neked, mind a kab\u00e1tnak.<\/p>\n<h2>Term\u00e9kle\u00edr\u00e1s<\/h2>\n<ul>\n<li><strong>Sz\u00edn:<\/strong> 73 - Realtree Edge narancss\u00e1rga<\/li>\n<li><strong>K\u00fcls\u0151 anyag:<\/strong> 100 % poli\u00e9szter<\/li>\n<li><strong>Kontrasztos anyag:<\/strong> 100 % poli\u00e9szter<\/li>\n<li><strong>B\u00e9l\u00e9s:<\/strong> 100 % poli\u00e9szter<\/li>\n<li><strong>Aj\u00e1nlott mos\u00e1s:<\/strong> ne haszn\u00e1ljon l\u00e1gy\u00edt\u00f3t, bel\u00fclr\u0151l kiford\u00edtva mossa, hasonl\u00f3 sz\u00ednekkel mossa.<\/li>\n<li><strong>V\u00edz\u00e1ll\u00f3s\u00e1g:<\/strong> 100 %<\/li>\n<\/ul>\n<h2>Term\u00e9k param\u00e9terek<\/h2>\n<ul>\n<li>Sz\u00e9l\u00e1ll\u00f3s\u00e1g<\/li>\n<li>V\u00edz\u00e1ll\u00f3s\u00e1g<\/li>\n<li>L\u00e9g\u00e1tereszt\u0151 k\u00e9pess\u00e9g<\/li>\n<li>Csendes anyag<\/li>\n<li>Rugalmass\u00e1g<\/li>\n<li>Ragasztott varratok<\/li>\n<li>V\u00edz\u00e1ll\u00f3 \u00e9s l\u00e9g\u00e1tereszt\u0151 - 5000\/3000<\/li>\n<\/ul>","protected":false},"excerpt":{"rendered":"<p>A Deerhunter Explore Realtree Adapt Realtree Edge Orange f\u00e9rfi kab\u00e1t csendes, 100%-ban sz\u00e9l- \u00e9s v\u00edz\u00e1ll\u00f3 vad\u00e1szkab\u00e1t, amely ide\u00e1lis tavaszi \u00e9s ny\u00e1ri vad\u00e1szatokra. A 4 ir\u00e1nyban rugalmas sztreccs anyag \u00e9s a Deer-Tex Performance membr\u00e1n maxim\u00e1lis mozg\u00e1sszabads\u00e1got \u00e9s megb\u00edzhat\u00f3 v\u00e9delmet ad v\u00e1ltoz\u00e9kony id\u0151ben.<\/p>","protected":false},"featured_media":20378,"template":"","meta":{"_gspb_post_css":""},"product_brand":[],"product_cat":[2574],"product_tag":[2322,2658],"class_list":{"0":"post-20322","1":"product","2":"type-product","3":"status-publish","4":"has-post-thumbnail","6":"product_cat-bundy-a-svetre","7":"product_tag-deerhunter","8":"product_tag-explore-realtree-adapt","10":"first","11":"instock","12":"taxable","13":"shipping-taxable","14":"purchasable","15":"product-type-variable","16":"has-default-attributes"},"ct_brands":[],"_links":{"self":[{"href":"https:\/\/zbranebudai.sk\/hu\/wp-json\/wp\/v2\/product\/20322","targetHints":{"allow":["GET"]}}],"collection":[{"href":"https:\/\/zbranebudai.sk\/hu\/wp-json\/wp\/v2\/product"}],"about":[{"href":"https:\/\/zbranebudai.sk\/hu\/wp-json\/wp\/v2\/types\/product"}],"wp:featuredmedia":[{"embeddable":true,"href":"https:\/\/zbranebudai.sk\/hu\/wp-json\/wp\/v2\/media\/20378"}],"wp:attachment":[{"href":"https:\/\/zbranebudai.sk\/hu\/wp-json\/wp\/v2\/media?parent=20322"}],"wp:term":[{"taxonomy":"product_brand","embeddable":true,"href":"https:\/\/zbranebudai.sk\/hu\/wp-json\/wp\/v2\/product_brand?post=20322"},{"taxonomy":"product_cat","embeddable":true,"href":"https:\/\/zbranebudai.sk\/hu\/wp-json\/wp\/v2\/product_cat?post=20322"},{"taxonomy":"product_tag","embeddable":true,"href":"https:\/\/zbranebudai.sk\/hu\/wp-json\/wp\/v2\/product_tag?post=20322"}],"curies":[{"name":"wp","href":"https:\/\/api.w.org\/{rel}","templated":true}]}}