{"id":20321,"date":"2026-02-09T19:16:55","date_gmt":"2026-02-09T17:16:55","guid":{"rendered":"https:\/\/zbranebudai.sk\/?post_type=product&#038;p=20321"},"modified":"2026-02-10T13:23:59","modified_gmt":"2026-02-10T11:23:59","slug":"deerhunter-sarek-kotott-butternut-melange-ferfi-pulcsi","status":"publish","type":"product","link":"https:\/\/zbranebudai.sk\/hu\/product\/deerhunter-sarek-knitted-butternut-melange-pansky-sveter\/","title":{"rendered":"Deerhunter Sarek Knitted - Butternut Melange f\u00e9rfi pul\u00f3ver"},"content":{"rendered":"<p><strong>Deerhunter Sarek Knitted - Butternut Melange f\u00e9rfi pul\u00f3ver<\/strong> ide\u00e1lis a f\u00e9rfiak sz\u00e1m\u00e1ra a tavaszi \u00e9s ny\u00e1ri h\u00f3napokban. Kiv\u00e1l\u00f3 min\u0151s\u00e9g\u0171, modern \u00e9s rugalmas anyagb\u00f3l k\u00e9sz\u00fclt, OEKO-TEX tan\u00fas\u00edtv\u00e1nnyal v\u00e9dett, ami azt jelenti, hogy k\u00e1ros anyagok n\u00e9lk\u00fcl k\u00e9sz\u00fclt. A kapucnis pul\u00f3ver 3 t\u00e1gas zsebbel rendelkezik a vad\u00e1szfelszerel\u00e9s vagy egy\u00e9b \u00e9rt\u00e9kt\u00e1rgyak t\u00e1rol\u00e1s\u00e1ra. A kapucnis pul\u00f3ver viselhet\u0151 vad\u00e1szathoz, munk\u00e1hoz \u00e9s szabadid\u0151s kir\u00e1ndul\u00e1sokhoz a bar\u00e1tokkal vagy a csal\u00e1ddal. J\u00f3l kombin\u00e1lhat\u00f3 farmerrel.<\/p>\n<h2>Term\u00e9kle\u00edr\u00e1s<\/h2>\n<ul>\n<li><strong>Sz\u00edn:<\/strong> 351 - Butternut Melange<\/li>\n<li><strong>Anyag:<\/strong> 100 % poli\u00e9szter<\/li>\n<li><strong>Zsebek sz\u00e1ma:<\/strong> 3<\/li>\n<li><strong>Tan\u00fas\u00edtv\u00e1ny:<\/strong> OEKO-TEX<\/li>\n<li><strong>Aj\u00e1nlott mos\u00e1s:<\/strong> ne haszn\u00e1ljon l\u00e1gy\u00edt\u00f3t, hasonl\u00f3 sz\u00ednekkel mossa ki.<\/li>\n<\/ul>\n<p><strong>OEKO-TEX<\/strong> - a k\u00e1ros anyagokt\u00f3l mentes term\u00e9kek tan\u00fas\u00edt\u00e1sa. Az OEKO-TEX a vil\u00e1g vezet\u0151 eg\u00e9szs\u00e9g\u00fcgyi tan\u00fas\u00edt\u00e1sa minden textilterm\u00e9kre.<\/p>\n<h2>Term\u00e9k param\u00e9terek<\/h2>\n<ul>\n<li>Rendk\u00edv\u00fcl puha \u00e9s k\u00e9nyelmes<\/li>\n<li>Modern \u00e9s rugalmas anyagb\u00f3l k\u00e9sz\u00fclt<\/li>\n<li>3 t\u00e1gas zseb<\/li>\n<li>Ide\u00e1lis fels\u0151 r\u00e9teg tavasszal \u00e9s ny\u00e1ron<\/li>\n<\/ul>","protected":false},"excerpt":{"rendered":"<p>A Deerhunter Sarek Knitted Butternut Melange f\u00e9rfi pul\u00f3ver rendk\u00edv\u00fcl puha, rugalmas, OEKO-TEX tan\u00fas\u00edtv\u00e1nnyal k\u00e9sz\u00fclt fels\u0151 r\u00e9teg, ide\u00e1lis a tavaszi \u00e9s ny\u00e1ri h\u00f3napokban vad\u00e1szathoz, munk\u00e1hoz \u00e9s kir\u00e1ndul\u00e1shoz. H\u00e1rom t\u00e1gas zseb\u00e9ben k\u00e9nyelmesen elf\u00e9rnek a fontos felszerel\u00e9sek, mik\u00f6zben j\u00f3l mutat farmerrel is.<\/p>","protected":false},"featured_media":20374,"template":"","meta":{"_gspb_post_css":""},"product_brand":[],"product_cat":[2574],"product_tag":[2322,2555],"class_list":{"0":"post-20321","1":"product","2":"type-product","3":"status-publish","4":"has-post-thumbnail","6":"product_cat-bundy-a-svetre","7":"product_tag-deerhunter","8":"product_tag-sarek-knitted","10":"first","11":"instock","12":"taxable","13":"shipping-taxable","14":"purchasable","15":"product-type-variable","16":"has-default-attributes"},"ct_brands":[],"_links":{"self":[{"href":"https:\/\/zbranebudai.sk\/hu\/wp-json\/wp\/v2\/product\/20321","targetHints":{"allow":["GET"]}}],"collection":[{"href":"https:\/\/zbranebudai.sk\/hu\/wp-json\/wp\/v2\/product"}],"about":[{"href":"https:\/\/zbranebudai.sk\/hu\/wp-json\/wp\/v2\/types\/product"}],"wp:featuredmedia":[{"embeddable":true,"href":"https:\/\/zbranebudai.sk\/hu\/wp-json\/wp\/v2\/media\/20374"}],"wp:attachment":[{"href":"https:\/\/zbranebudai.sk\/hu\/wp-json\/wp\/v2\/media?parent=20321"}],"wp:term":[{"taxonomy":"product_brand","embeddable":true,"href":"https:\/\/zbranebudai.sk\/hu\/wp-json\/wp\/v2\/product_brand?post=20321"},{"taxonomy":"product_cat","embeddable":true,"href":"https:\/\/zbranebudai.sk\/hu\/wp-json\/wp\/v2\/product_cat?post=20321"},{"taxonomy":"product_tag","embeddable":true,"href":"https:\/\/zbranebudai.sk\/hu\/wp-json\/wp\/v2\/product_tag?post=20321"}],"curies":[{"name":"wp","href":"https:\/\/api.w.org\/{rel}","templated":true}]}}