{"id":20316,"date":"2026-02-09T19:16:04","date_gmt":"2026-02-09T17:16:04","guid":{"rendered":"https:\/\/zbranebudai.sk\/?post_type=product&#038;p=20316"},"modified":"2026-02-10T13:39:52","modified_gmt":"2026-02-10T11:39:52","slug":"deerhunter-chasse-olive-night-melange-gyermek-kabat","status":"publish","type":"product","link":"https:\/\/zbranebudai.sk\/hu\/product\/deerhunter-chasse-olive-night-melange-detska-bunda\/","title":{"rendered":"Deerhunter Chasse \u2013 Olive Night Melange gyermek kab\u00e1t"},"content":{"rendered":"<p><strong>Deerhunter Chasse \u2013 Olive Night Melange gyermek kab\u00e1t<\/strong> a Chasse csal\u00e1d egyed\u00fcl\u00e1ll\u00f3 kollekci\u00f3j\u00e1nak l\u00e9trehoz\u00e1s\u00e1ra k\u00e9sz\u00fclt. A kab\u00e1t maxim\u00e1lis tart\u00f3ss\u00e1got, rengeteg zsebet, min\u0151s\u00e9gi innov\u00e1ci\u00f3t \u00e9s k\u00e9nyelmet k\u00edn\u00e1l. Sokoldal\u00fa kab\u00e1t levehet\u0151 kapucnival \u00e9s a szabadabb mozg\u00e1s \u00e9rdek\u00e9ben el\u0151form\u00e1zott k\u00f6ny\u00f6kkel. A kab\u00e1t sz\u00e9lesk\u00f6r\u0171en felhaszn\u00e1lhat\u00f3, \u00e9s gyakorlatilag b\u00e1rmilyen id\u0151j\u00e1r\u00e1si viszonyokhoz alkalmas. A v\u00edz\u00e1ll\u00f3 membr\u00e1nnak k\u00f6sz\u00f6nhet\u0151en v\u00e9d az es\u0151 \u00e9s a h\u00f3 ellen. Emellett rendk\u00edv\u00fcl l\u00e9g\u00e1tereszt\u0151 \u00e9s sz\u00e9l\u00e1ll\u00f3. Ez a kab\u00e1t minden szabadt\u00e9ri \u00e9lm\u00e9nyt m\u00e9g egyedibb\u00e9 tesz.<\/p>\n<h2>Term\u00e9kle\u00edr\u00e1s<\/h2>\n<ul>\n<li><strong>Sz\u00edn:<\/strong> 365 - Olive Night Melange<\/li>\n<li><strong>M\u00e9retek:<\/strong> 116\/128\/140\/152\/164<\/li>\n<li><strong>K\u00fcls\u0151 anyag:<\/strong> 100 % poli\u00e9szter<\/li>\n<li><strong>Kontrasztos anyag:<\/strong> 100 % poli\u00e9szter<\/li>\n<li><strong>B\u00e9l\u00e9s:<\/strong> 100 % poli\u00e9szter<\/li>\n<li><strong>Aj\u00e1nlott mos\u00e1s:<\/strong> ne haszn\u00e1ljon l\u00e1gy\u00edt\u00f3t, bel\u00fclr\u0151l kiford\u00edtva mossa, hasonl\u00f3 sz\u00ednekkel mossa.<\/li>\n<li><strong>Membr\u00e1n:<\/strong> DEER-TEX<\/li>\n<li><strong>V\u00edz\u00e1ll\u00f3s\u00e1g:<\/strong> 100 %<\/li>\n<\/ul>\n<p><strong>DEER-TEX membr\u00e1n<\/strong> - ez egy lamin\u00e1lt k\u00fcls\u0151 anyag, amely minden varr\u00e1sn\u00e1l ragaszt\u00e1ssal van ell\u00e1tva. 100 % v\u00edz\u00e1ll\u00f3. Ez egy rendk\u00edv\u00fcl k\u00f6nny\u0171 membr\u00e1n, amelyet a technikaiasabb Deerhunter term\u00e9kekben, p\u00e9ld\u00e1ul a Chasse term\u00e9kcsal\u00e1dban haszn\u00e1lnak.<\/p>\n<h2>Term\u00e9k param\u00e9terek<\/h2>\n<ul>\n<li>El\u0151re form\u00e1zott k\u00f6ny\u00f6k\u00f6k<\/li>\n<li>Levehet\u0151 kapucni<\/li>\n<li>\u00c1ll\u00edthat\u00f3 als\u00f3 h\u00faz\u00f3zsin\u00f3r<\/li>\n<li>Rugalmas<\/li>\n<li>L\u00e9legz\u0151k\u00e9pess\u00e9g<\/li>\n<li>Sz\u00e9l\u00e1ll\u00f3s\u00e1g<\/li>\n<li>100 % v\u00edz\u00e1ll\u00f3s\u00e1g<\/li>\n<\/ul>","protected":false},"excerpt":{"rendered":"<p>A Deerhunter Chasse Olive Night Melange gyermek kab\u00e1t strapab\u00edr\u00f3, 100%-ban v\u00edz- \u00e9s sz\u00e9l\u00e1ll\u00f3, l\u00e9g\u00e1tereszt\u0151 vad\u00e1szkab\u00e1t levehet\u0151 kapucnival, amely szinte b\u00e1rmilyen id\u0151j\u00e1r\u00e1sban megb\u00edzhat\u00f3 v\u00e9delmet ad. El\u0151re form\u00e1lt k\u00f6ny\u00f6kei, \u00e1ll\u00edthat\u00f3 als\u00f3 h\u00faz\u00f3zsin\u00f3rja \u00e9s rugalmas kialak\u00edt\u00e1sa k\u00e9nyelmes, szabad mozg\u00e1st biztos\u00edt minden szabadt\u00e9ri kalandn\u00e1l.<\/p>","protected":false},"featured_media":20372,"template":"","meta":{"_gspb_post_css":""},"product_brand":[],"product_cat":[2574],"product_tag":[2372,2322],"class_list":{"0":"post-20316","1":"product","2":"type-product","3":"status-publish","4":"has-post-thumbnail","6":"product_cat-bundy-a-svetre","7":"product_tag-chasse","8":"product_tag-deerhunter","10":"first","11":"instock","12":"taxable","13":"shipping-taxable","14":"purchasable","15":"product-type-variable","16":"has-default-attributes"},"ct_brands":[],"_links":{"self":[{"href":"https:\/\/zbranebudai.sk\/hu\/wp-json\/wp\/v2\/product\/20316","targetHints":{"allow":["GET"]}}],"collection":[{"href":"https:\/\/zbranebudai.sk\/hu\/wp-json\/wp\/v2\/product"}],"about":[{"href":"https:\/\/zbranebudai.sk\/hu\/wp-json\/wp\/v2\/types\/product"}],"wp:featuredmedia":[{"embeddable":true,"href":"https:\/\/zbranebudai.sk\/hu\/wp-json\/wp\/v2\/media\/20372"}],"wp:attachment":[{"href":"https:\/\/zbranebudai.sk\/hu\/wp-json\/wp\/v2\/media?parent=20316"}],"wp:term":[{"taxonomy":"product_brand","embeddable":true,"href":"https:\/\/zbranebudai.sk\/hu\/wp-json\/wp\/v2\/product_brand?post=20316"},{"taxonomy":"product_cat","embeddable":true,"href":"https:\/\/zbranebudai.sk\/hu\/wp-json\/wp\/v2\/product_cat?post=20316"},{"taxonomy":"product_tag","embeddable":true,"href":"https:\/\/zbranebudai.sk\/hu\/wp-json\/wp\/v2\/product_tag?post=20316"}],"curies":[{"name":"wp","href":"https:\/\/api.w.org\/{rel}","templated":true}]}}