{"id":20314,"date":"2026-02-09T19:16:03","date_gmt":"2026-02-09T17:16:03","guid":{"rendered":"https:\/\/zbranebudai.sk\/?post_type=product&#038;p=20314"},"modified":"2026-02-10T13:36:38","modified_gmt":"2026-02-10T11:36:38","slug":"deerhunter-pro-gamekeeper-turf-ferfi-fel-dzseki","status":"publish","type":"product","link":"https:\/\/zbranebudai.sk\/hu\/product\/deerhunter-pro-gamekeeper-turf-panska-polovnicka-bunda\/","title":{"rendered":"Deerhunter PRO Gamekeeper turf f\u00e9rfi vad\u00e1szkab\u00e1t"},"content":{"rendered":"<p><strong>Deerhunter PRO Gamekeeper turf f\u00e9rfi vad\u00e1szkab\u00e1t<\/strong> rendk\u00edv\u00fcl csendes kab\u00e1t ig\u00e9nyes vad\u00e1szok sz\u00e1m\u00e1ra. A r\u00f6vid kialak\u00edt\u00e1s maxim\u00e1lis mozg\u00e1sszabads\u00e1got biztos\u00edt. A kab\u00e1t ellen\u00e1ll a kedvez\u0151tlen id\u0151j\u00e1r\u00e1si k\u00f6r\u00fclm\u00e9nyeknek \u00e9s a neh\u00e9z terepviszonyoknak. Praktikus tulajdons\u00e1gainak k\u00f6sz\u00f6nhet\u0151en a Pro-Gamekeeper r\u00f6vid dzseki 100% sz\u00ednben v\u00edz- \u00e9s sz\u00e9l\u00e1ll\u00f3, \u00edgy ide\u00e1lis v\u00e1laszt\u00e1s a profi vad\u00e1szok vagy a szabadt\u00e9ri kalandorok sz\u00e1m\u00e1ra. Ez a kab\u00e1t Deer-Tex Performance Shell membr\u00e1nnal rendelkezik, amely biztos\u00edtja a kab\u00e1t v\u00edzhatlans\u00e1g\u00e1t \u00e9s l\u00e9g\u00e1tereszt\u0151 k\u00e9pess\u00e9g\u00e9t. A Deer-Tex Performance membr\u00e1n a fels\u0151r\u00e9sz sz\u00f6vet\u00e9re lamin\u00e1lt membr\u00e1n. Az 100% in 100% sz\u00e9l\u00e1ll\u00f3, v\u00edz\u00e1ll\u00f3 \u00e9s l\u00e9g\u00e1tereszt\u0151. Ez a membr\u00e1n 4 ir\u00e1nyban t\u00e1g\u00edthat\u00f3, \u00edgy t\u00f6k\u00e9letes mozg\u00e1sszabads\u00e1got biztos\u00edt. Ennek a membr\u00e1nnak k\u00f6sz\u00f6nhet\u0151en a kab\u00e1t k\u00f6nnyen tiszt\u00edthat\u00f3.<\/p>\n<h2>Term\u00e9kle\u00edr\u00e1s<\/h2>\n<ul>\n<li><strong>M\u00e9ret:<\/strong> S-3XL<\/li>\n<li><strong>Sz\u00edn:<\/strong> 342 - Gyep<\/li>\n<li><strong>A k\u00fcls\u0151 r\u00e9teg \u00f6sszet\u00e9tele:<\/strong> 100 % poli\u00e9szter<\/li>\n<\/ul>\n<h2>Term\u00e9k param\u00e9terek<\/h2>\n<ul>\n<li>Rendk\u00edv\u00fcl csendes anyag<\/li>\n<li>Deer-Tex membr\u00e1n<\/li>\n<li>V\u00edz\u00e1ll\u00f3 \u00e9s sz\u00e9l\u00e1ll\u00f3<\/li>\n<\/ul>","protected":false},"excerpt":{"rendered":"<p>A Deerhunter PRO Gamekeeper Turf f\u00e9rfi vad\u00e1szkab\u00e1t extra csendes, r\u00f6vid fazon\u00fa dzseki, amely maxim\u00e1lis mozg\u00e1sszabads\u00e1got ad ig\u00e9nyes vad\u00e1szathoz. Deer-Tex Performance Shell membr\u00e1nja 100%-ban sz\u00e9l- \u00e9s v\u00edz\u00e1ll\u00f3, m\u00e9gis l\u00e9g\u00e1tereszt\u0151, \u00edgy tart\u00f3s v\u00e9delmet \u00e9s k\u00e9nyelmet biztos\u00edt rossz id\u0151ben is.<\/p>","protected":false},"featured_media":20365,"template":"","meta":{"_gspb_post_css":""},"product_brand":[],"product_cat":[2574],"product_tag":[2322,2655],"class_list":{"0":"post-20314","1":"product","2":"type-product","3":"status-publish","4":"has-post-thumbnail","6":"product_cat-bundy-a-svetre","7":"product_tag-deerhunter","8":"product_tag-pro-gamekeeper-turf","10":"first","11":"instock","12":"taxable","13":"shipping-taxable","14":"purchasable","15":"product-type-variable","16":"has-default-attributes"},"ct_brands":[],"_links":{"self":[{"href":"https:\/\/zbranebudai.sk\/hu\/wp-json\/wp\/v2\/product\/20314","targetHints":{"allow":["GET"]}}],"collection":[{"href":"https:\/\/zbranebudai.sk\/hu\/wp-json\/wp\/v2\/product"}],"about":[{"href":"https:\/\/zbranebudai.sk\/hu\/wp-json\/wp\/v2\/types\/product"}],"wp:featuredmedia":[{"embeddable":true,"href":"https:\/\/zbranebudai.sk\/hu\/wp-json\/wp\/v2\/media\/20365"}],"wp:attachment":[{"href":"https:\/\/zbranebudai.sk\/hu\/wp-json\/wp\/v2\/media?parent=20314"}],"wp:term":[{"taxonomy":"product_brand","embeddable":true,"href":"https:\/\/zbranebudai.sk\/hu\/wp-json\/wp\/v2\/product_brand?post=20314"},{"taxonomy":"product_cat","embeddable":true,"href":"https:\/\/zbranebudai.sk\/hu\/wp-json\/wp\/v2\/product_cat?post=20314"},{"taxonomy":"product_tag","embeddable":true,"href":"https:\/\/zbranebudai.sk\/hu\/wp-json\/wp\/v2\/product_tag?post=20314"}],"curies":[{"name":"wp","href":"https:\/\/api.w.org\/{rel}","templated":true}]}}