{"id":20313,"date":"2026-02-09T19:16:03","date_gmt":"2026-02-09T17:16:03","guid":{"rendered":"https:\/\/zbranebudai.sk\/?post_type=product&#038;p=20313"},"modified":"2026-02-10T13:34:32","modified_gmt":"2026-02-10T11:34:32","slug":"deerhunter-lady-eagle-teli-tarmac-zold-noi-teli-kabat","status":"publish","type":"product","link":"https:\/\/zbranebudai.sk\/hu\/product\/deerhunter-lady-eagle-winter-tarmac-green-damska-zimna-bunda\/","title":{"rendered":"Deerhunter Lady Eagle Winter Tarmac Green n\u0151i t\u00e9li kab\u00e1t"},"content":{"rendered":"<p><strong>Deerhunter Lady Eagle t\u00e9li tarmac z\u00f6ld dzseki<\/strong> Kifejezetten a modern vad\u00e1szok sz\u00e1m\u00e1ra k\u00e9sz\u00fclt, akik megb\u00edzhat\u00f3 v\u00e9delmet keresnek sz\u00e9ls\u0151s\u00e9ges t\u00e9li k\u00f6r\u00fclm\u00e9nyek k\u00f6z\u00f6tt. A kab\u00e1t kiv\u00e1l\u00f3 szigetel\u00e9st biztos\u00edt, mik\u00f6zben k\u00e9nyelmes \u00e9s tart\u00f3s - ide\u00e1lis vad\u00e1szathoz, t\u00far\u00e1z\u00e1shoz vagy b\u00e1rmilyen szabadt\u00e9ri tev\u00e9kenys\u00e9ghez hideg id\u0151ben. A Deer-Tex\u00ae Performance Shell membr\u00e1nnal ell\u00e1tott k\u00fcls\u0151 r\u00e9teg sz\u00e9l- \u00e9s v\u00edz\u00e1ll\u00f3, \u00e9s maxim\u00e1lis v\u00e9delmet ny\u00fajt a hideg, az es\u0151 \u00e9s a h\u00f3 ellen. A kiv\u00e1l\u00f3 min\u0151s\u00e9g\u0171 szigetel\u00e9s m\u00e9g sz\u00e9ls\u0151s\u00e9ges h\u0151m\u00e9rs\u00e9kleten is melegen tart. Az ergonomikus szab\u00e1s \u00e9s az elasztikus bet\u00e9tek mozg\u00e1sszabads\u00e1got biztos\u00edtanak, m\u00edg az \u00e1ll\u00edthat\u00f3 mandzsett\u00e1k, a szeg\u00e9ly \u00e9s a kapucni tov\u00e1bbi k\u00e9nyelmet \u00e9s illeszked\u00e9st biztos\u00edtanak. A cipz\u00e1ras zsebek ide\u00e1lisak kisebb t\u00e1rgyak t\u00e1rol\u00e1s\u00e1ra vagy a kezek melegen tart\u00e1s\u00e1ra. Az \u00e1lc\u00e1zott kialak\u00edt\u00e1s extra el\u0151nyt biztos\u00edt a term\u00e9szetbe val\u00f3 beolvad\u00e1s sor\u00e1n.<\/p>\n<div>\n<h2>Term\u00e9kle\u00edr\u00e1s<\/h2>\n<\/div>\n<ul>\n<li><strong>Sz\u00edn:<\/strong> 5955-379 - Aszfalt z\u00f6ld<\/li>\n<li><strong>Anyag:<\/strong> 85 % poli\u00e9szter, 15 % poliamid<\/li>\n<li><strong>B\u00e9l\u00e9s:<\/strong> 100 % poli\u00e9szter<\/li>\n<li><strong>Elszigetelts\u00e9g:<\/strong> Deer-Tex\u00ae Temp 100 g\/m\u00b2 \u00e9s 120 g\/m\u00b2<\/li>\n<li><strong>Aj\u00e1nlott mos\u00e1s:<\/strong> 30 \u00b0C-on bel\u00fclr\u0151l kifel\u00e9 ford\u00edtva mossa, ne haszn\u00e1ljon l\u00e1gy\u00edt\u00f3t, ne feh\u00e9r\u00edtse, ne sz\u00e1r\u00edtsa sz\u00e1r\u00edt\u00f3g\u00e9pben, ne vasalja.<\/li>\n<li><strong>Gondoskod\u00e1s:<\/strong> hasonl\u00f3 sz\u00ednekkel moshat\u00f3, l\u00f3g\u00f3sz\u00e1r\u00edt\u00e1ssal, nem tiszt\u00edthat\u00f3 sz\u00e1razon.<\/li>\n<\/ul>\n<h2>Term\u00e9k param\u00e9terek<\/h2>\n<ul>\n<li>Sz\u00e9l\u00e1ll\u00f3 \u00e9s v\u00edz\u00e1ll\u00f3 anyag<\/li>\n<li>Kiv\u00e1l\u00f3 min\u0151s\u00e9g\u0171 h\u0151szigetel\u00e9s<\/li>\n<li>Ergonomikus kialak\u00edt\u00e1s rugalmas bet\u00e9tekkel<\/li>\n<li>\u00c1ll\u00edthat\u00f3 r\u00e9szletek<\/li>\n<li>Praktikus cipz\u00e1ras zsebek<\/li>\n<\/ul>","protected":false},"excerpt":{"rendered":"<p>A Deerhunter Lady Eagle Winter Tarmac Green n\u0151i t\u00e9li kab\u00e1t sz\u00e9l- \u00e9s v\u00edz\u00e1ll\u00f3 Deer-Tex\u00ae Performance Shell membr\u00e1nj\u00e1val \u00e9s Deer-Tex\u00ae Temp szigetel\u00e9s\u00e9vel extr\u00e9m t\u00e9li k\u00f6r\u00fclm\u00e9nyek k\u00f6z\u00f6tt is melegen \u00e9s sz\u00e1razon tart. Ergonomikus szab\u00e1sa, rugalmas bet\u00e9tei, \u00e1ll\u00edthat\u00f3 kapucnija \u00e9s praktikus cipz\u00e1ras zsebei k\u00e9nyelmes, funkcion\u00e1lis v\u00e1laszt\u00e1st adnak vad\u00e1szathoz, t\u00far\u00e1z\u00e1shoz \u00e9s minden t\u00e9li szabadt\u00e9ri programhoz.<\/p>","protected":false},"featured_media":20363,"template":"","meta":{"_gspb_post_css":""},"product_brand":[],"product_cat":[2574],"product_tag":[2322,2654],"class_list":{"0":"post-20313","1":"product","2":"type-product","3":"status-publish","4":"has-post-thumbnail","6":"product_cat-bundy-a-svetre","7":"product_tag-deerhunter","8":"product_tag-lady-eagle-winter-tarmac","10":"first","11":"instock","12":"taxable","13":"shipping-taxable","14":"purchasable","15":"product-type-variable","16":"has-default-attributes"},"ct_brands":[],"_links":{"self":[{"href":"https:\/\/zbranebudai.sk\/hu\/wp-json\/wp\/v2\/product\/20313","targetHints":{"allow":["GET"]}}],"collection":[{"href":"https:\/\/zbranebudai.sk\/hu\/wp-json\/wp\/v2\/product"}],"about":[{"href":"https:\/\/zbranebudai.sk\/hu\/wp-json\/wp\/v2\/types\/product"}],"wp:featuredmedia":[{"embeddable":true,"href":"https:\/\/zbranebudai.sk\/hu\/wp-json\/wp\/v2\/media\/20363"}],"wp:attachment":[{"href":"https:\/\/zbranebudai.sk\/hu\/wp-json\/wp\/v2\/media?parent=20313"}],"wp:term":[{"taxonomy":"product_brand","embeddable":true,"href":"https:\/\/zbranebudai.sk\/hu\/wp-json\/wp\/v2\/product_brand?post=20313"},{"taxonomy":"product_cat","embeddable":true,"href":"https:\/\/zbranebudai.sk\/hu\/wp-json\/wp\/v2\/product_cat?post=20313"},{"taxonomy":"product_tag","embeddable":true,"href":"https:\/\/zbranebudai.sk\/hu\/wp-json\/wp\/v2\/product_tag?post=20313"}],"curies":[{"name":"wp","href":"https:\/\/api.w.org\/{rel}","templated":true}]}}