{"id":20311,"date":"2026-02-09T19:16:03","date_gmt":"2026-02-09T17:16:03","guid":{"rendered":"https:\/\/zbranebudai.sk\/?post_type=product&#038;p=20311"},"modified":"2026-02-10T13:31:23","modified_gmt":"2026-02-10T11:31:23","slug":"deerhunter-mossdale-steppelt-erdo-zold-ferfi-dzseki","status":"publish","type":"product","link":"https:\/\/zbranebudai.sk\/hu\/product\/deerhunter-mossdale-quilted-forest-green-panska-bunda\/","title":{"rendered":"Deerhunter Mossdale Quilted - Forest Green f\u00e9rfi kab\u00e1t"},"content":{"rendered":"<p><strong>Deerhunter Mossdale Quilted - Forest Green f\u00e9rfi kab\u00e1t<\/strong> Kiv\u00e1l\u00f3 min\u0151s\u00e9g\u0171, k\u00f6nny\u0171, st\u00edlusos \u00e9s tart\u00f3s k\u00fcls\u0151 r\u00e9teg, amely m\u00e9g a legrosszabb id\u0151j\u00e1r\u00e1si k\u00f6r\u00fclm\u00e9nyek k\u00f6z\u00f6tt sem hagy cserben. Minden \u00e9vszakban viselhet\u0151. St\u00edlusos megjelen\u00e9s\u00e9nek k\u00f6sz\u00f6nhet\u0151en vad\u00e1szatra, munk\u00e1ba, szabadid\u0151s vagy kalandt\u00far\u00e1kra is viselheti. Steppelt anyag \u00e9s softshell kombin\u00e1ci\u00f3j\u00e1b\u00f3l k\u00e9sz\u00fclt. Ezek \u00fajrahasznos\u00edtott anyagok, amelyek k\u00f6rnyezetbar\u00e1tt\u00e1 teszik a kab\u00e1tot. Nagyon praktikus, amit a sok t\u00e1gas zseb is bizony\u00edt. A kab\u00e1t ujjai mandzsett\u00e1val rendelkeznek, hogy sz\u00fcks\u00e9g szerint be\u00e1ll\u00edthassa \u0151ket. A kab\u00e1t p\u00e1rn\u00e1zott alja biztos\u00edtja, hogy b\u00e1rmilyen testalkathoz alkalmazkodni tudjon. Term\u00e9szetesen van OEKO-TEX tan\u00fas\u00edtv\u00e1ny is, amely meger\u0151s\u00edti, hogy a kab\u00e1t nem tartalmaz k\u00e1ros anyagok nyomait. \u00c9lvezze az \u00faj kalandokat a min\u0151s\u00e9gi Mossdale steppelt kab\u00e1tj\u00e1val.<\/p>\n<h2>Term\u00e9kle\u00edr\u00e1s<\/h2>\n<ul>\n<li><strong>Sz\u00edn:<\/strong> 361 - erd\u0151 z\u00f6ld<\/li>\n<li><strong>Anyag:<\/strong> 100 % poli\u00e9szter (\u00fajrahasznos\u00edtott)<\/li>\n<li><strong>Kontrasztos anyag:<\/strong> 94 % poli\u00e9szter (\u00fajrahasznos\u00edtott), 6 % elaszt\u00e1n<\/li>\n<li><strong>Meger\u0151s\u00edt\u00e9s:<\/strong> 100 % poli\u00e9szter<\/li>\n<li><strong>Zsebek sz\u00e1ma:<\/strong> 5<\/li>\n<li><strong>Tan\u00fas\u00edt\u00e1s:<\/strong> Igen, OEKO-TEX<\/li>\n<li><strong>Aj\u00e1nlott mos\u00e1s:<\/strong> kiford\u00edtva, k\u00fcl\u00f6n mossa, ne haszn\u00e1ljon l\u00e1gy\u00edt\u00f3t.<\/li>\n<\/ul>\n<p><strong>OEKO-TEX<\/strong> - a k\u00e1ros anyagokt\u00f3l mentes term\u00e9kek tan\u00fas\u00edt\u00e1sa. Az OEKO-TEX a vil\u00e1g vezet\u0151 eg\u00e9szs\u00e9g\u00fcgyi tan\u00fas\u00edt\u00e1sa minden textilterm\u00e9kre.<\/p>\n<h2>Term\u00e9k param\u00e9terek<\/h2>\n<ul>\n<li>OEKO-TEX tan\u00fas\u00edt\u00e1s<\/li>\n<li>\u00dajrahasznos\u00edtott anyagokb\u00f3l k\u00e9sz\u00fclt<\/li>\n<li>T\u00f6k\u00e9letes szigetel\u00e9s a hideg ellen<\/li>\n<li>Steppelt sz\u00f6vet \u00e9s softshell kombin\u00e1ci\u00f3ja<\/li>\n<li>Sok t\u00e1gas zseb<\/li>\n<\/ul>","protected":false},"excerpt":{"rendered":"<p>A Deerhunter Mossdale Quilted Forest Green f\u00e9rfi kab\u00e1t k\u00f6nny\u0171, m\u00e9gis j\u00f3l szigetel\u0151 steppelt \u00e9s softshell kombin\u00e1ci\u00f3, amelyet eg\u00e9sz \u00e9vben viselhetsz vad\u00e1szathoz, munk\u00e1ba vagy szabadid\u0151s t\u00far\u00e1kra. \u00dajrahasznos\u00edtott, OEKO-TEX tan\u00fas\u00edtv\u00e1nnyal rendelkez\u0151 anyaga, \u00e1ll\u00edthat\u00f3 mandzsett\u00e1i \u00e9s sok t\u00e1gas zsebe k\u00e9nyelmes, praktikus \u00e9s k\u00f6rnyezetbar\u00e1t v\u00e1laszt\u00e1ss\u00e1 teszik.<\/p>","protected":false},"featured_media":20357,"template":"","meta":{"_gspb_post_css":""},"product_brand":[],"product_cat":[2574],"product_tag":[2322,2652],"class_list":{"0":"post-20311","1":"product","2":"type-product","3":"status-publish","4":"has-post-thumbnail","6":"product_cat-bundy-a-svetre","7":"product_tag-deerhunter","8":"product_tag-mossdale-quilted","10":"first","11":"instock","12":"taxable","13":"shipping-taxable","14":"purchasable","15":"product-type-variable","16":"has-default-attributes"},"ct_brands":[],"_links":{"self":[{"href":"https:\/\/zbranebudai.sk\/hu\/wp-json\/wp\/v2\/product\/20311","targetHints":{"allow":["GET"]}}],"collection":[{"href":"https:\/\/zbranebudai.sk\/hu\/wp-json\/wp\/v2\/product"}],"about":[{"href":"https:\/\/zbranebudai.sk\/hu\/wp-json\/wp\/v2\/types\/product"}],"wp:featuredmedia":[{"embeddable":true,"href":"https:\/\/zbranebudai.sk\/hu\/wp-json\/wp\/v2\/media\/20357"}],"wp:attachment":[{"href":"https:\/\/zbranebudai.sk\/hu\/wp-json\/wp\/v2\/media?parent=20311"}],"wp:term":[{"taxonomy":"product_brand","embeddable":true,"href":"https:\/\/zbranebudai.sk\/hu\/wp-json\/wp\/v2\/product_brand?post=20311"},{"taxonomy":"product_cat","embeddable":true,"href":"https:\/\/zbranebudai.sk\/hu\/wp-json\/wp\/v2\/product_cat?post=20311"},{"taxonomy":"product_tag","embeddable":true,"href":"https:\/\/zbranebudai.sk\/hu\/wp-json\/wp\/v2\/product_tag?post=20311"}],"curies":[{"name":"wp","href":"https:\/\/api.w.org\/{rel}","templated":true}]}}