{"id":20193,"date":"2026-02-09T19:13:44","date_gmt":"2026-02-09T17:13:44","guid":{"rendered":"https:\/\/zbranebudai.sk\/?post_type=product&#038;p=20193"},"modified":"2026-02-10T14:42:36","modified_gmt":"2026-02-10T12:42:36","slug":"deerhunter-lady-raven-noi-teli-kabat","status":"publish","type":"product","link":"https:\/\/zbranebudai.sk\/hu\/product\/deerhunter-lady-raven-damska-zimna-bunda\/","title":{"rendered":"Deerhunter Lady Raven n\u0151i t\u00e9li kab\u00e1t"},"content":{"rendered":"<p><strong>Deerhunter Lady Raven n\u0151i t\u00e9li kab\u00e1t<\/strong> alkalmas \u0151szi \u00e9s t\u00e9li vad\u00e1szatra. A Deerhunter gy\u00e1rt\u00f3 fels\u0151 r\u00e9tege eg\u00e9sz t\u00e9len elegend\u0151 meleget garant\u00e1l. Egyedi csendes anyag \u00e9s kontrasztos sz\u00ednek, amelyek t\u00f6k\u00e9letesen illeszkednek a term\u00e9szetbe.<\/p>\n<p>A Deerhunter vad\u00e1szkab\u00e1t garant\u00e1lja a fantasztikus vad\u00e1sz\u00e9lm\u00e9nyt. A Deer-Tex Performance Shell membr\u00e1n a k\u00fcls\u0151 anyag h\u00e1toldal\u00e1ra van lamin\u00e1lva \u00e9s minden varr\u00e1sn\u00e1l ragasztva, \u00edgy 100% v\u00edz\u00e1ll\u00f3. Ez a membr\u00e1n rendk\u00edv\u00fcl k\u00f6nny\u0171, \u00e9s a Deerhunter technikai term\u00e9keiben haszn\u00e1lj\u00e1k. A Deerhuntern\u00e9l magas k\u00f6vetelm\u00e9nyeket t\u00e1masztunk a vad\u00e1szatban haszn\u00e1lt cipz\u00e1rakkal szemben. Ez\u00e9rt sz\u00e1mos term\u00e9k\u00fcnk YKK cipz\u00e1rakkal van felszerelve - vil\u00e1gh\u00edr\u0171, regisztr\u00e1lt min\u0151s\u00e9g\u0171 cipz\u00e1rakkal. A vad\u00e1szat kem\u00e9nys\u00e9ge extra meger\u0151s\u00edt\u00e9st ig\u00e9nyel. Ez\u00e9rt fejlesztette ki a Deerhunter a \u201eDeer-Dura\u201d meger\u0151s\u00edt\u00e9st, amely m\u00e9g ellen\u00e1ll\u00f3bb\u00e1 teszi a vad\u00e1szruh\u00e1zatot a kop\u00e1snak kitett ter\u00fcleteken, p\u00e9ld\u00e1ul a t\u00e9rdn\u00e9l \u00e9s a k\u00f6ny\u00f6kn\u00e9l.<\/p>\n<h2>Term\u00e9kle\u00edr\u00e1s<\/h2>\n<ul>\n<li><strong>M\u00e9retek:<\/strong> 36-48<\/li>\n<li><strong>Sz\u00edn:<\/strong> 392 - Elwood<\/li>\n<li><strong>A k\u00fcls\u0151 r\u00e9teg \u00f6sszet\u00e9tele:<\/strong> 100 % poli\u00e9szter<\/li>\n<li><strong>Membr\u00e1n:<\/strong> Deer-Tex<\/li>\n<\/ul>\n<h2>Term\u00e9k param\u00e9terek<\/h2>\n<ul>\n<li>Levehet\u0151 kapucni<\/li>\n<li>YKK k\u00e9tir\u00e1ny\u00fa cipz\u00e1r<\/li>\n<li>Ferde GPS zseb rugalmas zsin\u00f3rral az antenna sz\u00e1m\u00e1ra<\/li>\n<li>1 cipz\u00e1ras mellzseb<\/li>\n<li>2 cipz\u00e1ras k\u00e9zmeleg\u00edt\u0151 zseb<\/li>\n<li>Az ide\u00e1lis t\u00e9li kab\u00e1t vad\u00e1szathoz<\/li>\n<li>\u00c1ll\u00edthat\u00f3 \u00f6v h\u00faz\u00f3zsin\u00f3rral a h\u00e1t\u00e1n<\/li>\n<\/ul>","protected":false},"excerpt":{"rendered":"<p>A Deerhunter Lady Raven n\u0151i t\u00e9li kab\u00e1t meleg, csendes \u00e9s 100%-ban v\u00edz\u00e1ll\u00f3 fels\u0151 r\u00e9teg, amely kifejezetten \u0151szi \u00e9s t\u00e9li vad\u00e1szathoz k\u00e9sz\u00fclt. A Deer-Tex Performance Shell membr\u00e1n, a Deer-Dura meger\u0151s\u00edt\u00e9sek \u00e9s a praktikus YKK cipz\u00e1ras zsebek k\u00e9nyelmes, tart\u00f3s \u00e9s funkcion\u00e1lis viseletet adnak a hideg napokra.<\/p>","protected":false},"featured_media":20249,"template":"","meta":{"_gspb_post_css":""},"product_brand":[],"product_cat":[2574],"product_tag":[2322,2639],"class_list":{"0":"post-20193","1":"product","2":"type-product","3":"status-publish","4":"has-post-thumbnail","6":"product_cat-bundy-a-svetre","7":"product_tag-deerhunter","8":"product_tag-lady-raven","10":"first","11":"instock","12":"taxable","13":"shipping-taxable","14":"purchasable","15":"product-type-variable","16":"has-default-attributes"},"ct_brands":[],"_links":{"self":[{"href":"https:\/\/zbranebudai.sk\/hu\/wp-json\/wp\/v2\/product\/20193","targetHints":{"allow":["GET"]}}],"collection":[{"href":"https:\/\/zbranebudai.sk\/hu\/wp-json\/wp\/v2\/product"}],"about":[{"href":"https:\/\/zbranebudai.sk\/hu\/wp-json\/wp\/v2\/types\/product"}],"wp:featuredmedia":[{"embeddable":true,"href":"https:\/\/zbranebudai.sk\/hu\/wp-json\/wp\/v2\/media\/20249"}],"wp:attachment":[{"href":"https:\/\/zbranebudai.sk\/hu\/wp-json\/wp\/v2\/media?parent=20193"}],"wp:term":[{"taxonomy":"product_brand","embeddable":true,"href":"https:\/\/zbranebudai.sk\/hu\/wp-json\/wp\/v2\/product_brand?post=20193"},{"taxonomy":"product_cat","embeddable":true,"href":"https:\/\/zbranebudai.sk\/hu\/wp-json\/wp\/v2\/product_cat?post=20193"},{"taxonomy":"product_tag","embeddable":true,"href":"https:\/\/zbranebudai.sk\/hu\/wp-json\/wp\/v2\/product_tag?post=20193"}],"curies":[{"name":"wp","href":"https:\/\/api.w.org\/{rel}","templated":true}]}}